{"id":9,"date":"2018-01-24T06:44:08","date_gmt":"2018-01-24T06:44:08","guid":{"rendered":"https:\/\/2018.norrkoping.wordcamp.org\/sessions\/"},"modified":"2018-04-22T10:28:44","modified_gmt":"2018-04-22T08:28:44","slug":"sessions","status":"publish","type":"page","link":"https:\/\/norrkoping.wordcamp.org\/2018\/sessions\/","title":{"rendered":"Sessions"},"content":{"rendered":"\n\t<div class=\"wcorg-sessions\">\n\t\t\n\t\t\t<div id=\"wcorg-session-424\" class=\"wcorg-session\" >\n\t\t\t\t<h2>\n\t\t\t\t\tHow a premium plugin cost me \u20ac50K\t\t\t\t<\/h2>\n\n\t\t\t\t<div class=\"wcorg-session-description\">\n\t\t\t\t\t\t\t\t\t\t\t\t\t\t\t\t\t\t\t\t<p>I will be speaking about how important contracts are when working in an Open Source environment.<\/p>\n\n\t\t\t\t\t\t\t\t\t<\/div>\n\t\t\t<\/div>\n\n\t\t\n\t\t\t<div id=\"wcorg-session-382\" class=\"wcorg-session\" >\n\t\t\t\t<h2>\n\t\t\t\t\tWooCommerce at scale &#8211; Hur m\u00e5nga produkter t\u00e5l WordPress?\t\t\t\t<\/h2>\n\n\t\t\t\t<div class=\"wcorg-session-description\">\n\t\t\t\t\t\t\t\t\t\t\t\t\t\t\t\t\t\t\t\t<p>V\u00e4rldens st\u00f6rsta e-handelsplattform WooCommerce driver mer \u00e4n en tredjedel av Sveriges e-shops. Men \u00e4r den \u00e4ven l\u00e4mpad f\u00f6r att driva de st\u00f6rsta e-butiker? Vad h\u00e4nder n\u00e4r man l\u00e4gga in hundratusentals produkter, hur hantera man en meta-tabell med 10 millioner rader, n\u00e4r b\u00f6rjar transients dra ner hastigheten och vad finns det f\u00f6r verktyg som kan hj\u00e4lpa? F\u00f6redraget \u00e5teruppleva en WooCommerce-resa fr\u00e5n 5000 till 500000 produkter, med alla bra och d\u00e5liga beslut och en hel del praktiska tips och l\u00f6sningar.<\/p>\n\n\t\t\t\t\t\t\t\t\t<\/div>\n\t\t\t<\/div>\n\n\t\t\n\t\t\t<div id=\"wcorg-session-516\" class=\"wcorg-session\" >\n\t\t\t\t<h2>\n\t\t\t\t\tAn embedded checkout in your WooCommerce store, is that really what you want?\t\t\t\t<\/h2>\n\n\t\t\t\t<div class=\"wcorg-session-description\">\n\t\t\t\t\t\t\t\t\t\t\t\t\t\t\t\t\t\t\t\t<p>In Sweden, Norway and Finland embedded checkouts like Klarna Checkout, DIBS Easy and Collector Checkout have become very popular. These iframe based checkouts replaces large parts of the default WooCommerce checkout, making it easy for customers to identify themselves and select the desired payment method.<\/p>\n<p>At the same time, custom checkout functionality can be a bit tricky to implement together with an embedded checkout solution.<\/p>\n<p>In this presentation we will have a closer look at the differences between a payment method displayed in the regular WooCommerce checkout and an embedded checkout solution. Is it always okay to implement an embedded checkout or are there situations where a traditional payment method is a better fit for your store.<\/p>\n\n\t\t\t\t\t\t\t\t\t<\/div>\n\t\t\t<\/div>\n\n\t\t\n\t\t\t<div id=\"wcorg-session-420\" class=\"wcorg-session\" >\n\t\t\t\t<h2>\n\t\t\t\t\tThe Perfect Leadstorm\t\t\t\t<\/h2>\n\n\t\t\t\t<div class=\"wcorg-session-description\">\n\t\t\t\t\t\t\t\t\t\t\t\t\t\t\t\t\t\t\t\t<p>In 2017, Savvii has grown significantly in visitor numbers and leads, while maintaining acceptable bounce and conversion rates. Under the name &#8216;The Perfect Leadstorm&#8217; we have executed a number of projects to streamline sales &amp; marketing and to work together as 1 lead machine. What were these projects, what is the benefit for customers have and what can you apply directly?<\/p>\n\n\t\t\t\t\t\t\t\t\t<\/div>\n\t\t\t<\/div>\n\n\t\t\n\t\t\t<div id=\"wcorg-session-580\" class=\"wcorg-session\" >\n\t\t\t\t<h2>\n\t\t\t\t\tHur kommer Gutenberg att forma WordPress fram\u00f6ver? &#8211; Paneldebatt\t\t\t\t<\/h2>\n\n\t\t\t\t<div class=\"wcorg-session-description\">\n\t\t\t\t\t\t\t\t\t\t\t\t\t\t\t\t\t\t\t\t<p>Gutenberg inneb\u00e4r den st\u00f6rsta f\u00f6r\u00e4ndringen i gr\u00e4nssnitt inom WordPress sedan det skapades. Med Gutenberg kommer m\u00e5nga m\u00f6jligheter men \u00e4ven en del risker. I denna paneldebatt kommer vi diskutera f\u00f6r och nackdelarna med Gutenberg, samt hur man ska t\u00e4nka inf\u00f6r, under och efter \u00f6verg\u00e5ngen.<\/p>\n\n\t\t\t\t\t\t\t\t\t<\/div>\n\t\t\t<\/div>\n\n\t\t\n\t\t\t<div id=\"wcorg-session-401\" class=\"wcorg-session\" >\n\t\t\t\t<h2>\n\t\t\t\t\tComposer-baserad WordPressutveckling\t\t\t\t<\/h2>\n\n\t\t\t\t<div class=\"wcorg-session-description\">\n\t\t\t\t\t\t\t\t\t\t\t\t\t\t\t\t\t\t\t\t<p style=\"text-align: right\">Nu l\u00e4mnar vi FTP-leveranser och tar steget mot riktiga webbar med WordPress. Hur kan du komma ig\u00e5ng med composer-baserad WordPress? Jag visar dig f\u00f6ruts\u00e4ttningarna och exempel p\u00e5 hur du kommer ig\u00e5ng idag.<\/p>\n\n\t\t\t\t\t\t\t\t\t<\/div>\n\t\t\t<\/div>\n\n\t\t\n\t\t\t<div id=\"wcorg-session-385\" class=\"wcorg-session\" >\n\t\t\t\t<h2>\n\t\t\t\t\tPeople buy brands &#8211; not products. DEAL WITH IT!\t\t\t\t<\/h2>\n\n\t\t\t\t<div class=\"wcorg-session-description\">\n\t\t\t\t\t\t\t\t\t\t\t\t\t\t\t\t\t\t\t\t<p>Creating a product might be hard and take a lot of time, but without proper marketing strategy and sales it will be even harder to look at it fall to the abyss of other great projects that nobody ever heard of.<br \/>\nTake marketing and sales of your brand seriously BEFORE you start creating it. Examples from Betsson.com, Mr.Green.com, Red Bull, GarageStore and others.<\/p>\n\n\t\t\t\t\t\t\t\t\t<\/div>\n\t\t\t<\/div>\n\n\t\t\n\t\t\t<div id=\"wcorg-session-453\" class=\"wcorg-session\" >\n\t\t\t\t<h2>\n\t\t\t\t\tDe sju riskerna &#8211; som stressar personal, ger missn\u00f6jda kunder och minskar l\u00f6nsamhet i digitala byr\u00e5projekt\t\t\t\t<\/h2>\n\n\t\t\t\t<div class=\"wcorg-session-description\">\n\t\t\t\t\t\t\t\t\t\t\t\t\t\t\t\t\t\t\t\t<p>Vi har m\u00e4rkt att m\u00e5nga byr\u00e5er har utmaningar med spr\u00e4ckta tidsplaner och budgetar, har bristande leveranskvalitet, f\u00e5r missn\u00f6jda kunder eller stressad personal.<\/p>\n<p>Jag kommer g\u00e5 igenom 7 risker kopplat till detta och vad man konkret b\u00f6r g\u00f6ra \u00e5t saken.<\/p>\n\n\t\t\t\t\t\t\t\t\t<\/div>\n\t\t\t<\/div>\n\n\t\t\n\t\t\t<div id=\"wcorg-session-540\" class=\"wcorg-session\" >\n\t\t\t\t<h2>\n\t\t\t\t\tGutenberg with PHP\t\t\t\t<\/h2>\n\n\t\t\t\t<div class=\"wcorg-session-description\">\n\t\t\t\t\t\t\t\t\t\t\t\t\t\t\t\t\t\t\t\t<p>A few tips and tricks on how to make a Gutenberg frontend that sends arguments to the PHP code that is creating the block itself<\/p>\n\n\t\t\t\t\t\t\t\t\t<\/div>\n\t\t\t<\/div>\n\n\t\t\n\t\t\t<div id=\"wcorg-session-411\" class=\"wcorg-session\" >\n\t\t\t\t<h2>\n\t\t\t\t\tStop depending on caching for performance\t\t\t\t<\/h2>\n\n\t\t\t\t<div class=\"wcorg-session-description\">\n\t\t\t\t\t\t\t\t\t\t\t\t\t\t\t\t\t\t\t\t<p>The speed of websites and online stores get more and more focus, and most developers fix performance problems by adding caching or several layers of caching. Caching can give the impression of being the \u201choly grail\u201d for all performance problems.<\/p>\n<p>In this talk, I will go thru the different caching mechanisms in WordPress, how each of them should be used, and last but not least why you should not use caching as a performance enhancement and what you should do in stead.<\/p>\n\n\t\t\t\t\t\t\t\t\t<\/div>\n\t\t\t<\/div>\n\n\t\t\n\t\t\t<div id=\"wcorg-session-373\" class=\"wcorg-session\" >\n\t\t\t\t<h2>\n\t\t\t\t\tWhat WordPress developers can do about climate change\t\t\t\t<\/h2>\n\n\t\t\t\t<div class=\"wcorg-session-description\">\n\t\t\t\t\t\t\t\t\t\t\t\t\t\t\t\t\t\t\t\t<p>The Internet&#8217;s usage of dirty energy is a growing concern. The Internet\u2019s data centres alone may already have the same CO\u2082 footprint as global air travel. For the first time, this year\u2019s Internet Health Report by the Mozilla Foundation has explicitly stated that sustainability should be a bigger priority for the industry.<\/p>\n<p>WordPress is the most widely used CMS on the Internet. As of April 2018, it powers 30.6% of the world\u2019s top 10 million websites. This makes WordPress a concentrated target to promote the greening of the Internet.<\/p>\n<p>In this talk, Jack will discuss the ideas, principles and emerging best practices of sustainable web design, and how they can be applied to WordPress websites.<\/p>\n\n\t\t\t\t\t\t\t\t\t<\/div>\n\t\t\t<\/div>\n\n\t\t\n\t\t\t<div id=\"wcorg-session-436\" class=\"wcorg-session\" >\n\t\t\t\t<h2>\n\t\t\t\t\tHitchhiker&#8217;s Guide to WP CLI\t\t\t\t<\/h2>\n\n\t\t\t\t<div class=\"wcorg-session-description\">\n\t\t\t\t\t\t\t\t\t\t\t\t\t\t\t\t\t\t\t\t<p>WordPress CLI (command-line interface) is a powerful tool in WordPress developer&#8217;s belt. This talk will cover all the basics &#8211; from installing it, through most common tasks (updates, plugin installs, etc.), all the way to spinning up staging environments on demand.<\/p>\n\n\t\t\t\t\t\t\t\t\t<\/div>\n\t\t\t<\/div>\n\n\t\t\n\t\t\t<div id=\"wcorg-session-578\" class=\"wcorg-session\" >\n\t\t\t\t<h2>\n\t\t\t\t\tRecurring Revenue for Agencies\t\t\t\t<\/h2>\n\n\t\t\t\t<div class=\"wcorg-session-description\">\n\t\t\t\t\t\t\t\t\t\t\t\t\t\t\t\t\t\t\t\t<p style=\"font-weight: 400\">If you get paid by the hour, the only way to grow is to ask for a higher hourly rate or to work more hours. What if there is another way? Recurring revenue is the key. I&#8217;ll show you in my talk how recurring revenue can mean growth for both freelancers as agencies.<\/p>\n\n\t\t\t\t\t\t\t\t\t<\/div>\n\t\t\t<\/div>\n\n\t\t\n\t\t\t<div id=\"wcorg-session-377\" class=\"wcorg-session\" >\n\t\t\t\t<h2>\n\t\t\t\t\tHow to accelerate your WordPress performance in 2018\t\t\t\t<\/h2>\n\n\t\t\t\t<div class=\"wcorg-session-description\">\n\t\t\t\t\t\t\t\t\t\t\t\t\t\t\t\t\t\t\t\t<p>Trends, Opportunities, Best Practises, Tips &amp; Tricks for High Performance Sites.<\/p>\n\n\t\t\t\t\t\t\t\t\t<\/div>\n\t\t\t<\/div>\n\n\t\t\n\t\t\t<div id=\"wcorg-session-582\" class=\"wcorg-session\" >\n\t\t\t\t<h2>\n\t\t\t\t\tThe rise of a WooCommerce agency\t\t\t\t<\/h2>\n\n\t\t\t\t<div class=\"wcorg-session-description\">\n\t\t\t\t\t\t\t\t\t\t\t\t\t\t\t\t\t\t\t\t<p>What to expect when your freelance endeavor turns in to a fully fledged agency, and hints on how to handle it based on our journey as AngryCreative.<\/p>\n\n\t\t\t\t\t\t\t\t\t<\/div>\n\t\t\t<\/div>\n\n\t\t\t<\/div><!-- .wcorg-sessions -->\n\n\t\n","protected":false},"excerpt":{"rendered":"","protected":false},"author":415022,"featured_media":0,"parent":0,"menu_order":0,"comment_status":"closed","ping_status":"closed","template":"","meta":{"jetpack_post_was_ever_published":false,"footnotes":""},"class_list":["post-9","page","type-page","status-publish","hentry"],"jetpack_sharing_enabled":true,"jetpack_shortlink":"https:\/\/wp.me\/P9CHox-9","_links":{"self":[{"href":"https:\/\/norrkoping.wordcamp.org\/2018\/wp-json\/wp\/v2\/pages\/9","targetHints":{"allow":["GET"]}}],"collection":[{"href":"https:\/\/norrkoping.wordcamp.org\/2018\/wp-json\/wp\/v2\/pages"}],"about":[{"href":"https:\/\/norrkoping.wordcamp.org\/2018\/wp-json\/wp\/v2\/types\/page"}],"author":[{"embeddable":true,"href":"https:\/\/norrkoping.wordcamp.org\/2018\/wp-json\/wp\/v2\/users\/415022"}],"replies":[{"embeddable":true,"href":"https:\/\/norrkoping.wordcamp.org\/2018\/wp-json\/wp\/v2\/comments?post=9"}],"version-history":[{"count":1,"href":"https:\/\/norrkoping.wordcamp.org\/2018\/wp-json\/wp\/v2\/pages\/9\/revisions"}],"predecessor-version":[{"id":236,"href":"https:\/\/norrkoping.wordcamp.org\/2018\/wp-json\/wp\/v2\/pages\/9\/revisions\/236"}],"wp:attachment":[{"href":"https:\/\/norrkoping.wordcamp.org\/2018\/wp-json\/wp\/v2\/media?parent=9"}],"curies":[{"name":"wp","href":"https:\/\/api.w.org\/{rel}","templated":true}]}}