{"id":741,"date":"2018-08-10T09:25:33","date_gmt":"2018-08-10T07:25:33","guid":{"rendered":"https:\/\/2018.norrkoping.wordcamp.org\/?page_id=741"},"modified":"2018-08-10T09:25:34","modified_gmt":"2018-08-10T07:25:34","slug":"recommended-places-to-eat","status":"publish","type":"page","link":"https:\/\/norrkoping.wordcamp.org\/2018\/recommended-places-to-eat\/","title":{"rendered":"Recommended places to eat"},"content":{"rendered":"\n<p><strong>Kn\u00e4ppingen<br \/><\/strong>V\u00e4stg\u00f6tegatan 19, 602 21 Norrk\u00f6ping<strong><br \/><\/strong><a href=\"http:\/\/knappingen.se\/\">http:\/\/knappingen.se\/<\/a><\/p>\n\n\n\n<p><a href=\"http:\/\/knappingen.se\/\"><\/a><\/p>\n\n\n\n<p><strong>Enoteket (Same place as the afterparty)<br \/><\/strong>Laxholmstorget 3602 21 Norrk\u00f6ping<br \/><a href=\"http:\/\/www.enoteket.se\/\">http:\/\/www.enoteket.se\/<\/a><\/p>\n\n\n\n<p><strong>Mannam (Korean restaurant)<br \/><\/strong>V\u00e4stg\u00f6tegatan 20, 602 21 Norrk\u00f6ping<strong><br \/><\/strong><\/p>\n\n\n\n<p style=\"text-align:right\"><strong><\/strong><\/p>\n\n\n\n<p style=\"text-align:right\"><strong><\/strong><\/p>\n","protected":false},"excerpt":{"rendered":"<p>Kn\u00e4ppingenV\u00e4stg\u00f6tegatan 19, 602 21 Norrk\u00f6pinghttp:\/\/knappingen.se\/ Enoteket (Same place as the afterparty)Laxholmstorget 3602 21 Norrk\u00f6pinghttp:\/\/www.enoteket.se\/ Mannam (Korean restaurant)V\u00e4stg\u00f6tegatan 20, 602 21 Norrk\u00f6ping<\/p>\n","protected":false},"author":11284592,"featured_media":0,"parent":0,"menu_order":0,"comment_status":"closed","ping_status":"closed","template":"","meta":{"jetpack_post_was_ever_published":false,"footnotes":""},"class_list":["post-741","page","type-page","status-publish","hentry"],"jetpack_sharing_enabled":true,"jetpack_shortlink":"https:\/\/wp.me\/P9CHox-bX","_links":{"self":[{"href":"https:\/\/norrkoping.wordcamp.org\/2018\/wp-json\/wp\/v2\/pages\/741","targetHints":{"allow":["GET"]}}],"collection":[{"href":"https:\/\/norrkoping.wordcamp.org\/2018\/wp-json\/wp\/v2\/pages"}],"about":[{"href":"https:\/\/norrkoping.wordcamp.org\/2018\/wp-json\/wp\/v2\/types\/page"}],"author":[{"embeddable":true,"href":"https:\/\/norrkoping.wordcamp.org\/2018\/wp-json\/wp\/v2\/users\/11284592"}],"replies":[{"embeddable":true,"href":"https:\/\/norrkoping.wordcamp.org\/2018\/wp-json\/wp\/v2\/comments?post=741"}],"version-history":[{"count":1,"href":"https:\/\/norrkoping.wordcamp.org\/2018\/wp-json\/wp\/v2\/pages\/741\/revisions"}],"predecessor-version":[{"id":742,"href":"https:\/\/norrkoping.wordcamp.org\/2018\/wp-json\/wp\/v2\/pages\/741\/revisions\/742"}],"wp:attachment":[{"href":"https:\/\/norrkoping.wordcamp.org\/2018\/wp-json\/wp\/v2\/media?parent=741"}],"curies":[{"name":"wp","href":"https:\/\/api.w.org\/{rel}","templated":true}]}}