{"id":7,"date":"2018-01-24T06:44:08","date_gmt":"2018-01-24T06:44:08","guid":{"rendered":"https:\/\/2018.norrkoping.wordcamp.org\/schedule\/"},"modified":"2018-07-30T16:06:08","modified_gmt":"2018-07-30T14:06:08","slug":"schedule","status":"publish","type":"page","link":"https:\/\/norrkoping.wordcamp.org\/2018\/schedule\/","title":{"rendered":"Schedule"},"content":{"rendered":"<p>&nbsp;<\/p>\n<h1>Conference day, August 10<\/h1>\n<table class=\"wcpt-schedule\" border=\"0\"><thead><tr><th class=\"wcpt-col-time\">Time<\/th><th class=\"wcpt-col-track\"> <span class=\"wcpt-track-name\">Dome<\/span> <span class=\"wcpt-track-description\"><\/span> <\/th><th class=\"wcpt-col-track\"> <span class=\"wcpt-track-name\">VR Arena<\/span> <span class=\"wcpt-track-description\"><\/span> <\/th><\/tr><\/thead><tbody><tr class=\"wcpt-time-1000\"><td class=\"wcpt-time\">10:00<\/td><td colspan=\"1\" class=\"wcb-track-dome wcpt-session-type-custom wcb-session-opening-remarks\" data-track-title=\"Dome\" data-session-id=\"562\"><div class=\"wcb-session-cell-content\"><span class=\"wcpt-session-title\">Opening remarks<\/span><\/div><\/td><td class=\"wcpt-session-empty\"><\/td><\/tr><tr class=\"wcpt-time-1015\"><td class=\"wcpt-time\">10:15<\/td><td colspan=\"1\" class=\"wcb-speaker-danielauener wcb-track-dome wcpt-session-type-session wcb-session-woocommerce-at-scale-hur-manga-produkter-tal-wordpress\" data-track-title=\"Dome\" data-session-id=\"382\"><div class=\"wcb-session-cell-content\"><a class=\"wcpt-session-title\" href=\"https:\/\/norrkoping.wordcamp.org\/2018\/session\/woocommerce-at-scale-hur-manga-produkter-tal-wordpress\/\">WooCommerce at scale &#8211; Hur m\u00e5nga produkter t\u00e5l WordPress?<\/a> <span class=\"wcpt-session-speakers\"><a href=\"https:\/\/norrkoping.wordcamp.org\/2018\/speakers\/#wcorg-speaker-danielauener\">Daniel Auener<\/a><\/span><\/div><div class=\"wcb-session-favourite-icon\"><a href=\"#\" role=\"button\" class=\"fav-session-button\" aria-pressed=\"false\"><span class=\"screen-reader-text\">Favorite session: WooCommerce at scale &#8211; Hur m\u00e5nga produkter t\u00e5l WordPress?<\/span><span class=\"dashicons dashicons-star-filled\"><\/span><\/a><\/div><\/td><td colspan=\"1\" class=\"wcb-speaker-jimmy_r wcb-track-vr-arena wcpt-session-type-session wcb-session-how-a-premium-plugin-cost-me-e50k\" data-track-title=\"VR Arena\" data-session-id=\"424\"><div class=\"wcb-session-cell-content\"><a class=\"wcpt-session-title\" href=\"https:\/\/norrkoping.wordcamp.org\/2018\/session\/how-a-premium-plugin-cost-me-e50k\/\">How a premium plugin cost me \u20ac50K<\/a> <span class=\"wcpt-session-speakers\"><a href=\"https:\/\/norrkoping.wordcamp.org\/2018\/speakers\/#wcorg-speaker-jimmy_r\">Jimmy Ros\u00e9n<\/a><\/span><\/div><div class=\"wcb-session-favourite-icon\"><a href=\"#\" role=\"button\" class=\"fav-session-button\" aria-pressed=\"false\"><span class=\"screen-reader-text\">Favorite session: How a premium plugin cost me \u20ac50K<\/span><span class=\"dashicons dashicons-star-filled\"><\/span><\/a><\/div><\/td><\/tr><tr class=\"wcpt-time-1100\"><td class=\"wcpt-time\">11:00<\/td><td colspan=\"1\" class=\"wcb-speaker-niklas-hogefjord wcb-track-dome wcpt-session-type-session wcb-session-an-embedded-checkout-in-your-woocommerce-store-is-that-really-what-you-want\" data-track-title=\"Dome\" data-session-id=\"516\"><div class=\"wcb-session-cell-content\"><a class=\"wcpt-session-title\" href=\"https:\/\/norrkoping.wordcamp.org\/2018\/session\/an-embedded-checkout-in-your-woocommerce-store-is-that-really-what-you-want\/\">An embedded checkout in your WooCommerce store, is that really what you want?<\/a> <span class=\"wcpt-session-speakers\"><a href=\"https:\/\/norrkoping.wordcamp.org\/2018\/speakers\/#wcorg-speaker-niklas-hogefjord\">Niklas H\u00f6gefjord<\/a><\/span><\/div><div class=\"wcb-session-favourite-icon\"><a href=\"#\" role=\"button\" class=\"fav-session-button\" aria-pressed=\"false\"><span class=\"screen-reader-text\">Favorite session: An embedded checkout in your WooCommerce store, is that really what you want?<\/span><span class=\"dashicons dashicons-star-filled\"><\/span><\/a><\/div><\/td><td colspan=\"1\" class=\"wcb-speaker-robert-jan-budding wcb-track-vr-arena wcpt-session-type-session wcb-session-speedboat-commerce-fast-digital-commerce-in-a-corporate-world\" data-track-title=\"VR Arena\" data-session-id=\"420\"><div class=\"wcb-session-cell-content\"><a class=\"wcpt-session-title\" href=\"https:\/\/norrkoping.wordcamp.org\/2018\/session\/speedboat-commerce-fast-digital-commerce-in-a-corporate-world\/\">The Perfect Leadstorm<\/a> <span class=\"wcpt-session-speakers\"><a href=\"https:\/\/norrkoping.wordcamp.org\/2018\/speakers\/#wcorg-speaker-robert-jan-budding\">Robert-Jan Budding<\/a><\/span><\/div><div class=\"wcb-session-favourite-icon\"><a href=\"#\" role=\"button\" class=\"fav-session-button\" aria-pressed=\"false\"><span class=\"screen-reader-text\">Favorite session: The Perfect Leadstorm<\/span><span class=\"dashicons dashicons-star-filled\"><\/span><\/a><\/div><\/td><\/tr><tr class=\"wcpt-time-1145\"><td class=\"wcpt-time\">11:45<\/td><td colspan=\"1\" class=\"wcb-speaker-johan-falk wcb-speaker-marie-hogebrandt wcb-speaker-ekandreas wcb-track-dome wcpt-session-type-session wcb-session-gutenberg-paneldebatt\" data-track-title=\"Dome\" data-session-id=\"580\"><div class=\"wcb-session-cell-content\"><a class=\"wcpt-session-title\" href=\"https:\/\/norrkoping.wordcamp.org\/2018\/session\/gutenberg-paneldebatt\/\">Hur kommer Gutenberg att forma WordPress fram\u00f6ver? &#8211; Paneldebatt<\/a> <span class=\"wcpt-session-speakers\"><a href=\"https:\/\/norrkoping.wordcamp.org\/2018\/speakers\/#wcorg-speaker-johan-falk\">Johan Falk<\/a>, <a href=\"https:\/\/norrkoping.wordcamp.org\/2018\/speakers\/#wcorg-speaker-marie-hogebrandt\">Marie Hogebrandt<\/a>, <a href=\"https:\/\/norrkoping.wordcamp.org\/2018\/speakers\/#wcorg-speaker-ekandreas\">Andreas Ek<\/a><\/span><\/div><div class=\"wcb-session-favourite-icon\"><a href=\"#\" role=\"button\" class=\"fav-session-button\" aria-pressed=\"false\"><span class=\"screen-reader-text\">Favorite session: Hur kommer Gutenberg att forma WordPress fram\u00f6ver? &#8211; Paneldebatt<\/span><span class=\"dashicons dashicons-star-filled\"><\/span><\/a><\/div><\/td><td class=\"wcpt-session-empty\"><\/td><\/tr><tr class=\"wcpt-time-1215\"><td class=\"wcpt-time\">12:15<\/td><td colspan=\"1\" class=\"wcb-track-dome wcpt-session-type-custom wcb-session-lunch\" data-track-title=\"Dome\" data-session-id=\"565\"><div class=\"wcb-session-cell-content\"><span class=\"wcpt-session-title\">Lunch<\/span><\/div><\/td><td class=\"wcpt-session-empty\"><\/td><\/tr><tr class=\"wcpt-time-1315\"><td class=\"wcpt-time\">13:15<\/td><td colspan=\"1\" class=\"wcb-speaker-ekandreas wcb-track-dome wcpt-session-type-session wcb-session-composer-baserad-wordpressutveckling\" data-track-title=\"Dome\" data-session-id=\"401\"><div class=\"wcb-session-cell-content\"><a class=\"wcpt-session-title\" href=\"https:\/\/norrkoping.wordcamp.org\/2018\/session\/composer-baserad-wordpressutveckling\/\">Composer-baserad WordPressutveckling<\/a> <span class=\"wcpt-session-speakers\"><a href=\"https:\/\/norrkoping.wordcamp.org\/2018\/speakers\/#wcorg-speaker-ekandreas\">Andreas Ek<\/a><\/span><\/div><div class=\"wcb-session-favourite-icon\"><a href=\"#\" role=\"button\" class=\"fav-session-button\" aria-pressed=\"false\"><span class=\"screen-reader-text\">Favorite session: Composer-baserad WordPressutveckling<\/span><span class=\"dashicons dashicons-star-filled\"><\/span><\/a><\/div><\/td><td colspan=\"1\" class=\"wcb-speaker-tomas-piotrowski wcb-track-vr-arena wcpt-session-type-session wcb-session-case-presentation-qa\" data-track-title=\"VR Arena\" data-session-id=\"385\"><div class=\"wcb-session-cell-content\"><a class=\"wcpt-session-title\" href=\"https:\/\/norrkoping.wordcamp.org\/2018\/session\/case-presentation-qa\/\">People buy brands &#8211; not products. DEAL WITH IT!<\/a> <span class=\"wcpt-session-speakers\"><a href=\"https:\/\/norrkoping.wordcamp.org\/2018\/speakers\/#wcorg-speaker-tomas-piotrowski\">Tomas Piotrowski<\/a><\/span><\/div><div class=\"wcb-session-favourite-icon\"><a href=\"#\" role=\"button\" class=\"fav-session-button\" aria-pressed=\"false\"><span class=\"screen-reader-text\">Favorite session: People buy brands &#8211; not products. DEAL WITH IT!<\/span><span class=\"dashicons dashicons-star-filled\"><\/span><\/a><\/div><\/td><\/tr><tr class=\"wcpt-time-1400\"><td class=\"wcpt-time\">14:00<\/td><td colspan=\"1\" class=\"wcb-speaker-marie-hogebrandt wcb-track-dome wcpt-session-type-session wcb-session-gutenberg-with-php\" data-track-title=\"Dome\" data-session-id=\"540\"><div class=\"wcb-session-cell-content\"><a class=\"wcpt-session-title\" href=\"https:\/\/norrkoping.wordcamp.org\/2018\/session\/gutenberg-with-php\/\">Gutenberg with PHP<\/a> <span class=\"wcpt-session-speakers\"><a href=\"https:\/\/norrkoping.wordcamp.org\/2018\/speakers\/#wcorg-speaker-marie-hogebrandt\">Marie Hogebrandt<\/a><\/span><\/div><div class=\"wcb-session-favourite-icon\"><a href=\"#\" role=\"button\" class=\"fav-session-button\" aria-pressed=\"false\"><span class=\"screen-reader-text\">Favorite session: Gutenberg with PHP<\/span><span class=\"dashicons dashicons-star-filled\"><\/span><\/a><\/div><\/td><td colspan=\"1\" class=\"wcb-speaker-johan-falk wcb-track-vr-arena wcpt-session-type-session wcb-session-tba-3\" data-track-title=\"VR Arena\" data-session-id=\"453\"><div class=\"wcb-session-cell-content\"><a class=\"wcpt-session-title\" href=\"https:\/\/norrkoping.wordcamp.org\/2018\/session\/tba-3\/\">De sju riskerna &#8211; som stressar personal, ger missn\u00f6jda kunder och minskar l\u00f6nsamhet i digitala byr\u00e5projekt<\/a> <span class=\"wcpt-session-speakers\"><a href=\"https:\/\/norrkoping.wordcamp.org\/2018\/speakers\/#wcorg-speaker-johan-falk\">Johan Falk<\/a><\/span><\/div><div class=\"wcb-session-favourite-icon\"><a href=\"#\" role=\"button\" class=\"fav-session-button\" aria-pressed=\"false\"><span class=\"screen-reader-text\">Favorite session: De sju riskerna &#8211; som stressar personal, ger missn\u00f6jda kunder och minskar l\u00f6nsamhet i digitala byr\u00e5projekt<\/span><span class=\"dashicons dashicons-star-filled\"><\/span><\/a><\/div><\/td><\/tr><tr class=\"wcpt-time-1445\"><td class=\"wcpt-time\">14:45<\/td><td colspan=\"1\" class=\"wcb-speaker-thomas-audunhus wcb-track-dome wcpt-session-type-session wcb-session-stop-depending-on-caching-for-performance\" data-track-title=\"Dome\" data-session-id=\"411\"><div class=\"wcb-session-cell-content\"><a class=\"wcpt-session-title\" href=\"https:\/\/norrkoping.wordcamp.org\/2018\/session\/stop-depending-on-caching-for-performance\/\">Stop depending on caching for performance<\/a> <span class=\"wcpt-session-speakers\"><a href=\"https:\/\/norrkoping.wordcamp.org\/2018\/speakers\/#wcorg-speaker-thomas-audunhus\">Thomas Audunhus<\/a><\/span><\/div><div class=\"wcb-session-favourite-icon\"><a href=\"#\" role=\"button\" class=\"fav-session-button\" aria-pressed=\"false\"><span class=\"screen-reader-text\">Favorite session: Stop depending on caching for performance<\/span><span class=\"dashicons dashicons-star-filled\"><\/span><\/a><\/div><\/td><td colspan=\"1\" class=\"wcb-speaker-jack-lenox wcb-track-vr-arena wcpt-session-type-session wcb-session-what-wordpress-developers-can-do-about-climate-change\" data-track-title=\"VR Arena\" data-session-id=\"373\"><div class=\"wcb-session-cell-content\"><a class=\"wcpt-session-title\" href=\"https:\/\/norrkoping.wordcamp.org\/2018\/session\/what-wordpress-developers-can-do-about-climate-change\/\">What WordPress developers can do about climate change<\/a> <span class=\"wcpt-session-speakers\"><a href=\"https:\/\/norrkoping.wordcamp.org\/2018\/speakers\/#wcorg-speaker-jack-lenox\">Jack Lenox<\/a><\/span><\/div><div class=\"wcb-session-favourite-icon\"><a href=\"#\" role=\"button\" class=\"fav-session-button\" aria-pressed=\"false\"><span class=\"screen-reader-text\">Favorite session: What WordPress developers can do about climate change<\/span><span class=\"dashicons dashicons-star-filled\"><\/span><\/a><\/div><\/td><\/tr><tr class=\"wcpt-time-1515\"><td class=\"wcpt-time\">15:15<\/td><td colspan=\"1\" class=\"wcb-track-dome wcpt-session-type-custom wcb-session-fika\" data-track-title=\"Dome\" data-session-id=\"567\"><div class=\"wcb-session-cell-content\"><span class=\"wcpt-session-title\">Fika<\/span><\/div><\/td><td class=\"wcpt-session-empty\"><\/td><\/tr><tr class=\"wcpt-time-1545\"><td class=\"wcpt-time\">15:45<\/td><td colspan=\"1\" class=\"wcb-speaker-arunas-liuiza wcb-track-dome wcpt-session-type-session wcb-session-hitchhikers-guide-to-wp-cli\" data-track-title=\"Dome\" data-session-id=\"436\"><div class=\"wcb-session-cell-content\"><a class=\"wcpt-session-title\" href=\"https:\/\/norrkoping.wordcamp.org\/2018\/session\/hitchhikers-guide-to-wp-cli\/\">Hitchhiker&#8217;s Guide to WP CLI<\/a> <span class=\"wcpt-session-speakers\"><a href=\"https:\/\/norrkoping.wordcamp.org\/2018\/speakers\/#wcorg-speaker-arunas-liuiza\">Arunas Liuiza<\/a><\/span><\/div><div class=\"wcb-session-favourite-icon\"><a href=\"#\" role=\"button\" class=\"fav-session-button\" aria-pressed=\"false\"><span class=\"screen-reader-text\">Favorite session: Hitchhiker&#8217;s Guide to WP CLI<\/span><span class=\"dashicons dashicons-star-filled\"><\/span><\/a><\/div><\/td><td colspan=\"1\" class=\"wcb-speaker-maik-gruppen-2 wcb-track-vr-arena wcpt-session-type-session wcb-session-recurring-revenue-for-agencies\" data-track-title=\"VR Arena\" data-session-id=\"578\"><div class=\"wcb-session-cell-content\"><a class=\"wcpt-session-title\" href=\"https:\/\/norrkoping.wordcamp.org\/2018\/session\/recurring-revenue-for-agencies\/\">Recurring Revenue for Agencies<\/a> <span class=\"wcpt-session-speakers\"><a href=\"https:\/\/norrkoping.wordcamp.org\/2018\/speakers\/#wcorg-speaker-maik-gruppen-2\">Maik Gruppen<\/a><\/span><\/div><div class=\"wcb-session-favourite-icon\"><a href=\"#\" role=\"button\" class=\"fav-session-button\" aria-pressed=\"false\"><span class=\"screen-reader-text\">Favorite session: Recurring Revenue for Agencies<\/span><span class=\"dashicons dashicons-star-filled\"><\/span><\/a><\/div><\/td><\/tr><tr class=\"wcpt-time-1615\"><td class=\"wcpt-time\">16:15<\/td><td colspan=\"1\" class=\"wcb-speaker-platteneule wcb-track-dome wcpt-session-type-session wcb-session-how-to-accelerate-your-wordpress-performance-in-2018\" data-track-title=\"Dome\" data-session-id=\"377\"><div class=\"wcb-session-cell-content\"><a class=\"wcpt-session-title\" href=\"https:\/\/norrkoping.wordcamp.org\/2018\/session\/how-to-accelerate-your-wordpress-performance-in-2018\/\">How to accelerate your WordPress performance in 2018<\/a> <span class=\"wcpt-session-speakers\"><a href=\"https:\/\/norrkoping.wordcamp.org\/2018\/speakers\/#wcorg-speaker-platteneule\">Kevin Eulenberg<\/a><\/span><\/div><div class=\"wcb-session-favourite-icon\"><a href=\"#\" role=\"button\" class=\"fav-session-button\" aria-pressed=\"false\"><span class=\"screen-reader-text\">Favorite session: How to accelerate your WordPress performance in 2018<\/span><span class=\"dashicons dashicons-star-filled\"><\/span><\/a><\/div><\/td><td colspan=\"1\" class=\"wcb-speaker-samuelsapire wcb-track-vr-arena wcpt-session-type-session wcb-session-devnull\" data-track-title=\"VR Arena\" data-session-id=\"582\"><div class=\"wcb-session-cell-content\"><a class=\"wcpt-session-title\" href=\"https:\/\/norrkoping.wordcamp.org\/2018\/session\/devnull\/\">The rise of a WooCommerce agency<\/a> <span class=\"wcpt-session-speakers\"><a href=\"https:\/\/norrkoping.wordcamp.org\/2018\/speakers\/#wcorg-speaker-samuelsapire\">samuelsapire<\/a><\/span><\/div><div class=\"wcb-session-favourite-icon\"><a href=\"#\" role=\"button\" class=\"fav-session-button\" aria-pressed=\"false\"><span class=\"screen-reader-text\">Favorite session: The rise of a WooCommerce agency<\/span><span class=\"dashicons dashicons-star-filled\"><\/span><\/a><\/div><\/td><\/tr><tr class=\"wcpt-time-1700\"><td class=\"wcpt-time\">17:00<\/td><td colspan=\"1\" class=\"wcb-track-dome wcpt-session-type-custom wcb-session-closing-remarks\" data-track-title=\"Dome\" data-session-id=\"572\"><div class=\"wcb-session-cell-content\"><span class=\"wcpt-session-title\">Closing remarks<\/span><\/div><\/td><td class=\"wcpt-session-empty\"><\/td><\/tr><tr class=\"wcpt-time-1900\"><td class=\"wcpt-time\">19:00<\/td><td colspan=\"1\" class=\"wcb-track-dome wcpt-session-type-custom wcb-session-afterparty\" data-track-title=\"Dome\" data-session-id=\"247\"><div class=\"wcb-session-cell-content\"><span class=\"wcpt-session-title\">Afterparty (Sponsored by Oderland)<\/span><\/div><\/td><td class=\"wcpt-session-empty\"><\/td><\/tr><\/tbody><\/table>\n\t<div class=\"email-form fav-session-email-form-hide\">\n\t\t<!-- Tab links -->\n\t\t<div class=\"fav-session-share-tab\">\n\t\t\t\t\t\t\t<div class=\"fav-session-tablinks\" id=\"fav-session-btn-email\">\n\t\t\t\t\tEmail\t\t\t\t<\/div>\n\t\t\t\n\t\t\t<div class=\"fav-session-tablinks\" id=\"fav-session-btn-link\">\n\t\t\t\tLink\t\t\t<\/div>\n\n\t\t\t<div class=\"fav-session-tablinks\" id=\"fav-session-btn-print\">\n\t\t\t\tPrint\t\t\t<\/div>\n\t\t<\/div>\n\n\t\t<!-- Tab content -->\n\t\t\t\t\t<div id=\"fav-session-tab-email\" class=\"fav-session-share-tabcontent\">\n\t\t\t\t<div id=\"fav-session-email-form\">\n\t\t\t\t\tSend me my favorite sessions:\n\t\t\t\t\t<form id=\"fav-sessions-form\">\n\t\t\t\t\t\t<input\n\t\t\t\t\t\t\ttype=\"text\"\n\t\t\t\t\t\t\tname=\"email_address\"\n\t\t\t\t\t\t\tid=\"fav-sessions-email-address\"\n\t\t\t\t\t\t\tplaceholder=\"me@protonmail.com\"\n\t\t\t\t\t\t\/>\n\t\t\t\t\t\t<input type=\"submit\" value=\"Send\" \/>\n\t\t\t\t\t<\/form>\n\t\t\t\t<\/div>\n\n\t\t\t\t<div class=\"fav-session-email-wait-spinner\"><\/div>\n\t\t\t\t<div class=\"fav-session-email-result\"><\/div>\n\t\t\t<\/div>\n\t\t\n\t\t<div id=\"fav-session-tab-link\" class=\"fav-session-share-tabcontent\">\n\t\t\tShareable link:\t\t\t<br \/>\n\t\t\t<a id=\"fav-sessions-link\" href=\"\"><\/a>\n\t\t<\/div>\n\n\t\t<div id=\"fav-session-tab-print\" class=\"fav-session-share-tabcontent\">\n\t\t\t<button id=\"fav-session-print\">\n\t\t\t\tPrint favorite sessions\t\t\t<\/button>\n\t\t<\/div>\n\t<\/div>\n\n\t<a class=\"show-email-form\" href=\"javascript:\">\n\t\t<span class=\"dashicons dashicons-star-filled\"><\/span>\n\t\t<span class=\"dashicons dashicons-email-alt\"><\/span>\n\t<\/a>\n\n\t\n<h1>Contribution day, August 11<\/h1>\n<table class=\"wcpt-schedule\" border=\"0\"><thead><tr><th class=\"wcpt-col-time\">Time<\/th><th class=\"wcpt-col-track\"> <span class=\"wcpt-track-name\"><\/span> <span class=\"wcpt-track-description\"><\/span> <\/th><\/tr><\/thead><tbody><tr class=\"wcpt-time-1000 global-session contribution-day-angry-creative\"><td class=\"wcpt-time\">10:00<\/td><td colspan=\"1\" class=\"wcpt-session-type-custom wcb-session-contribution-day\" data-track-title=\"\" data-session-id=\"448\"><div class=\"wcb-session-cell-content\"><span class=\"wcpt-session-title\">Contribution day @ Angry Creative<\/span><\/div><\/td><\/tr><\/tbody><\/table>\n<h3>Sponsors &amp; speakers dinnner, August 9<\/h3>\n<table class=\"wcpt-schedule\" border=\"0\"><thead><tr><th class=\"wcpt-col-time\">Time<\/th><th class=\"wcpt-col-track\"> <span class=\"wcpt-track-name\"><\/span> <span class=\"wcpt-track-description\"><\/span> <\/th><\/tr><\/thead><tbody><tr class=\"wcpt-time-1900 global-session speakers-dinner\"><td class=\"wcpt-time\">19:00<\/td><td colspan=\"1\" class=\"wcpt-session-type-custom wcb-session-speakers-dinner\" data-track-title=\"\" data-session-id=\"294\"><div class=\"wcb-session-cell-content\"><span class=\"wcpt-session-title\">Speakers dinner<\/span><\/div><\/td><\/tr><\/tbody><\/table>\n","protected":false},"excerpt":{"rendered":"<p>&nbsp; Conference day, August 10 Contribution day, August 11 Sponsors &amp; speakers dinnner, August 9<\/p>\n","protected":false},"author":415022,"featured_media":0,"parent":0,"menu_order":0,"comment_status":"closed","ping_status":"closed","template":"","meta":{"_crdt_document":"","jetpack_post_was_ever_published":false,"footnotes":""},"class_list":["post-7","page","type-page","status-publish","hentry"],"jetpack_sharing_enabled":true,"jetpack_shortlink":"https:\/\/wp.me\/P9CHox-7","_links":{"self":[{"href":"https:\/\/norrkoping.wordcamp.org\/2018\/wp-json\/wp\/v2\/pages\/7","targetHints":{"allow":["GET"]}}],"collection":[{"href":"https:\/\/norrkoping.wordcamp.org\/2018\/wp-json\/wp\/v2\/pages"}],"about":[{"href":"https:\/\/norrkoping.wordcamp.org\/2018\/wp-json\/wp\/v2\/types\/page"}],"author":[{"embeddable":true,"href":"https:\/\/norrkoping.wordcamp.org\/2018\/wp-json\/wp\/v2\/users\/415022"}],"replies":[{"embeddable":true,"href":"https:\/\/norrkoping.wordcamp.org\/2018\/wp-json\/wp\/v2\/comments?post=7"}],"version-history":[{"count":6,"href":"https:\/\/norrkoping.wordcamp.org\/2018\/wp-json\/wp\/v2\/pages\/7\/revisions"}],"predecessor-version":[{"id":559,"href":"https:\/\/norrkoping.wordcamp.org\/2018\/wp-json\/wp\/v2\/pages\/7\/revisions\/559"}],"wp:attachment":[{"href":"https:\/\/norrkoping.wordcamp.org\/2018\/wp-json\/wp\/v2\/media?parent=7"}],"curies":[{"name":"wp","href":"https:\/\/api.w.org\/{rel}","templated":true}]}}