{"id":10,"date":"2018-01-24T06:44:08","date_gmt":"2018-01-24T06:44:08","guid":{"rendered":"https:\/\/2018.norrkoping.wordcamp.org\/sponsors\/"},"modified":"2018-04-22T11:13:44","modified_gmt":"2018-04-22T09:13:44","slug":"sponsors","status":"publish","type":"page","link":"https:\/\/norrkoping.wordcamp.org\/2018\/sponsors\/","title":{"rendered":"Sponsors"},"content":{"rendered":"<p>&nbsp;<\/p>\n\n\t<div class=\"wcorg-sponsors\">\n\t\t\n\t\t\t<div class=\"wcorg-sponsor-level-admin-bar\">\n\t\t\t\t<h2>Admin Bar<\/h2>\n\n\t\t\t\t\n\t\t\t\t\t<div id=\"wcorg-sponsor-314\" class=\"wcorg-sponsor\">\n\t\t\t\t\t\t\t\t\t\t\t\t\t\t\t\t\t\t\t\t\t<h3>\n\t\t\t\t\t\t\t\t\tOderland webbhotell\t\t\t\t\t\t\t\t<\/h3>\n\t\t\t\t\t\t\t\t\t\t\t\t\t\n\t\t\t\t\t\t<div class=\"wcorg-sponsor-description\">\n\t\t\t\t\t\t\t\t\t\t\t\t\t\t\t<img loading=\"lazy\" decoding=\"async\" width=\"1600\" height=\"602\" src=\"https:\/\/norrkoping.wordcamp.org\/2018\/files\/2018\/04\/oderland_hs_01-1600.png\" class=\"attachment-wcb-sponsor-logo-horizontal-2x size-wcb-sponsor-logo-horizontal-2x wp-post-image\" alt=\"Oderland webbhotell\" srcset=\"https:\/\/norrkoping.wordcamp.org\/2018\/files\/2018\/04\/oderland_hs_01-1600.png 1600w, https:\/\/norrkoping.wordcamp.org\/2018\/files\/2018\/04\/oderland_hs_01-1600-330x124.png 330w, https:\/\/norrkoping.wordcamp.org\/2018\/files\/2018\/04\/oderland_hs_01-1600-768x289.png 768w, https:\/\/norrkoping.wordcamp.org\/2018\/files\/2018\/04\/oderland_hs_01-1600-1024x385.png 1024w, https:\/\/norrkoping.wordcamp.org\/2018\/files\/2018\/04\/oderland_hs_01-1600-500x188.png 500w, https:\/\/norrkoping.wordcamp.org\/2018\/files\/2018\/04\/oderland_hs_01-1600-1000x376.png 1000w\" sizes=\"auto, (max-width: 1600px) 100vw, 1600px\" \/>\t\t\t\t\t\t\t\n\t\t\t\t\t\t\t\t\t\t\t\t\t\t\t\t\t\t\t\t\t\t\t\t\t\t\t\t<\/div>\n\t\t\t\t\t<\/div><!-- #sponsor -->\n\t\t\t\t\t\t\t<\/div><!-- .wcorg-sponsor-level -->\n\t\t\n\t\t\t<div class=\"wcorg-sponsor-level-gold\">\n\t\t\t\t<h2>Admin<\/h2>\n\n\t\t\t\t\n\t\t\t\t\t<div id=\"wcorg-sponsor-20\" class=\"wcorg-sponsor\">\n\t\t\t\t\t\t\t\t\t\t\t\t\t\t\t\t\t\t\t\t\t<h3>\n\t\t\t\t\t\t\t\t\tWooCommerce\t\t\t\t\t\t\t\t<\/h3>\n\t\t\t\t\t\t\t\t\t\t\t\t\t\n\t\t\t\t\t\t<div class=\"wcorg-sponsor-description\">\n\t\t\t\t\t\t\t\t\t\t\t\t\t\t\t<img loading=\"lazy\" decoding=\"async\" width=\"432\" height=\"87\" src=\"https:\/\/norrkoping.wordcamp.org\/2018\/files\/2018\/01\/woocommerce_logo.png\" class=\"attachment-wcb-sponsor-logo-horizontal-2x size-wcb-sponsor-logo-horizontal-2x wp-post-image\" alt=\"WooCommerce\" srcset=\"https:\/\/norrkoping.wordcamp.org\/2018\/files\/2018\/01\/woocommerce_logo.png 432w, https:\/\/norrkoping.wordcamp.org\/2018\/files\/2018\/01\/woocommerce_logo-300x60.png 300w\" sizes=\"auto, (max-width: 432px) 100vw, 432px\" \/>\t\t\t\t\t\t\t\n\t\t\t\t\t\t\t\t\t\t\t\t\t\t\t<p>28% of all online stores are powered by WooCommerce. Built on WordPress, WooCommerce is a fully customizable, open source\u00a0eCommerce\u00a0solution.<\/p>\n<ul>\n<li><a href=\"https:\/\/wordpress.org\/plugins\/woocommerce\/stats\/\" rel=\"nofollow\">3+ million active installations<\/a><\/li>\n<li>34+ million downloads<\/li>\n<li>450+ extensions to add functionality<\/li>\n<\/ul>\n<p>Whether you\u2019re selling a few handcrafted items to a niche market, taking an existing business online, or going global with an enterprise level eCommerce business\u00a0\u2013 WooCommerce will get you set up and selling fast and\u00a0scale securely as you grow. Plus your content will be forever yours and customizable down to the finest button color.<\/p>\n<p>Developed and supported by a distributed team, WooCommerce is powered\u00a0by Automattic, the creators of WordPress.com.<\/p>\n\t\t\t\t\t\t\t\t\t\t\t\t\t<\/div>\n\t\t\t\t\t<\/div><!-- #sponsor -->\n\t\t\t\t\n\t\t\t\t\t<div id=\"wcorg-sponsor-22\" class=\"wcorg-sponsor\">\n\t\t\t\t\t\t\t\t\t\t\t\t\t\t\t\t\t\t\t\t\t<h3>\n\t\t\t\t\t\t\t\t\tJetpack\t\t\t\t\t\t\t\t<\/h3>\n\t\t\t\t\t\t\t\t\t\t\t\t\t\n\t\t\t\t\t\t<div class=\"wcorg-sponsor-description\">\n\t\t\t\t\t\t\t\t\t\t\t\t\t\t\t<img loading=\"lazy\" decoding=\"async\" width=\"545\" height=\"150\" src=\"https:\/\/norrkoping.wordcamp.org\/2018\/files\/2018\/01\/Jetpack_Horizontal_RGB-1.png\" class=\"attachment-wcb-sponsor-logo-horizontal-2x size-wcb-sponsor-logo-horizontal-2x wp-post-image\" alt=\"Jetpack\" srcset=\"https:\/\/norrkoping.wordcamp.org\/2018\/files\/2018\/01\/Jetpack_Horizontal_RGB-1.png 545w, https:\/\/norrkoping.wordcamp.org\/2018\/files\/2018\/01\/Jetpack_Horizontal_RGB-1-300x83.png 300w, https:\/\/norrkoping.wordcamp.org\/2018\/files\/2018\/01\/Jetpack_Horizontal_RGB-1-500x138.png 500w\" sizes=\"auto, (max-width: 545px) 100vw, 545px\" \/>\t\t\t\t\t\t\t\n\t\t\t\t\t\t\t\t\t\t\t\t\t\t\t<p>Transform how you work with your WordPress sites and rest easy knowing they\u2019re always firing on all cylinders. Jetpack connects your site to the global services, community, and support provided by WordPress.com so you can focus on the stuff that matters.<\/p>\n<p>Jetpack automatically shields your site from the unwanted attention of spammers, hackers, and malware, while real-time sync and backup means you don\u2019t have to worry about data loss. Straightforward traffic-building tools help you attract the attention of readers and search engines. Pages and videos are delivered at high speed from a global, ad-free content delivery network.<\/p>\n<p>With Jetpack\u2019s Affiliate program you can earn 20% for every sale of Jetpack to your customers and clients. And with unlimited referrals, the sky\u2019s the limit! Refer as many clients and contacts as you can, and get paid for every sale you generate.<\/p>\n<p>Make your site work for you. Get your Jetpack today at <a href=\"http:\/\/jetpack.com\" rel=\"nofollow\">Jetpack.com<\/a><\/p>\n\t\t\t\t\t\t\t\t\t\t\t\t\t<\/div>\n\t\t\t\t\t<\/div><!-- #sponsor -->\n\t\t\t\t\n\t\t\t\t\t<div id=\"wcorg-sponsor-192\" class=\"wcorg-sponsor\">\n\t\t\t\t\t\t\t\t\t\t\t\t\t\t\t\t\t\t\t\t\t<h3>\n\t\t\t\t\t\t\t\t\tAngry Creative\t\t\t\t\t\t\t\t<\/h3>\n\t\t\t\t\t\t\t\t\t\t\t\t\t\n\t\t\t\t\t\t<div class=\"wcorg-sponsor-description\">\n\t\t\t\t\t\t\t\t\t\t\t\t\t\t\t<img loading=\"lazy\" decoding=\"async\" width=\"250\" height=\"111\" src=\"https:\/\/norrkoping.wordcamp.org\/2018\/files\/2018\/04\/loggan-e1524478768452.png\" class=\"attachment-wcb-sponsor-logo-horizontal-2x size-wcb-sponsor-logo-horizontal-2x wp-post-image\" alt=\"Angry Creative\" \/>\t\t\t\t\t\t\t\n\t\t\t\t\t\t\t\t\t\t\t\t\t\t\t<p><span style=\"font-family: -apple-system, BlinkMacSystemFont, 'Segoe UI', Roboto, Oxygen-Sans, Ubuntu, Cantarell, 'Helvetica Neue', sans-serif\">\u00a0<\/span><span style=\"font-family: -apple-system, BlinkMacSystemFont, 'Segoe UI', Roboto, Oxygen-Sans, Ubuntu, Cantarell, 'Helvetica Neue', sans-serif\">Angry Creative \u00e4r en\u00a0<\/span><a style=\"font-family: -apple-system, BlinkMacSystemFont, &#039;Segoe UI&#039;, Roboto, Oxygen-Sans, Ubuntu, Cantarell, &#039;Helvetica Neue&#039;, sans-serif\" href=\"https:\/\/angrycreative.se\" rel=\"nofollow\"><u>digital byr\u00e5<\/u><\/a><span style=\"font-family: -apple-system, BlinkMacSystemFont, 'Segoe UI', Roboto, Oxygen-Sans, Ubuntu, Cantarell, 'Helvetica Neue', sans-serif\">\u00a0med kontor i\u00a0<\/span><u style=\"font-family: -apple-system, BlinkMacSystemFont, 'Segoe UI', Roboto, Oxygen-Sans, Ubuntu, Cantarell, 'Helvetica Neue', sans-serif\"><a href=\"https:\/\/angrycreative.se\/om-oss\/webbyra-stockholm\/\" rel=\"nofollow\">Stockholm<\/a>, <a href=\"https:\/\/angrycreative.se\/om-oss\/webbyra-malmo\/\" rel=\"nofollow\">Malm\u00f6<\/a> &amp; <a href=\"https:\/\/angrycreative.se\/om-oss\/webbyra-norrkoping\/\" rel=\"nofollow\">Norrk\u00f6ping<\/a><\/u><span style=\"font-family: -apple-system, BlinkMacSystemFont, 'Segoe UI', Roboto, Oxygen-Sans, Ubuntu, Cantarell, 'Helvetica Neue', sans-serif\">. Vi sl\u00e5r oss f\u00f6r br\u00f6stet som inte bara Sveriges st\u00f6rsta WordPress-specialist men ocks\u00e5 som den fr\u00e4msta experten inom\u00a0E-handel med WordPress, WooCommerce. Om man vill ha hj\u00e4lp att skala en E-handel med WooCommerce \u00e4r vi dem man skall prata med.<\/span><\/p>\n<div>\n<div id=\"m_-6900317401142374407gmail-m_-1750703455280104709bloop_customfont\"><\/div>\n<div id=\"m_-6900317401142374407gmail-m_-1750703455280104709bloop_customfont\">Med hj\u00e4lp av l\u00e5ng erfarenhet och v\u00e4ldigt genomarbetade processer som fokuserar p\u00e5 s\u00e4kerhet och stabilitet f\u00f6r v\u00e5ra kunder klarar vi av att skapa l\u00f6sningar som ger b\u00e4ttre bang for the buck f\u00f6r v\u00e5ra kunder. Det betyder mer projekt f\u00f6r pengarna med mindre leverant\u00f6rsstrul.<\/div>\n<div id=\"m_-6900317401142374407gmail-m_-1750703455280104709bloop_customfont\"><\/div>\n<div id=\"m_-6900317401142374407gmail-m_-1750703455280104709bloop_customfont\">Tro inte p\u00e5 vad vi s\u00e4ger om v\u00e5r\u00a0<a href=\"http:\/\/angrycreative.se\" rel=\"nofollow\"><b><u>webbyr\u00e5<\/u><\/b><\/a>, fr\u00e5ga ist\u00e4llet v\u00e5ra kunder. Bland dem hittar man Klarna, Bonnier, iDeal of Sweden, Lavendla och m\u00e5nga fler.<\/div>\n<\/div>\n\t\t\t\t\t\t\t\t\t\t\t\t\t<\/div>\n\t\t\t\t\t<\/div><!-- #sponsor -->\n\t\t\t\t\n\t\t\t\t\t<div id=\"wcorg-sponsor-508\" class=\"wcorg-sponsor\">\n\t\t\t\t\t\t\t\t\t\t\t\t\t\t\t\t\t\t\t\t\t<h3>\n\t\t\t\t\t\t\t\t\tNorthosts\t\t\t\t\t\t\t\t<\/h3>\n\t\t\t\t\t\t\t\t\t\t\t\t\t\n\t\t\t\t\t\t<div class=\"wcorg-sponsor-description\">\n\t\t\t\t\t\t\t\t\t\t\t\t\t\t\t<img loading=\"lazy\" decoding=\"async\" width=\"2000\" height=\"437\" src=\"https:\/\/norrkoping.wordcamp.org\/2018\/files\/2018\/07\/northosts_2018_logo_pos_rgb.png\" class=\"attachment-wcb-sponsor-logo-horizontal-2x size-wcb-sponsor-logo-horizontal-2x wp-post-image\" alt=\"Northosts\" srcset=\"https:\/\/norrkoping.wordcamp.org\/2018\/files\/2018\/07\/northosts_2018_logo_pos_rgb.png 2000w, https:\/\/norrkoping.wordcamp.org\/2018\/files\/2018\/07\/northosts_2018_logo_pos_rgb-330x72.png 330w, https:\/\/norrkoping.wordcamp.org\/2018\/files\/2018\/07\/northosts_2018_logo_pos_rgb-768x168.png 768w, https:\/\/norrkoping.wordcamp.org\/2018\/files\/2018\/07\/northosts_2018_logo_pos_rgb-1024x224.png 1024w, https:\/\/norrkoping.wordcamp.org\/2018\/files\/2018\/07\/northosts_2018_logo_pos_rgb-500x109.png 500w, https:\/\/norrkoping.wordcamp.org\/2018\/files\/2018\/07\/northosts_2018_logo_pos_rgb-1000x219.png 1000w\" sizes=\"auto, (max-width: 2000px) 100vw, 2000px\" \/>\t\t\t\t\t\t\t\n\t\t\t\t\t\t\t\t\t\t\t\t\t\t\t<p><strong>Northosts &#8211; levererar WordPress Hosting i v\u00e4rldsklass!<\/strong><\/p>\n<p>S\u00e4kert, p\u00e5litligt och skalbart.<\/p>\n<p>Du driver din WordPress-aff\u00e4r, vi tar hand om resten.<\/p>\n<p><strong>Hosting i Amazon-molnet<\/strong><\/p>\n<p>Amazon \u00e4r \u00f6verl\u00e4gset den st\u00f6rsta och mest kompletta molntj\u00e4nstleverant\u00f6ren, vilket g\u00f6r att vi kan omvandla din WordPress-webbplats till en helt horisontellt skalbar, globalt distribuerad, snabb och framtidss\u00e4ker l\u00f6sning.<\/p>\n<p><strong>Framtidss\u00e4ker hosting &#8211; Full Code Hosting<\/strong><\/p>\n<p>P\u00e5 <a href=\"http:\/\/Northosts.se\" rel=\"nofollow\">Northosts<\/a> bygger vi upp din sida i en komplett horisontell skalbar och drifts\u00e4ker arkitektur. Den drivs av minst tv\u00e5 WordPress-container som s\u00e4krar att det alltid finns en version av sidan uppe, \u00e4ven om en container skulle krascha. Trafiken f\u00f6rdelas av en Elastic Load Balancer, tunga mediafiler distribueras via ett globalt Content Delivery Network (CDN). S\u00e4kerheten bygger p\u00e5 inkapsling i ett eget Virtual Private Cloud (VPC) och en Web-Application-Firewall (WAF), filtrerar bort 60-70% av alla vanliga angrepp (SQL-Injections, XSS-Attak). Vi sk\u00f6ter trafikbevakning, uppgradering av WordPress samt kodhantering och har p\u00e5 det s\u00e4ttet l\u00f6st m\u00e5nga av dagens hosting utmaningar:<\/p>\n<ul>\n<li>Tillf\u00e4lligt h\u00f6g belastning. Trafiken till webbplatsen \u00f6kar tempor\u00e4rt t ex under Black Friday, biljettsl\u00e4pp, lyckat reklamkampanj m m.<\/li>\n<li>Overcrowding i vanlig hosting milj\u00f6. P\u00e5 vanlig hosting delar du server med andra sidor, som p\u00e5verka prestandan \u00e4ven av din hemsida.<\/li>\n<li>Globala f\u00f6rdelning, CDN. Det l\u00f6ser en stor del av de geografiska problemen (statiska filer utg\u00f6r n\u00e4stan alltid den stora datam\u00e4ngden av en sida) och minska \u00e4ven requests till servern.<\/li>\n<\/ul>\n<p>Driv din WooCommerce p\u00e5 samma server-arkitektur som v\u00e4rldens st\u00f6rsta e-handlare, Amazon.<br \/>\nKontakta Northosts &#8211; WordPress Hosting i v\u00e4rldsklass!<\/p>\n\t\t\t\t\t\t\t\t\t\t\t\t\t<\/div>\n\t\t\t\t\t<\/div><!-- #sponsor -->\n\t\t\t\t\t\t\t<\/div><!-- .wcorg-sponsor-level -->\n\t\t\n\t\t\t<div class=\"wcorg-sponsor-level-contributor\">\n\t\t\t\t<h2>Contributor<\/h2>\n\n\t\t\t\t\n\t\t\t\t\t<div id=\"wcorg-sponsor-553\" class=\"wcorg-sponsor\">\n\t\t\t\t\t\t\t\t\t\t\t\t\t\t\t\t\t\t\t\t\t<h3>\n\t\t\t\t\t\t\t\t\tKrokedil\t\t\t\t\t\t\t\t<\/h3>\n\t\t\t\t\t\t\t\t\t\t\t\t\t\n\t\t\t\t\t\t<div class=\"wcorg-sponsor-description\">\n\t\t\t\t\t\t\t\t\t\t\t\t\t\t\t<img loading=\"lazy\" decoding=\"async\" width=\"400\" height=\"72\" src=\"https:\/\/norrkoping.wordcamp.org\/2018\/files\/2018\/07\/webb_logo_400px.png\" class=\"attachment-wcb-sponsor-logo-horizontal-2x size-wcb-sponsor-logo-horizontal-2x wp-post-image\" alt=\"Krokedil\" srcset=\"https:\/\/norrkoping.wordcamp.org\/2018\/files\/2018\/07\/webb_logo_400px.png 400w, https:\/\/norrkoping.wordcamp.org\/2018\/files\/2018\/07\/webb_logo_400px-330x59.png 330w\" sizes=\"auto, (max-width: 400px) 100vw, 400px\" \/>\t\t\t\t\t\t\t\n\t\t\t\t\t\t\t\t\t\t\t\t\t\t\t<p>We offer a range of products that makes it easier for you as a merchant to sell stuff and take payments online. The majority of our work is geared towards our extensions for WooCommerce. Learn more about how to start selling online at <a href=\"https:\/\/krokedil.se\" rel=\"nofollow\">krokedil.se<\/a>.<\/p>\n\t\t\t\t\t\t\t\t\t\t\t\t\t<\/div>\n\t\t\t\t\t<\/div><!-- #sponsor -->\n\t\t\t\t\t\t\t<\/div><!-- .wcorg-sponsor-level -->\n\t\t\n\t\t\t<div class=\"wcorg-sponsor-level-silver\">\n\t\t\t\t<h2>Editor<\/h2>\n\n\t\t\t\t\n\t\t\t\t\t<div id=\"wcorg-sponsor-24\" class=\"wcorg-sponsor\">\n\t\t\t\t\t\t\t\t\t\t\t\t\t\t\t\t\t\t\t\t\t<h3>\n\t\t\t\t\t\t\t\t\tGoDaddy\t\t\t\t\t\t\t\t<\/h3>\n\t\t\t\t\t\t\t\t\t\t\t\t\t\n\t\t\t\t\t\t<div class=\"wcorg-sponsor-description\">\n\t\t\t\t\t\t\t\t\t\t\t\t\t\t\t<img loading=\"lazy\" decoding=\"async\" width=\"400\" height=\"91\" src=\"https:\/\/norrkoping.wordcamp.org\/2018\/files\/2018\/01\/GoDaddy_Pro_RGB_Full_B2.png\" class=\"attachment-wcb-sponsor-logo-horizontal-2x size-wcb-sponsor-logo-horizontal-2x wp-post-image\" alt=\"GoDaddy\" srcset=\"https:\/\/norrkoping.wordcamp.org\/2018\/files\/2018\/01\/GoDaddy_Pro_RGB_Full_B2.png 400w, https:\/\/norrkoping.wordcamp.org\/2018\/files\/2018\/01\/GoDaddy_Pro_RGB_Full_B2-300x68.png 300w\" sizes=\"auto, (max-width: 400px) 100vw, 400px\" \/>\t\t\t\t\t\t\t\n\t\t\t\t\t\t\t\t\t\t\t\t\t\t\t<p>GoDaddy Pro offers a robust suite of free tools to web developers &amp; designers to help them save time managing all their clients and sites. With GoDaddy Pro, you can easily shop for your client, monitor their sites, and manage all their WordPress websites from one place. Exclusive time-saving tools let you update WordPress core, plugins and themes with one click, as well as automate WordPress backups, cloning and migrations. Get real-time performance, security and uptime monitoring across all your websites. Additionally, your free membership includes advanced 24\/7 technical support.<\/p>\n<p>When you pair GoDaddy Pro with GoDaddy hosting products, the benefits are even greater.<\/p>\n<p><a href=\"https:\/\/www.godaddy.com\/pro?utm_source=wcg18&amp;utm_medium=advocacy&amp;utm_campaign=en-us_pro_advocacy_base\" target=\"_blank\" rel=\"noopener nofollow\">Check out the Free Tools<\/a><\/p>\n\t\t\t\t\t\t\t\t\t\t\t\t\t<\/div>\n\t\t\t\t\t<\/div><!-- #sponsor -->\n\t\t\t\t\n\t\t\t\t\t<div id=\"wcorg-sponsor-26\" class=\"wcorg-sponsor\">\n\t\t\t\t\t\t\t\t\t\t\t\t\t\t\t\t\t\t\t\t\t<h3>\n\t\t\t\t\t\t\t\t\tBluehost\t\t\t\t\t\t\t\t<\/h3>\n\t\t\t\t\t\t\t\t\t\t\t\t\t\n\t\t\t\t\t\t<div class=\"wcorg-sponsor-description\">\n\t\t\t\t\t\t\t\t\t\t\t\t\t\t\t<img loading=\"lazy\" decoding=\"async\" width=\"651\" height=\"137\" src=\"https:\/\/norrkoping.wordcamp.org\/2018\/files\/2018\/01\/bh_logo_2015.png\" class=\"attachment-wcb-sponsor-logo-horizontal-2x size-wcb-sponsor-logo-horizontal-2x wp-post-image\" alt=\"Bluehost\" srcset=\"https:\/\/norrkoping.wordcamp.org\/2018\/files\/2018\/01\/bh_logo_2015.png 651w, https:\/\/norrkoping.wordcamp.org\/2018\/files\/2018\/01\/bh_logo_2015-300x63.png 300w, https:\/\/norrkoping.wordcamp.org\/2018\/files\/2018\/01\/bh_logo_2015-500x105.png 500w\" sizes=\"auto, (max-width: 651px) 100vw, 651px\" \/>\t\t\t\t\t\t\t\n\t\t\t\t\t\t\t\t\t\t\t\t\t\t\t<p><a href=\"https:\/\/www.bluehost.com\/\" rel=\"nofollow\">Bluehost<\/a> has been a WordPress partner since 2005 and powers over 1 million WordPress sites worldwide. Their objective is to help customers, whether novice or pro, create a thriving online presence at an affordable price. With a team of in-house tech experts available 24\/7, Bluehost dedicates time and resources to providing the best support and services in the industry. Join millions of other site owners and see what Bluehost can do for you and your online presence.<\/p>\n\t\t\t\t\t\t\t\t\t\t\t\t\t<\/div>\n\t\t\t\t\t<\/div><!-- #sponsor -->\n\t\t\t\t\n\t\t\t\t\t<div id=\"wcorg-sponsor-336\" class=\"wcorg-sponsor\">\n\t\t\t\t\t\t\t\t\t\t\t\t\t\t\t\t\t\t\t\t\t<h3>\n\t\t\t\t\t\t\t\t\tBeebyte\t\t\t\t\t\t\t\t<\/h3>\n\t\t\t\t\t\t\t\t\t\t\t\t\t\n\t\t\t\t\t\t<div class=\"wcorg-sponsor-description\">\n\t\t\t\t\t\t\t\t\t\t\t\t\t\t\t<img loading=\"lazy\" decoding=\"async\" width=\"1302\" height=\"279\" src=\"https:\/\/norrkoping.wordcamp.org\/2018\/files\/2018\/04\/beebyte_logo_black-yellow.jpg\" class=\"attachment-wcb-sponsor-logo-horizontal-2x size-wcb-sponsor-logo-horizontal-2x wp-post-image\" alt=\"Beebyte\" srcset=\"https:\/\/norrkoping.wordcamp.org\/2018\/files\/2018\/04\/beebyte_logo_black-yellow.jpg 1302w, https:\/\/norrkoping.wordcamp.org\/2018\/files\/2018\/04\/beebyte_logo_black-yellow-330x71.jpg 330w, https:\/\/norrkoping.wordcamp.org\/2018\/files\/2018\/04\/beebyte_logo_black-yellow-768x165.jpg 768w, https:\/\/norrkoping.wordcamp.org\/2018\/files\/2018\/04\/beebyte_logo_black-yellow-1024x219.jpg 1024w, https:\/\/norrkoping.wordcamp.org\/2018\/files\/2018\/04\/beebyte_logo_black-yellow-500x107.jpg 500w, https:\/\/norrkoping.wordcamp.org\/2018\/files\/2018\/04\/beebyte_logo_black-yellow-1000x214.jpg 1000w\" sizes=\"auto, (max-width: 1302px) 100vw, 1302px\" \/>\t\t\t\t\t\t\t\n\t\t\t\t\t\t\t\t\t\t\t\t\t\t\t<p>beebyte is a leading Swedish hosting company and cloud provider.<br \/>\nFounded in 2016 it has already grown to over 1000 customers and is expanding rapidly.<br \/>\nBeing deeply committed to the open source community and culture, the<br \/>\ncompany aim is to get more people to communicate by sharing<br \/>\ntechnology and information.<br \/>\nIts developer friendly culture has rendered it among the fastest growing <a href=\"https:\/\/www.beebyte.se\/webbhotell-wordpress\" rel=\"nofollow\">shared hosting<\/a><br \/>\nenvironments in Sweden. <\/p>\n<p>Among beebytes users is one of Swedens largest e-commerce factories<br \/>\nSiteDirect, and hundreds of WordPress and Woocommerce websites:<br \/>\nappreciating the fast and solid performance of beebytes<br \/>\n<a href=\"https:\/\/www.beebyte.se\/prestanda-spelar-roll\/scale-cloud-priser-och-information\" rel=\"nofollow\">VPS<\/a><br \/>\n(virtual servers) and shared hosting services, provided by the blazingly fast 100% SSD storage. <\/p>\n<p>Please visit our website and don&#8217;t hesitate to contact us during Wordcamp. <\/p>\n<p><a href=\"https:\/\/www.beebyte.se\/\" rel=\"nofollow\">www.beebyte.se<\/a><\/p>\n\t\t\t\t\t\t\t\t\t\t\t\t\t<\/div>\n\t\t\t\t\t<\/div><!-- #sponsor -->\n\t\t\t\t\t\t\t<\/div><!-- .wcorg-sponsor-level -->\n\t\t\n\t\t\t<div class=\"wcorg-sponsor-level-microsponsor\">\n\t\t\t\t<h2>Microsponsor<\/h2>\n\n\t\t\t\t\n\t\t\t\t\t<div id=\"wcorg-sponsor-699\" class=\"wcorg-sponsor\">\n\t\t\t\t\t\t\t\t\t\t\t\t\t\t\t\t\t\t\t\t\t<h3>\n\t\t\t\t\t\t\t\t\tM\u00e4lardalens webbyr\u00e5\t\t\t\t\t\t\t\t<\/h3>\n\t\t\t\t\t\t\t\t\t\t\t\t\t\n\t\t\t\t\t\t<div class=\"wcorg-sponsor-description\">\n\t\t\t\t\t\t\t\t\t\t\t\t\t\t\t<img loading=\"lazy\" decoding=\"async\" width=\"600\" height=\"80\" src=\"https:\/\/norrkoping.wordcamp.org\/2018\/files\/2018\/08\/malardalens.png\" class=\"attachment-wcb-sponsor-logo-horizontal-2x size-wcb-sponsor-logo-horizontal-2x wp-post-image\" alt=\"M\u00e4lardalens webbyr\u00e5\" srcset=\"https:\/\/norrkoping.wordcamp.org\/2018\/files\/2018\/08\/malardalens.png 600w, https:\/\/norrkoping.wordcamp.org\/2018\/files\/2018\/08\/malardalens-330x44.png 330w, https:\/\/norrkoping.wordcamp.org\/2018\/files\/2018\/08\/malardalens-500x67.png 500w\" sizes=\"auto, (max-width: 600px) 100vw, 600px\" \/>\t\t\t\t\t\t\t\n\t\t\t\t\t\t\t\t\t\t\t\t\t\t\t\t\t\t\t\t\t\t\t\t\t\t\t\t<\/div>\n\t\t\t\t\t<\/div><!-- #sponsor -->\n\t\t\t\t\n\t\t\t\t\t<div id=\"wcorg-sponsor-702\" class=\"wcorg-sponsor\">\n\t\t\t\t\t\t\t\t\t\t\t\t\t\t\t\t\t\t\t\t\t<h3>\n\t\t\t\t\t\t\t\t\tElseif\t\t\t\t\t\t\t\t<\/h3>\n\t\t\t\t\t\t\t\t\t\t\t\t\t\n\t\t\t\t\t\t<div class=\"wcorg-sponsor-description\">\n\t\t\t\t\t\t\t\t\t\t\t\t\t\t\t<img loading=\"lazy\" decoding=\"async\" width=\"484\" height=\"126\" src=\"https:\/\/norrkoping.wordcamp.org\/2018\/files\/2018\/08\/elseif.png\" class=\"attachment-wcb-sponsor-logo-horizontal-2x size-wcb-sponsor-logo-horizontal-2x wp-post-image\" alt=\"Elseif\" srcset=\"https:\/\/norrkoping.wordcamp.org\/2018\/files\/2018\/08\/elseif.png 484w, https:\/\/norrkoping.wordcamp.org\/2018\/files\/2018\/08\/elseif-330x86.png 330w\" sizes=\"auto, (max-width: 484px) 100vw, 484px\" \/>\t\t\t\t\t\t\t\n\t\t\t\t\t\t\t\t\t\t\t\t\t\t\t\t\t\t\t\t\t\t\t\t\t\t\t\t<\/div>\n\t\t\t\t\t<\/div><!-- #sponsor -->\n\t\t\t\t\n\t\t\t\t\t<div id=\"wcorg-sponsor-713\" class=\"wcorg-sponsor\">\n\t\t\t\t\t\t\t\t\t\t\t\t\t\t\t\t\t\t\t\t\t<h3>\n\t\t\t\t\t\t\t\t\tRedlight Media\t\t\t\t\t\t\t\t<\/h3>\n\t\t\t\t\t\t\t\t\t\t\t\t\t\n\t\t\t\t\t\t<div class=\"wcorg-sponsor-description\">\n\t\t\t\t\t\t\t\t\t\t\t\t\t\t\t<img loading=\"lazy\" decoding=\"async\" width=\"550\" height=\"550\" src=\"https:\/\/norrkoping.wordcamp.org\/2018\/files\/2018\/08\/redlight_media_logo-fav.png\" class=\"attachment-wcb-sponsor-logo-horizontal-2x size-wcb-sponsor-logo-horizontal-2x wp-post-image\" alt=\"Redlight Media\" srcset=\"https:\/\/norrkoping.wordcamp.org\/2018\/files\/2018\/08\/redlight_media_logo-fav.png 550w, https:\/\/norrkoping.wordcamp.org\/2018\/files\/2018\/08\/redlight_media_logo-fav-150x150.png 150w, https:\/\/norrkoping.wordcamp.org\/2018\/files\/2018\/08\/redlight_media_logo-fav-330x330.png 330w, https:\/\/norrkoping.wordcamp.org\/2018\/files\/2018\/08\/redlight_media_logo-fav-300x300.png 300w\" sizes=\"auto, (max-width: 550px) 100vw, 550px\" \/>\t\t\t\t\t\t\t\n\t\t\t\t\t\t\t\t\t\t\t\t\t\t\t\t\t\t\t\t\t\t\t\t\t\t\t\t<\/div>\n\t\t\t\t\t<\/div><!-- #sponsor -->\n\t\t\t\t\t\t\t<\/div><!-- .wcorg-sponsor-level -->\n\t\t\t<\/div><!-- .wcorg-sponsors -->\n\n\t\n<h3>Interested in sponsoring WordCamp Norrk\u00f6ping this year?<\/h3>\n<p>Check out our <a href=\"\/call-for-sponsors\" rel=\"nofollow\">Call for Sponsors<\/a> post for details on how you can help make this year&#8217;s WordCamp the best it can be!<\/p>\n","protected":false},"excerpt":{"rendered":"<p>&nbsp; Interested in sponsoring WordCamp Norrk\u00f6ping this year? Check out our Call for Sponsors post for details on how you can help make this year&#8217;s WordCamp the best it can be!<\/p>\n","protected":false},"author":415022,"featured_media":0,"parent":0,"menu_order":0,"comment_status":"closed","ping_status":"closed","template":"","meta":{"_crdt_document":"","jetpack_post_was_ever_published":false,"footnotes":""},"class_list":["post-10","page","type-page","status-publish","hentry"],"jetpack_sharing_enabled":true,"jetpack_shortlink":"https:\/\/wp.me\/P9CHox-a","_links":{"self":[{"href":"https:\/\/norrkoping.wordcamp.org\/2018\/wp-json\/wp\/v2\/pages\/10","targetHints":{"allow":["GET"]}}],"collection":[{"href":"https:\/\/norrkoping.wordcamp.org\/2018\/wp-json\/wp\/v2\/pages"}],"about":[{"href":"https:\/\/norrkoping.wordcamp.org\/2018\/wp-json\/wp\/v2\/types\/page"}],"author":[{"embeddable":true,"href":"https:\/\/norrkoping.wordcamp.org\/2018\/wp-json\/wp\/v2\/users\/415022"}],"replies":[{"embeddable":true,"href":"https:\/\/norrkoping.wordcamp.org\/2018\/wp-json\/wp\/v2\/comments?post=10"}],"version-history":[{"count":2,"href":"https:\/\/norrkoping.wordcamp.org\/2018\/wp-json\/wp\/v2\/pages\/10\/revisions"}],"predecessor-version":[{"id":297,"href":"https:\/\/norrkoping.wordcamp.org\/2018\/wp-json\/wp\/v2\/pages\/10\/revisions\/297"}],"wp:attachment":[{"href":"https:\/\/norrkoping.wordcamp.org\/2018\/wp-json\/wp\/v2\/media?parent=10"}],"curies":[{"name":"wp","href":"https:\/\/api.w.org\/{rel}","templated":true}]}}