{"id":9,"date":"2015-04-22T14:21:19","date_gmt":"2015-04-22T14:21:19","guid":{"rendered":"https:\/\/2015.norrkoping.wordcamp.org\/location\/"},"modified":"2015-08-14T08:38:42","modified_gmt":"2015-08-14T08:38:42","slug":"location","status":"publish","type":"page","link":"https:\/\/norrkoping.wordcamp.org\/2015\/location\/","title":{"rendered":"Where?"},"content":{"rendered":"<p>The venue for this years WordCamp is <a href=\"http:\/\/visualiseringscenter.se\/\">Visualiseringscenter<\/a> located at the heart of Norrk\u00f6ping. We gracefully thank Link\u00f6ping University for kindly sponsoring us with this venue.<\/p>\n<p><strong>Conference Day: (Friday)<\/strong><br \/>\nVisualiseringscenter<br \/>\nKungsgatan 54<br \/>\n602 33 Norrk\u00f6ping<\/p>\n<div class=\"googlemaps\">\n\t\t\t\t<iframe loading=\"lazy\" width=\"600\" height=\"450\" frameborder=\"0\" scrolling=\"no\" marginheight=\"0\" marginwidth=\"0\"  src=\"https:\/\/www.google.com\/maps\/embed\/v1\/place?q=Visualiseringscenter%20C,%20Kungsgatan,%20Norrk\u00f6ping,%20Sverige&#038;key=AIzaSyB9EQJieFgbenWfhEnCxBr_HuK5XTNeFsw&#038;zoom=14\"><\/iframe>\n\t\t\t<\/div>\n<p><strong>Afterparty<\/strong><br \/>\nEnoteket<br \/>\nLaxholmstorget 3<br \/>\n602 21 Norrk\u00f6ping<\/p>\n<div class=\"googlemaps\">\n\t\t\t\t<iframe loading=\"lazy\" width=\"600\" height=\"450\" frameborder=\"0\" scrolling=\"no\" marginheight=\"0\" marginwidth=\"0\"  src=\"https:\/\/www.google.com\/maps\/embed?pb=!1m18!1m12!1m3!1d2079.398821307406!2d16.180840099999998!3d58.588810299999984!2m3!1f0!2f0!3f0!3m2!1i1024!2i768!4f13.1!3m3!1m2!1s0x46593bb5474d8307:0x8b0f18c02bef6a1e!2sEnoteket!5e0!3m2!1sen!2sse!4v1439541450601\"><\/iframe>\n\t\t\t<\/div>\n<p><strong>Contribution Day: (Saturday)<\/strong><br \/>\nAngry Creative<br \/>\nBr\u00e5ddgatan 7<br \/>\n602 22 Norrk\u00f6ping<\/p>\n<div class=\"googlemaps\">\n\t\t\t\t<iframe loading=\"lazy\" width=\"600\" height=\"450\" frameborder=\"0\" scrolling=\"no\" marginheight=\"0\" marginwidth=\"0\"  src=\"https:\/\/www.google.com\/maps\/embed\/v1\/place?q=Angry%20Creative%20AB,%20Br\u00e5ddgatan,%20Norrk\u00f6ping,%20Sverige&#038;key=AIzaSyB9EQJieFgbenWfhEnCxBr_HuK5XTNeFsw&#038;zoom=14\"><\/iframe>\n\t\t\t<\/div>\n<h2>How to get here<\/h2>\n<p><strong>By Train \/ Bus:<\/strong> Visualiseringscenter is located at walking distance from the Central station, so if you are coming by train or bus its just a quick walk and you are at the location.<\/p>\n<p><strong>By Car:<\/strong> If driving a car there\u2019s a <a href=\"https:\/\/goo.gl\/maps\/ueeKl\">parking just by the Visualiseringscenter, at Kvarngatan 38<\/a>. However, if that is full (and it might be) you\u2019ll have to find another spot. We recommend that you <a href=\"http:\/\/www.norrkoping.se\/bo-miljo\/trafik\/parkering\/\">take a look at Norrk\u00f6pings official parking guide<\/a>.<\/p>\n<p><strong>By plane:<\/strong> If you are coming from far away, we recommend that you take the airplane to Stockholm Skavsta airport. From there you take an airbus to Norrk\u00f6ping and you\u2019ll be here in 30 minutes. <a href=\"https:\/\/2015.norrkoping.wordcamp.org\/contact\/\">Contact us<\/a> if you are feeling a bit insecure and we\u2019ll help you out.<\/p>\n<h2>Where to stay<\/h2>\n<p>Since this is a 2-day event, you\u2019ll probably be wanting someplace to rest. Here\u2019s some places we can recommend:<\/p>\n<p><strong>Cloud hostel<\/strong>, <a href=\"http:\/\/www.cloudhostel.se\">http:\/\/www.cloudhostel.se<\/a>. REALLY close and cheap.\u00a0<em>Use booking code \u201cwordcamp\u201d for 10% discount.<\/em><br \/>\n<strong>Princess hotel<\/strong>, <a href=\"http:\/\/www.princesshotel.se\">http:\/\/www.princesshotel.se<\/a>. Still close, but a bit more fancy.<br \/>\n<strong>Strand hotell<\/strong>, <a href=\"http:\/\/hotellstrand.se\/\">http:\/\/hotellstrand.se\/<\/a>. Really close to the station and quite cozy<\/p>\n","protected":false},"excerpt":{"rendered":"<p>The venue for this years WordCamp is Visualiseringscenter located at the heart of Norrk\u00f6ping. We gracefully thank Link\u00f6ping University for kindly sponsoring us with this venue. Conference Day: (Friday) Visualiseringscenter Kungsgatan 54 602 33 Norrk\u00f6ping Afterparty Enoteket Laxholmstorget 3 602 21 Norrk\u00f6ping Contribution Day: (Saturday) Angry Creative Br\u00e5ddgatan 7 602 22 Norrk\u00f6ping How to get [&hellip;]<\/p>\n","protected":false},"author":8244349,"featured_media":0,"parent":0,"menu_order":0,"comment_status":"open","ping_status":"open","template":"","meta":{"jetpack_post_was_ever_published":false,"footnotes":""},"class_list":["post-9","page","type-page","status-publish","hentry"],"jetpack_sharing_enabled":true,"jetpack_shortlink":"https:\/\/wp.me\/P66B58-9","_links":{"self":[{"href":"https:\/\/norrkoping.wordcamp.org\/2015\/wp-json\/wp\/v2\/pages\/9","targetHints":{"allow":["GET"]}}],"collection":[{"href":"https:\/\/norrkoping.wordcamp.org\/2015\/wp-json\/wp\/v2\/pages"}],"about":[{"href":"https:\/\/norrkoping.wordcamp.org\/2015\/wp-json\/wp\/v2\/types\/page"}],"author":[{"embeddable":true,"href":"https:\/\/norrkoping.wordcamp.org\/2015\/wp-json\/wp\/v2\/users\/8244349"}],"replies":[{"embeddable":true,"href":"https:\/\/norrkoping.wordcamp.org\/2015\/wp-json\/wp\/v2\/comments?post=9"}],"version-history":[{"count":25,"href":"https:\/\/norrkoping.wordcamp.org\/2015\/wp-json\/wp\/v2\/pages\/9\/revisions"}],"predecessor-version":[{"id":567,"href":"https:\/\/norrkoping.wordcamp.org\/2015\/wp-json\/wp\/v2\/pages\/9\/revisions\/567"}],"wp:attachment":[{"href":"https:\/\/norrkoping.wordcamp.org\/2015\/wp-json\/wp\/v2\/media?parent=9"}],"curies":[{"name":"wp","href":"https:\/\/api.w.org\/{rel}","templated":true}]}}