{"id":6,"date":"2015-04-22T14:21:19","date_gmt":"2015-04-22T14:21:19","guid":{"rendered":"https:\/\/2015.norrkoping.wordcamp.org\/speakers\/"},"modified":"2015-04-26T18:47:53","modified_gmt":"2015-04-26T18:47:53","slug":"speakers","status":"publish","type":"page","link":"https:\/\/norrkoping.wordcamp.org\/2015\/speakers\/","title":{"rendered":"Speakers"},"content":{"rendered":"\n\t<div class=\"wcorg-speakers\">\n\n\t\t\n\t\t\t<!-- Organizers note: The id attribute is deprecated and only remains for backwards compatibility, please use the corresponding class to target individual speakers -->\n\t\t\t<div id=\"wcorg-speaker-olaf-lindstrom\" class=\"wcorg-speaker wcorg-speaker-olaf-lindstrom wcorg-track-vr-arena-room\">\n\t\t\t\t<h2>\n\t\t\t\t\t\n\t\t\t\t\t\tOlaf Lindstr\u00f6m\n\t\t\t\t\t\t\t\t\t<\/h2>\n\n\t\t\t\t<div class=\"wcorg-speaker-description\">\n\t\t\t\t\t<img alt='' src='https:\/\/secure.gravatar.com\/avatar\/360f5e837278b8abdded5d0cc9b377c1c20de5f4a4713a5c838dbbbb139c1283?s=100&#038;d=mm&#038;r=g' srcset='https:\/\/secure.gravatar.com\/avatar\/360f5e837278b8abdded5d0cc9b377c1c20de5f4a4713a5c838dbbbb139c1283?s=200&#038;d=mm&#038;r=g 2x' class='avatar avatar-100 photo' height='100' width='100' \/>\t\t\t\t\t<p>WordPress developer working at Knowit. Enjoys creating WordPress sites for larger clients and creating good workflows in WordPress development\/management.<\/p>\n\t\t\t\t<\/div>\n\t\t\t<\/div>\n\n\t\t\n\t\t\t<!-- Organizers note: The id attribute is deprecated and only remains for backwards compatibility, please use the corresponding class to target individual speakers -->\n\t\t\t<div id=\"wcorg-speaker-magnus-jahrl\" class=\"wcorg-speaker wcorg-speaker-magnus-jahrl wcorg-track-vr-arena-room\">\n\t\t\t\t<h2>\n\t\t\t\t\t\n\t\t\t\t\t\tMagnus Jahrl\n\t\t\t\t\t\t\t\t\t<\/h2>\n\n\t\t\t\t<div class=\"wcorg-speaker-description\">\n\t\t\t\t\t<img alt='' src='https:\/\/secure.gravatar.com\/avatar\/2fd727a07b8ca288a6edf3fddb402699a0ce0e310680fc9339a1dd7bc64b7e66?s=100&#038;d=mm&#038;r=g' srcset='https:\/\/secure.gravatar.com\/avatar\/2fd727a07b8ca288a6edf3fddb402699a0ce0e310680fc9339a1dd7bc64b7e66?s=200&#038;d=mm&#038;r=g 2x' class='avatar avatar-100 photo' height='100' width='100' \/>\t\t\t\t\t<p>Magnus has worked with web and e-commerce since the late 90 &#8216;s. There has working with both his own businesses, working with front end development, selling everything from complete e-commerce solutions to usability, and also helped others to launch their e-business.<\/p>\n<p>Today Magnus works as eCommerce Manager at <a href=\"http:\/\/www.securitas.com\/en\/\">Securitas<\/a> in Europe working mainly with WordPress and WooCommerce. The last 5 years, WordPress has been the tool that has been in focus, not only because it is convenient to work with or making it easy to get started with, but especially all the Open Source community around the platform.<\/p>\n\t\t\t\t<\/div>\n\t\t\t<\/div>\n\n\t\t\n\t\t\t<!-- Organizers note: The id attribute is deprecated and only remains for backwards compatibility, please use the corresponding class to target individual speakers -->\n\t\t\t<div id=\"wcorg-speaker-niklas-hogefjord\" class=\"wcorg-speaker wcorg-speaker-niklas-hogefjord wcorg-track-vr-arena-room\">\n\t\t\t\t<h2>\n\t\t\t\t\t\n\t\t\t\t\t\tNiklas H\u00f6gefjord\n\t\t\t\t\t\t\t\t\t<\/h2>\n\n\t\t\t\t<div class=\"wcorg-speaker-description\">\n\t\t\t\t\t<img alt='' src='https:\/\/secure.gravatar.com\/avatar\/3a59581ebca8c00b29073e980ceb20db3d6e123d429c2f7f510eb4bd88f1e0ef?s=100&#038;d=mm&#038;r=g' srcset='https:\/\/secure.gravatar.com\/avatar\/3a59581ebca8c00b29073e980ceb20db3d6e123d429c2f7f510eb4bd88f1e0ef?s=200&#038;d=mm&#038;r=g 2x' class='avatar avatar-100 photo' height='100' width='100' \/>\t\t\t\t\t<p class=\"p1\"><span class=\"s1\">Niklas is a web developer and WordPress addict from Sweden. He is the founder of <a href=\"https:\/\/krokedil.se\/\">Krokedil<\/a>, a WordPress agency focusing on WooCommerce related solutions. Niklas is also organizing the <a href=\"http:\/\/www.meetup.com\/WordPress-Arvika\/\">Arvika WordPress Meetup Group<\/a>, probably one of the smallest WP meetup groups in the world.<\/span><\/p>\n\t\t\t\t<\/div>\n\t\t\t<\/div>\n\n\t\t\n\t\t\t<!-- Organizers note: The id attribute is deprecated and only remains for backwards compatibility, please use the corresponding class to target individual speakers -->\n\t\t\t<div id=\"wcorg-speaker-stanislav-khromov\" class=\"wcorg-speaker wcorg-speaker-stanislav-khromov wcorg-track-dome-room\">\n\t\t\t\t<h2>\n\t\t\t\t\t\n\t\t\t\t\t\tStanislav Khromov\n\t\t\t\t\t\t\t\t\t<\/h2>\n\n\t\t\t\t<div class=\"wcorg-speaker-description\">\n\t\t\t\t\t<img alt='' src='https:\/\/secure.gravatar.com\/avatar\/3975396d0412f72f2ed8ce8494099587da4ccdf8501c0a05f7d617c6adbc07af?s=100&#038;d=mm&#038;r=g' srcset='https:\/\/secure.gravatar.com\/avatar\/3975396d0412f72f2ed8ce8494099587da4ccdf8501c0a05f7d617c6adbc07af?s=200&#038;d=mm&#038;r=g 2x' class='avatar avatar-100 photo' height='100' width='100' \/>\t\t\t\t\t<p>Stanislav is a long-time WordPress developer with a passion for web performance and digital journalism. He has worked with everything from individuals and small companies to large publishing houses. Currently, Stanislav works in the WordPress team at <a href=\"http:\/\/www.aftonbladet.se\/\">Aftonbladet<\/a> (Schibsted Media Group), the largest news publication in Sweden.<\/p>\n\t\t\t\t<\/div>\n\t\t\t<\/div>\n\n\t\t\n\t\t\t<!-- Organizers note: The id attribute is deprecated and only remains for backwards compatibility, please use the corresponding class to target individual speakers -->\n\t\t\t<div id=\"wcorg-speaker-peter-elmered\" class=\"wcorg-speaker wcorg-speaker-peter-elmered wcorg-track-vr-arena-room\">\n\t\t\t\t<h2>\n\t\t\t\t\t\n\t\t\t\t\t\tPeter Elmered\n\t\t\t\t\t\t\t\t\t<\/h2>\n\n\t\t\t\t<div class=\"wcorg-speaker-description\">\n\t\t\t\t\t<img alt='' src='https:\/\/secure.gravatar.com\/avatar\/3fc5c19448ac11af77230a58f64c63c2209ffc54f577eee2d6120dff14bfccd7?s=100&#038;d=mm&#038;r=g' srcset='https:\/\/secure.gravatar.com\/avatar\/3fc5c19448ac11af77230a58f64c63c2209ffc54f577eee2d6120dff14bfccd7?s=200&#038;d=mm&#038;r=g 2x' class='avatar avatar-100 photo' height='100' width='100' \/>\t\t\t\t\t<p class=\"p1\"><span class=\"s1\">Peter is a web developer and e-commerce consultant at <a href=\"https:\/\/angrycreative.se\/\" rel=\"nofollow\">Angry Creative<\/a> in Norrk\u00f6ping, Sweden, where he creates advanced customised websites and e-commerce solutions using WordPress and WooCommerce. He\u2019s very active in the Swedish WordPress community and loves to help other people and contribute with open source code, both in his own projects and other community projects such as WooCommerce.<\/span><\/p>\n\t\t\t\t<\/div>\n\t\t\t<\/div>\n\n\t\t\n\t\t\t<!-- Organizers note: The id attribute is deprecated and only remains for backwards compatibility, please use the corresponding class to target individual speakers -->\n\t\t\t<div id=\"wcorg-speaker-erik-bernskiold\" class=\"wcorg-speaker wcorg-speaker-erik-bernskiold wcorg-track-vr-arena-room\">\n\t\t\t\t<h2>\n\t\t\t\t\t\n\t\t\t\t\t\tErik Bernskiold\n\t\t\t\t\t\t\t\t\t<\/h2>\n\n\t\t\t\t<div class=\"wcorg-speaker-description\">\n\t\t\t\t\t<img alt='' src='https:\/\/secure.gravatar.com\/avatar\/b8f360ecb3498988e8685ce8a603bdde18181bb1c6e371563dff40b2510f604f?s=100&#038;d=mm&#038;r=g' srcset='https:\/\/secure.gravatar.com\/avatar\/b8f360ecb3498988e8685ce8a603bdde18181bb1c6e371563dff40b2510f604f?s=200&#038;d=mm&#038;r=g 2x' class='avatar avatar-100 photo' height='100' width='100' \/>\t\t\t\t\t<p>Erik is the Managing Director of <a href=\"https:\/\/www.bernskioldmedia.com\">Bernskiold Media<\/a>, a boutique web consultancy. Every day he works with clients around the globe to build viable web solutions to reach real business goals, where his passion lies. Erik combines his over ten years of professional experience in web development with his academic and professional knowledge of economics and psychology to deliver highly tailored and effective solutions that simply put enables businesses to make more money from their websites.<\/p>\n\t\t\t\t<\/div>\n\t\t\t<\/div>\n\n\t\t\n\t\t\t<!-- Organizers note: The id attribute is deprecated and only remains for backwards compatibility, please use the corresponding class to target individual speakers -->\n\t\t\t<div id=\"wcorg-speaker-edmund-turbin\" class=\"wcorg-speaker wcorg-speaker-edmund-turbin wcorg-track-dome-room\">\n\t\t\t\t<h2>\n\t\t\t\t\t\n\t\t\t\t\t\tEdmund Turbin\n\t\t\t\t\t\t\t\t\t<\/h2>\n\n\t\t\t\t<div class=\"wcorg-speaker-description\">\n\t\t\t\t\t<img alt='' src='https:\/\/secure.gravatar.com\/avatar\/9d8a73f917e4e08ded102d68e3bf08137787b7beae42405867ebde603f34e03a?s=100&#038;d=mm&#038;r=g' srcset='https:\/\/secure.gravatar.com\/avatar\/9d8a73f917e4e08ded102d68e3bf08137787b7beae42405867ebde603f34e03a?s=200&#038;d=mm&#038;r=g 2x' class='avatar avatar-100 photo' height='100' width='100' \/>\t\t\t\t\t<p><span style=\"font-weight: 400\">Edmund is a London based Solutions Engineer at <a href=\"http:\/\/wpengine.com\/\" rel=\"nofollow\">WP Engine<\/a> originally from New York. \u00a0He has professional experience as web developer and has been advocating the benefits of content management systems for over 10 years. He has worked with numerous proprietary and open source CMS platforms at media, publishing and advertising companies and has a passion for front end development and development workflows. \u00a0Follow him on twitter: <a href=\"https:\/\/twitter.com\/spicecadet\">@spicecadet<\/a><\/span><\/p>\n\t\t\t\t<\/div>\n\t\t\t<\/div>\n\n\t\t\n\t\t\t<!-- Organizers note: The id attribute is deprecated and only remains for backwards compatibility, please use the corresponding class to target individual speakers -->\n\t\t\t<div id=\"wcorg-speaker-hans-helge-burger\" class=\"wcorg-speaker wcorg-speaker-hans-helge-burger wcorg-track-dome-room\">\n\t\t\t\t<h2>\n\t\t\t\t\t\n\t\t\t\t\t\tHans-Helge B\u00fcrger\n\t\t\t\t\t\t\t\t\t<\/h2>\n\n\t\t\t\t<div class=\"wcorg-speaker-description\">\n\t\t\t\t\t<img alt='' src='https:\/\/secure.gravatar.com\/avatar\/2bad241489c180589df98139823a92f1a84839196620090e089fdd51d67dc745?s=100&#038;d=mm&#038;r=g' srcset='https:\/\/secure.gravatar.com\/avatar\/2bad241489c180589df98139823a92f1a84839196620090e089fdd51d67dc745?s=200&#038;d=mm&#038;r=g 2x' class='avatar avatar-100 photo' height='100' width='100' \/>\t\t\t\t\t<p>Hans-Helge is a german master student at TU Berlin and is doing his masters in computer science. In University he deals with Machine Learning and Data Science methods to do some data wrangling. Besides university, Hans-Helge is an active member of the germanophone WordPress community and helps organizing WordCamp Berlin.<\/p>\n<p>With <a href=\"http:\/\/dicentis.io\/\">Dicentis<\/a>, Hans-Helge builds a new podcast plugin for CMS centric websites, which use podcasts as marketing instrument and not for primary content. The plugin is still in its early state but keeps improving over time.<\/p>\n<p>Hans-Helge loves to keep a clean work-live-balance and is a passionated singer in a Berlin choir and love to break out into nature for a good hike.<\/p>\n\t\t\t\t<\/div>\n\t\t\t<\/div>\n\n\t\t\n\t\t\t<!-- Organizers note: The id attribute is deprecated and only remains for backwards compatibility, please use the corresponding class to target individual speakers -->\n\t\t\t<div id=\"wcorg-speaker-erik-johansson\" class=\"wcorg-speaker wcorg-speaker-erik-johansson wcorg-track-vr-arena-room\">\n\t\t\t\t<h2>\n\t\t\t\t\t\n\t\t\t\t\t\tErik Johansson\n\t\t\t\t\t\t\t\t\t<\/h2>\n\n\t\t\t\t<div class=\"wcorg-speaker-description\">\n\t\t\t\t\t<img alt='' src='https:\/\/secure.gravatar.com\/avatar\/9faa389e812dc30e422338e24ab091650be419848d3061b935162f426797de57?s=100&#038;d=mm&#038;r=g' srcset='https:\/\/secure.gravatar.com\/avatar\/9faa389e812dc30e422338e24ab091650be419848d3061b935162f426797de57?s=200&#038;d=mm&#038;r=g 2x' class='avatar avatar-100 photo' height='100' width='100' \/>\t\t\t\t\t<p>I am working as &#8220;Lead Architect for Mobile and Open Source Solutions&#8221; at <a href=\"http:\/\/avantime.se\/\">Avantime Group<\/a>, a Stockholm based web consultant firm. The architecture role means that I see a lot of business cases, customer software architectures and infrastructures, frameworks that gives us possibilities and so on and uses all these experiences to bring better solutions and architectures to our customers.<\/p>\n<p>I started as web developer with WordPress in 2009. Right from the start I jumped into other languages, frameworks, content management systems to see what we could learn and evolve the WordPress experience. During these years I&#8217;ve constantly been open minded, using as many systems as possible, to be able to bring the best software architect solution to our customer for their business cases.<\/p>\n\t\t\t\t<\/div>\n\t\t\t<\/div>\n\n\t\t\n\t\t\t<!-- Organizers note: The id attribute is deprecated and only remains for backwards compatibility, please use the corresponding class to target individual speakers -->\n\t\t\t<div id=\"wcorg-speaker-miljenko-rebernisak\" class=\"wcorg-speaker wcorg-speaker-miljenko-rebernisak wcorg-track-dome-room\">\n\t\t\t\t<h2>\n\t\t\t\t\t\n\t\t\t\t\t\tMiljenko Reberni\u0161ak\n\t\t\t\t\t\t\t\t\t<\/h2>\n\n\t\t\t\t<div class=\"wcorg-speaker-description\">\n\t\t\t\t\t<img alt='' src='https:\/\/secure.gravatar.com\/avatar\/b3ee2d8f844eed336d6b3bac33bfb15cc478a642bacda8ef26f9969022422a6f?s=100&#038;d=mm&#038;r=g' srcset='https:\/\/secure.gravatar.com\/avatar\/b3ee2d8f844eed336d6b3bac33bfb15cc478a642bacda8ef26f9969022422a6f?s=200&#038;d=mm&#038;r=g 2x' class='avatar avatar-100 photo' height='100' width='100' \/>\t\t\t\t\t<p>Miljenko, \u0430s a kid was curious how his electronic toys work, so he disassembled and assembled most of them. At the age of 13, he created his first website. Over the years he continued exploring technology, gaining experience by developing desktop, android and web applications.<\/p>\n<p>Now he works as a software engineer for <a href=\"http:\/\/devana.rs\/\">Devana Technologies<\/a> &#8211; a company behind <a href=\"https:\/\/managewp.com\/\">ManageWP<\/a>. His daily job at ManageWP includes building infrastructure and applications to automate management of large scale WordPress sites.<\/p>\n\t\t\t\t<\/div>\n\t\t\t<\/div>\n\n\t\t\n\t\t\t<!-- Organizers note: The id attribute is deprecated and only remains for backwards compatibility, please use the corresponding class to target individual speakers -->\n\t\t\t<div id=\"wcorg-speaker-andreasek\" class=\"wcorg-speaker wcorg-speaker-andreasek wcorg-track-vr-arena-room\">\n\t\t\t\t<h2>\n\t\t\t\t\t\n\t\t\t\t\t\tAndreas Ek\n\t\t\t\t\t\t\t\t\t<\/h2>\n\n\t\t\t\t<div class=\"wcorg-speaker-description\">\n\t\t\t\t\t<img alt='' src='https:\/\/secure.gravatar.com\/avatar\/4dc3a14074686d18519c3a588a1f5382eabe8ba8b9fc4a6449368d8fe16f800c?s=100&#038;d=mm&#038;r=g' srcset='https:\/\/secure.gravatar.com\/avatar\/4dc3a14074686d18519c3a588a1f5382eabe8ba8b9fc4a6449368d8fe16f800c?s=200&#038;d=mm&#038;r=g 2x' class='avatar avatar-100 photo' height='100' width='100' \/>\t\t\t\t\t<p>Andreas is a consultant specialized in web production automation based on open source solutions such as WordPress. His passion is business automation and he has experience from building administrative web solutions for various industries, including education, publishing, and government.<\/p>\n\t\t\t\t<\/div>\n\t\t\t<\/div>\n\n\t\t\n\t\t\t<!-- Organizers note: The id attribute is deprecated and only remains for backwards compatibility, please use the corresponding class to target individual speakers -->\n\t\t\t<div id=\"wcorg-speaker-marko-heijnen\" class=\"wcorg-speaker wcorg-speaker-marko-heijnen wcorg-track-dome-room\">\n\t\t\t\t<h2>\n\t\t\t\t\t\n\t\t\t\t\t\tMarko Heijnen\n\t\t\t\t\t\t\t\t\t<\/h2>\n\n\t\t\t\t<div class=\"wcorg-speaker-description\">\n\t\t\t\t\t<img alt='' src='https:\/\/secure.gravatar.com\/avatar\/b518a5cf86a31ce1c2a64870b6e15a1e63e9827afc75f8fc12f7095d0cce7fb4?s=100&#038;d=mm&#038;r=g' srcset='https:\/\/secure.gravatar.com\/avatar\/b518a5cf86a31ce1c2a64870b6e15a1e63e9827afc75f8fc12f7095d0cce7fb4?s=200&#038;d=mm&#038;r=g 2x' class='avatar avatar-100 photo' height='100' width='100' \/>\t\t\t\t\t<p>Marko is a long term WordPress contributor from the Netherlands. He runs his own company called CodeKitchen B.V where he build projects for clients but also own products and services. Beside his work on WordPress he also works on GlotPress to build a better open source tool for translations. Almost directly after he started in 2012 he became one of the lead developers. He shares a lot of his knowledge on his blogs at <a href=\"http:\/\/markoheijnen.com\/\">markoheijnen.com<\/a> and <a href=\"http:\/\/wpunknown.com\/\">wpunknown.com<\/a>. Also he shares a lot of he code on his GitHub page and he can be found on Twitter <a href=\"https:\/\/twitter.com\/markoheijnen\">@MarkoHeijnen<\/a> when you have questions.<\/p>\n\t\t\t\t<\/div>\n\t\t\t<\/div>\n\n\t\t\n\t\t\t<!-- Organizers note: The id attribute is deprecated and only remains for backwards compatibility, please use the corresponding class to target individual speakers -->\n\t\t\t<div id=\"wcorg-speaker-bernhard-kau\" class=\"wcorg-speaker wcorg-speaker-bernhard-kau wcorg-track-vr-arena-room\">\n\t\t\t\t<h2>\n\t\t\t\t\t\n\t\t\t\t\t\tBernhard Kau\n\t\t\t\t\t\t\t\t\t<\/h2>\n\n\t\t\t\t<div class=\"wcorg-speaker-description\">\n\t\t\t\t\t<img alt='' src='https:\/\/secure.gravatar.com\/avatar\/511550cded15f775ec2d13ad9752ef8668c6fc59feb927d3a6f5922cd6e562b3?s=100&#038;d=mm&#038;r=g' srcset='https:\/\/secure.gravatar.com\/avatar\/511550cded15f775ec2d13ad9752ef8668c6fc59feb927d3a6f5922cd6e562b3?s=200&#038;d=mm&#038;r=g 2x' class='avatar avatar-100 photo' height='100' width='100' \/>\t\t\t\t\t<p>Bernhard is a PHP developer living in Berlin, Germany. He is a passionate WordPress user, plugin developer, and community member. He also organizes WordPress events, like <a href=\"http:\/\/www.meetup.com\/Berlin-WordPress-Meetup\/\">Berlin WordPress Meetup<\/a>.<\/p>\n\t\t\t\t<\/div>\n\t\t\t<\/div>\n\n\t\t\n\t\t\t<!-- Organizers note: The id attribute is deprecated and only remains for backwards compatibility, please use the corresponding class to target individual speakers -->\n\t\t\t<div id=\"wcorg-speaker-milan-ivanovic\" class=\"wcorg-speaker wcorg-speaker-milan-ivanovic wcorg-track-dome-room\">\n\t\t\t\t<h2>\n\t\t\t\t\t\n\t\t\t\t\t\tMilan Ivanovic\n\t\t\t\t\t\t\t\t\t<\/h2>\n\n\t\t\t\t<div class=\"wcorg-speaker-description\">\n\t\t\t\t\t<img alt='' src='https:\/\/secure.gravatar.com\/avatar\/8a9ff80bca90110529a52a1593c0b1f40f04694945848e3f0ea2cceb20a5c141?s=100&#038;d=mm&#038;r=g' srcset='https:\/\/secure.gravatar.com\/avatar\/8a9ff80bca90110529a52a1593c0b1f40f04694945848e3f0ea2cceb20a5c141?s=200&#038;d=mm&#038;r=g 2x' class='avatar avatar-100 photo' height='100' width='100' \/>\t\t\t\t\t<p>Milan is a WordPress enthusiast. He is one of the founders of the WordPress community in Serbia, the organiser of WPSerbia Meetups and also one of two founders of WordCamp Belgrade.<\/p>\n<p>Working as Happiness Engineer in <a href=\"http:\/\/devana.rs\/\">Devana Technologies<\/a>, on developing themes and supporting <a href=\"https:\/\/managewp.com\/\">ManageWP<\/a>.<\/p>\n<p>Frontend developer with extensive web development and web design experience. Creating high-end, responsive websites using WordPress.<\/p>\n<p>One of the lecturers and founders of WordPress Academy in Serbia, giving talks and free WordPress Workshops. Member of Theme Review Team. More on: <a href=\"http:\/\/lanche86.com\/\">http:\/\/lanche86.com<\/a><\/p>\n\t\t\t\t<\/div>\n\t\t\t<\/div>\n\n\t\t\n\t\t\t<!-- Organizers note: The id attribute is deprecated and only remains for backwards compatibility, please use the corresponding class to target individual speakers -->\n\t\t\t<div id=\"wcorg-speaker-karin-taliga\" class=\"wcorg-speaker wcorg-speaker-karin-taliga wcorg-track-dome-room\">\n\t\t\t\t<h2>\n\t\t\t\t\t\n\t\t\t\t\t\tKarin Taliga\n\t\t\t\t\t\t\t\t\t<\/h2>\n\n\t\t\t\t<div class=\"wcorg-speaker-description\">\n\t\t\t\t\t<img alt='' src='https:\/\/secure.gravatar.com\/avatar\/8b60540262e730ea63e59d1aba38f823cfdfcdc5898970a49e212ace62ffbe31?s=100&#038;d=mm&#038;r=g' srcset='https:\/\/secure.gravatar.com\/avatar\/8b60540262e730ea63e59d1aba38f823cfdfcdc5898970a49e212ace62ffbe31?s=200&#038;d=mm&#038;r=g 2x' class='avatar avatar-100 photo' height='100' width='100' \/>\t\t\t\t\t<p>Karin is the owner of <a href=\"http:\/\/invistruct.com\/\">Invistruct<\/a>, a Gothenburg based web consultant firm. She has been involved with WordPress since 2008, and is a lead developer of the <a href=\"http:\/\/thematictheme.com\/\">Thematic theme framework<\/a>.<\/p>\n<p>Karin is mainly self-taught and addicted to learning. This, combined with her perfectionism, can both be a good and a bad thing. She works hard to ensure it&#8217;s the former rather than the latter.<\/p>\n<p>Karin blogs about professional and personal development at <a href=\"http:\/\/thepilcrow.net\/\">the pilcrow<\/a>.<\/p>\n\t\t\t\t<\/div>\n\t\t\t<\/div>\n\n\t\t\n\t\t\t<!-- Organizers note: The id attribute is deprecated and only remains for backwards compatibility, please use the corresponding class to target individual speakers -->\n\t\t\t<div id=\"wcorg-speaker-franz-vitulli\" class=\"wcorg-speaker wcorg-speaker-franz-vitulli wcorg-track-vr-arena-room\">\n\t\t\t\t<h2>\n\t\t\t\t\t\n\t\t\t\t\t\tFranz Vitulli\n\t\t\t\t\t\t\t\t\t<\/h2>\n\n\t\t\t\t<div class=\"wcorg-speaker-description\">\n\t\t\t\t\t<img alt='' src='https:\/\/secure.gravatar.com\/avatar\/12001daf1ff0968cf50b5feaf8143c23c6ebdfd747f16dc7eb1bc06b1be984db?s=100&#038;d=mm&#038;r=g' srcset='https:\/\/secure.gravatar.com\/avatar\/12001daf1ff0968cf50b5feaf8143c23c6ebdfd747f16dc7eb1bc06b1be984db?s=200&#038;d=mm&#038;r=g 2x' class='avatar avatar-100 photo' height='100' width='100' \/>\t\t\t\t\t<p><a href=\"http:\/\/www.franzvitulli.com\/\" target=\"_blank\">Franz<\/a> works as Product Marketing Specialist for <a href=\"http:\/\/hmn.md\/\" target=\"_blank\">Human Made<\/a>, the WordPress agency \u2013 and <a href=\"http:\/\/vip.wordpress.com\/\" target=\"_blank\">WordPress.com VIP<\/a> partner \u2013 behind <a href=\"http:\/\/www.happytables.com\/\" target=\"_blank\">Happytables<\/a>, <a href=\"http:\/\/wpremote.com\/\" target=\"_blank\">WP Remote<\/a> and <a href=\"https:\/\/wordpress.org\/plugins\/backupwordpress\/\" target=\"_blank\">BackUpWordPress<\/a>. He\u2019s responsible for Happytables user support and training, documentation, social updates and other marketing activities.<\/p>\n<p>Originally from Italy, he\u2019s been living in UK for three years. When he\u2019s not in front of his laptop, he\u2019s either playing one of his bass guitars or brewing a good cup of Earl Grey tea. Follow him <a href=\"http:\/\/twitter.com\/franzvitulli\" target=\"_blank\">@franzvitulli<\/a>.<\/p>\n\t\t\t\t<\/div>\n\t\t\t<\/div>\n\n\t\t\n\t\t\t<!-- Organizers note: The id attribute is deprecated and only remains for backwards compatibility, please use the corresponding class to target individual speakers -->\n\t\t\t<div id=\"wcorg-speaker-christoffer-larsson\" class=\"wcorg-speaker wcorg-speaker-christoffer-larsson wcorg-track-dome-room\">\n\t\t\t\t<h2>\n\t\t\t\t\t\n\t\t\t\t\t\tChristoffer Larsson\n\t\t\t\t\t\t\t\t\t<\/h2>\n\n\t\t\t\t<div class=\"wcorg-speaker-description\">\n\t\t\t\t\t<img alt='' src='https:\/\/secure.gravatar.com\/avatar\/2e7af5343d4f51145971a52e3190d0b581f67100db70b348bb2847cce847325f?s=100&#038;d=mm&#038;r=g' srcset='https:\/\/secure.gravatar.com\/avatar\/2e7af5343d4f51145971a52e3190d0b581f67100db70b348bb2847cce847325f?s=200&#038;d=mm&#038;r=g 2x' class='avatar avatar-100 photo' height='100' width='100' \/>\t\t\t\t\t<p>Swedish web developer \u2013 in love with the Internet. Hacking the web since 1999. Bachelor of science in Media technology and a Master of science in Electronics with focus on web development.<\/p>\n<p>Christoffer is the lead developer of <a href=\"https:\/\/kit.se\/\">kit.se<\/a>, a media startup owned by Peder Bonnier, Fredrik Str\u00f6mberg, Robert Br\u00e4nnstr\u00f6m and Bonnier Growth.<\/p>\n<p>Previously he\u2019s been the Lead Developer for WordPress at Aftonbladet and Head of web development at V\u00e4sterbottens-Kuriren AB.<\/p>\n\t\t\t\t<\/div>\n\t\t\t<\/div>\n\n\t\t\n\t\t\t<!-- Organizers note: The id attribute is deprecated and only remains for backwards compatibility, please use the corresponding class to target individual speakers -->\n\t\t\t<div id=\"wcorg-speaker-jimmy-rosen\" class=\"wcorg-speaker wcorg-speaker-jimmy-rosen wcorg-track-vr-arena-room\">\n\t\t\t\t<h2>\n\t\t\t\t\t\n\t\t\t\t\t\tJimmy Ros\u00e9n\n\t\t\t\t\t\t\t\t\t<\/h2>\n\n\t\t\t\t<div class=\"wcorg-speaker-description\">\n\t\t\t\t\t<img alt='' src='https:\/\/secure.gravatar.com\/avatar\/0b00d485946445985a60cf37aa1c9940d84d19673da43a0b52733d1e2076c5f9?s=100&#038;d=mm&#038;r=g' srcset='https:\/\/secure.gravatar.com\/avatar\/0b00d485946445985a60cf37aa1c9940d84d19673da43a0b52733d1e2076c5f9?s=200&#038;d=mm&#038;r=g 2x' class='avatar avatar-100 photo' height='100' width='100' \/>\t\t\t\t\t<p>Jimmy is a long-time WordPress and Open Source enthusiast with a love for business models. Jimmy runs the WordPress-centric bureau <a href=\"https:\/\/angrycreative.se\" rel=\"nofollow\">Angry Creative<\/a> where he acts as a product owner.<\/p>\n\t\t\t\t<\/div>\n\t\t\t<\/div>\n\n\t\t\n\t<\/div>\n\n\t\n","protected":false},"excerpt":{"rendered":"","protected":false},"author":8244349,"featured_media":0,"parent":0,"menu_order":0,"comment_status":"open","ping_status":"open","template":"","meta":{"jetpack_post_was_ever_published":false,"footnotes":""},"class_list":["post-6","page","type-page","status-publish","hentry"],"jetpack_sharing_enabled":true,"jetpack_shortlink":"https:\/\/wp.me\/P66B58-6","_links":{"self":[{"href":"https:\/\/norrkoping.wordcamp.org\/2015\/wp-json\/wp\/v2\/pages\/6","targetHints":{"allow":["GET"]}}],"collection":[{"href":"https:\/\/norrkoping.wordcamp.org\/2015\/wp-json\/wp\/v2\/pages"}],"about":[{"href":"https:\/\/norrkoping.wordcamp.org\/2015\/wp-json\/wp\/v2\/types\/page"}],"author":[{"embeddable":true,"href":"https:\/\/norrkoping.wordcamp.org\/2015\/wp-json\/wp\/v2\/users\/8244349"}],"replies":[{"embeddable":true,"href":"https:\/\/norrkoping.wordcamp.org\/2015\/wp-json\/wp\/v2\/comments?post=6"}],"version-history":[{"count":1,"href":"https:\/\/norrkoping.wordcamp.org\/2015\/wp-json\/wp\/v2\/pages\/6\/revisions"}],"predecessor-version":[{"id":138,"href":"https:\/\/norrkoping.wordcamp.org\/2015\/wp-json\/wp\/v2\/pages\/6\/revisions\/138"}],"wp:attachment":[{"href":"https:\/\/norrkoping.wordcamp.org\/2015\/wp-json\/wp\/v2\/media?parent=6"}],"curies":[{"name":"wp","href":"https:\/\/api.w.org\/{rel}","templated":true}]}}