{"id":5,"date":"2013-11-14T20:25:40","date_gmt":"2013-11-14T20:25:40","guid":{"rendered":"http:\/\/2014.norrk\u00f6ping.wordcamp.org\/location\/"},"modified":"2014-04-24T14:22:48","modified_gmt":"2014-04-24T14:22:48","slug":"where","status":"publish","type":"page","link":"https:\/\/norrkoping.wordcamp.org\/2014\/where\/","title":{"rendered":"Where?"},"content":{"rendered":"<p>The venue for this years WordCamp is Campus Norrk\u00f6ping located at the heart of Norrk\u00f6ping. We gracefully thank <a href=\"http:\/\/www.liu.se\/\" title=\"Link\u00f6ping University\" rel=\"nofollow\">Link\u00f6ping University<\/a> for kindly sponsoring us with this venue.<\/p>\n<p><strong><br \/>\nLink\u00f6pings Universitet, Kungsgatan 40 (Skvallertorget), Norrk\u00f6ping.<\/p>\n<p>Lecture hall Friday: K4 (Developers &amp; Designers) &amp; F\u00e4rgeriet (Users &amp; Entrepreneurs)<\/p>\n<p>Contribution \/ hack hall Sat-Sunday: F\u00e4rgeriet<\/strong><\/p>\n<div class=\"googlemaps\">\n\t\t\t\t<iframe loading=\"lazy\" width=\"100\" height=\"350\" frameborder=\"0\" scrolling=\"no\" marginheight=\"0\" marginwidth=\"0\"  src=\"https:\/\/maps.google.com\/maps\/ms?msa=0&#038;msid=208968792156866651401.0004f1e35f42172916476&#038;ie=UTF8&#038;t=m&#038;ll=58.589875,16.17644&#038;spn=0,0&#038;output=embed\"><\/iframe>\n\t\t\t<\/div>\n<p><img loading=\"lazy\" decoding=\"async\" src=\"https:\/\/2014.norrkoping.wordcamp.org\/files\/2013\/11\/IMG_0324-1024x682.jpg\" alt=\"LiU\" width=\"625\" height=\"416\" class=\"aligncenter size-large wp-image-431909\" srcset=\"https:\/\/norrkoping.wordcamp.org\/2014\/files\/2013\/11\/IMG_0324-1024x682.jpg 1024w, https:\/\/norrkoping.wordcamp.org\/2014\/files\/2013\/11\/IMG_0324-300x200.jpg 300w, https:\/\/norrkoping.wordcamp.org\/2014\/files\/2013\/11\/IMG_0324-450x300.jpg 450w, https:\/\/norrkoping.wordcamp.org\/2014\/files\/2013\/11\/IMG_0324-624x416.jpg 624w\" sizes=\"auto, (max-width: 625px) 100vw, 625px\" \/><br \/>\nImage: Caroline Kvick<\/p>\n<p><img loading=\"lazy\" decoding=\"async\" src=\"https:\/\/2014.norrkoping.wordcamp.org\/files\/2013\/11\/F\u00e4rgeriet-2-1024x682.jpg\" alt=\"F\u00e4rgeriet 2\" width=\"625\" height=\"416\" class=\"aligncenter size-large wp-image-494544\" srcset=\"https:\/\/norrkoping.wordcamp.org\/2014\/files\/2013\/11\/F\u00e4rgeriet-2-1024x682.jpg 1024w, https:\/\/norrkoping.wordcamp.org\/2014\/files\/2013\/11\/F\u00e4rgeriet-2-300x200.jpg 300w, https:\/\/norrkoping.wordcamp.org\/2014\/files\/2013\/11\/F\u00e4rgeriet-2-450x300.jpg 450w, https:\/\/norrkoping.wordcamp.org\/2014\/files\/2013\/11\/F\u00e4rgeriet-2-624x416.jpg 624w\" sizes=\"auto, (max-width: 625px) 100vw, 625px\" \/><br \/>\nImage: Caroline Kvick<\/p>\n<p><a href=\"https:\/\/2014.norrkoping.wordcamp.org\/files\/2013\/11\/K4_1.jpg\"><img loading=\"lazy\" decoding=\"async\" src=\"https:\/\/2014.norrkoping.wordcamp.org\/files\/2013\/11\/K4_1-1024x682.jpg\" alt=\"K4_1\" width=\"625\" height=\"416\" class=\"aligncenter size-large wp-image-587512\" srcset=\"https:\/\/norrkoping.wordcamp.org\/2014\/files\/2013\/11\/K4_1-1024x682.jpg 1024w, https:\/\/norrkoping.wordcamp.org\/2014\/files\/2013\/11\/K4_1-300x200.jpg 300w, https:\/\/norrkoping.wordcamp.org\/2014\/files\/2013\/11\/K4_1-449x300.jpg 449w, https:\/\/norrkoping.wordcamp.org\/2014\/files\/2013\/11\/K4_1-624x416.jpg 624w\" sizes=\"auto, (max-width: 625px) 100vw, 625px\" \/><\/a><br \/>\nImage: Caroline Kvick<\/p>\n<p><a href=\"https:\/\/2014.norrkoping.wordcamp.org\/files\/2013\/11\/liu-halls.jpg\"><img loading=\"lazy\" decoding=\"async\" src=\"https:\/\/2014.norrkoping.wordcamp.org\/files\/2013\/11\/liu-halls.jpg\" alt=\"LiU lecture halls\" width=\"793\" height=\"496\" class=\"aligncenter size-full wp-image-358490\" srcset=\"https:\/\/norrkoping.wordcamp.org\/2014\/files\/2013\/11\/liu-halls.jpg 793w, https:\/\/norrkoping.wordcamp.org\/2014\/files\/2013\/11\/liu-halls-300x187.jpg 300w, https:\/\/norrkoping.wordcamp.org\/2014\/files\/2013\/11\/liu-halls-479x300.jpg 479w, https:\/\/norrkoping.wordcamp.org\/2014\/files\/2013\/11\/liu-halls-624x390.jpg 624w\" sizes=\"auto, (max-width: 793px) 100vw, 793px\" \/><\/a><br \/>\nImage: Caroline Kvick<\/p>\n<h3>How to get here?<\/h3>\n<p><strong>By Train \/ Bus:<\/strong> Campus Norrk\u00f6ping is located at walking distance from the Central station, so if you are coming by train or bus its just a quick walk and you are at the location.<\/p>\n<p><strong>By Car:<\/strong> If driving a car there&#8217;s a parking house just by the Campus, at <a href=\"http:\/\/www.q-park.se\/tabid\/750\/qparkParkingLocatorvw1438\/parkingdetail\/ParkingID\/1103\/language\/sv-SE\/Default.aspx\" title=\"Bredgatan 30 Parking house\">Bredgatan 30<\/a>. However, if that is full (and it might be) you&#8217;ll have to find another spot. We recommend that you take a look at <a href=\"http:\/\/www.norrkoping.se\/bo-miljo\/trafik\/parkering\/\" title=\"Parking in Norrk\u00f6ping\">Norrk\u00f6pings official parking guide<\/a>.<\/p>\n<p><strong>By plane:<\/strong> If you are coming from far away, we recommend that you take the airplane to Stockholm Skavsta airport. From there you take an airbus to Norrk\u00f6ping and you&#8217;ll be here in 30 minutes. <a href=\"https:\/\/2014.norrkoping.wordcamp.org\/contact\/\" title=\"Contact us\">Contact us<\/a> if you are feeling a bit insecure and we&#8217;ll help you out.<\/p>\n<h3>Where to live?<\/h3>\n<p>Since this is a 3-day event, you&#8217;ll probably be wanting someplace to rest. Here&#8217;s some places we can recommend and that we&#8217;ve worked out sponsor deals with:<\/p>\n<p>Cloud hostel, <a href=\"http:\/\/www.cloudhostel.se\">http:\/\/www.cloudhostel.se<\/a>. <strong>Use booking code &#8220;wordcamp&#8221; for 10% discount.<\/strong><br \/>\nPrincess hotel, <a href=\"http:\/\/www.princesshotel.se\">http:\/\/www.princesshotel.se<\/a>. <strong>Call or email them and say that you are going to WordCamp and they&#8217;ll give you a discount.<\/strong><\/p>\n","protected":false},"excerpt":{"rendered":"<p>The venue for this years WordCamp is Campus Norrk\u00f6ping located at the heart of Norrk\u00f6ping. We gracefully thank Link\u00f6ping University for kindly sponsoring us with this venue. Link\u00f6pings Universitet, Kungsgatan 40 (Skvallertorget), Norrk\u00f6ping. Lecture hall Friday: K4 (Developers &amp; Designers) &amp; F\u00e4rgeriet (Users &amp; Entrepreneurs) Contribution \/ hack hall Sat-Sunday: F\u00e4rgeriet Image: Caroline Kvick Image: [&hellip;]<\/p>\n","protected":false},"author":8244349,"featured_media":0,"parent":0,"menu_order":0,"comment_status":"open","ping_status":"open","template":"","meta":{"jetpack_post_was_ever_published":false,"footnotes":""},"class_list":["post-5","page","type-page","status-publish","hentry"],"jetpack_shortlink":"https:\/\/wp.me\/P467nw-5","jetpack_sharing_enabled":true,"_links":{"self":[{"href":"https:\/\/norrkoping.wordcamp.org\/2014\/wp-json\/wp\/v2\/pages\/5","targetHints":{"allow":["GET"]}}],"collection":[{"href":"https:\/\/norrkoping.wordcamp.org\/2014\/wp-json\/wp\/v2\/pages"}],"about":[{"href":"https:\/\/norrkoping.wordcamp.org\/2014\/wp-json\/wp\/v2\/types\/page"}],"author":[{"embeddable":true,"href":"https:\/\/norrkoping.wordcamp.org\/2014\/wp-json\/wp\/v2\/users\/8244349"}],"replies":[{"embeddable":true,"href":"https:\/\/norrkoping.wordcamp.org\/2014\/wp-json\/wp\/v2\/comments?post=5"}],"version-history":[{"count":34,"href":"https:\/\/norrkoping.wordcamp.org\/2014\/wp-json\/wp\/v2\/pages\/5\/revisions"}],"predecessor-version":[{"id":676084,"href":"https:\/\/norrkoping.wordcamp.org\/2014\/wp-json\/wp\/v2\/pages\/5\/revisions\/676084"}],"wp:attachment":[{"href":"https:\/\/norrkoping.wordcamp.org\/2014\/wp-json\/wp\/v2\/media?parent=5"}],"curies":[{"name":"wp","href":"https:\/\/api.w.org\/{rel}","templated":true}]}}