{"id":4,"date":"2014-02-03T10:19:20","date_gmt":"2014-02-03T10:19:20","guid":{"rendered":"http:\/\/2014.norrk\u00f6ping.wordcamp.org\/?page_id=4"},"modified":"2014-03-04T15:42:39","modified_gmt":"2014-03-04T15:42:39","slug":"sponsors","status":"publish","type":"page","link":"https:\/\/norrkoping.wordcamp.org\/2014\/sponsors\/","title":{"rendered":"Sponsors"},"content":{"rendered":"<p>Our sponsors are what makes it possible for us to meet together at these great events. Our sponsors deserve recognition for their passion for our community and for WordPress. <a href=\"https:\/\/2014.norrkoping.wordcamp.org\/sponsors\/be-a-sponsor\/\" title=\"Be a WordCamp sponsor\" rel=\"nofollow\">Want to become a sponsor?<\/a>\n<\/p>\n\n\t<div class=\"wcorg-sponsors\">\n\t\t\n\t\t\t<div class=\"wcorg-sponsor-level-guld\">\n\t\t\t\t<h2>Gold<\/h2>\n\n\t\t\t\t\n\t\t\t\t\t<div id=\"wcorg-sponsor-374224\" class=\"wcorg-sponsor\">\n\t\t\t\t\t\t\t\t\t\t\t\t\t\t\t\t\t\t\t\t\t<h3>\n\t\t\t\t\t\t\t\t\tKnowit\t\t\t\t\t\t\t\t<\/h3>\n\t\t\t\t\t\t\t\t\t\t\t\t\t\n\t\t\t\t\t\t<div class=\"wcorg-sponsor-description\">\n\t\t\t\t\t\t\t\t\t\t\t\t\t\t\t<img loading=\"lazy\" decoding=\"async\" width=\"272\" height=\"63\" src=\"https:\/\/norrkoping.wordcamp.org\/2014\/files\/2014\/02\/logo.png\" class=\"attachment-wcb-sponsor-logo-horizontal-2x size-wcb-sponsor-logo-horizontal-2x wp-post-image\" alt=\"Knowit\" \/>\t\t\t\t\t\t\t\n\t\t\t\t\t\t\t\t\t\t\t\t\t\t\t<p>Knowit a\u0308r ett av Nordens ledande konsultbolag. Vi a\u0308r bo\u0308rsnoterade under namnet Knowit AB och finns pa\u030a 20 orter i Sverige. Med 1 800 specialister erbjuder vi spetskompetens inom IT, Design &amp; Digital och Management.<\/p>\n<p>Styrkan hos Knowit ligger i helhets\u00e5tagandet. Vi bygger inte bara webbplatser med WordPress som grund utan vi jobbar mycket med systemintegration, f\u00f6rvaltning, anv\u00e4ndarst\u00f6d samt uppf\u00f6ljning av webbplatsen, s\u00e5 att den n\u00e5r era m\u00e5l.<\/p>\n<p>Tack vare v\u00e5rt helhets\u00e5tagande med stor kunskap kring f\u00f6rvaltning och allt vad det inneb\u00e4r kan vi ge er verksamhet ett bra st\u00f6d och ger er d\u00e4rmed m\u00f6jlighet att fokusera p\u00e5 era aff\u00e4rer.<\/p>\n<p>F\u00f6r med handen p\u00e5 hj\u00e4rtat &#8211; ingen vill v\u00e4l k\u00e4nna oro \u00f6ver vad som h\u00e4nder n\u00e4r n\u00e4sta version av WordPress kommer eller n\u00e4r det d\u00e4r aff\u00e4rskritiska till\u00e4gget ska uppdateras till en ny version.<\/p>\n<p>I Knowits f\u00f6rvaltningskoncept, s\u00e5 hj\u00e4lper vi er att st\u00e4ndigt f\u00f6rb\u00e4ttra webbsidan f\u00f6r att f\u00e5 ert f\u00f6retag att v\u00e4xa. I detta helhetst\u00e4nk anv\u00e4nder vi oss \u00e4ven av analys och n\u00e4rvaron i sociala medier som verktyg f\u00f6r att ni ska n\u00e5 ut till nya slutkunder och f\u00e5 \u00f6kad kundlojalitet.<\/p>\n\t\t\t\t\t\t\t\t\t\t\t\t\t<\/div>\n\t\t\t\t\t<\/div><!-- #sponsor -->\n\t\t\t\t\n\t\t\t\t\t<div id=\"wcorg-sponsor-402304\" class=\"wcorg-sponsor\">\n\t\t\t\t\t\t\t\t\t\t\t\t\t\t\t\t\t\t\t\t\t<h3>\n\t\t\t\t\t\t\t\t\tAftonbladet\t\t\t\t\t\t\t\t<\/h3>\n\t\t\t\t\t\t\t\t\t\t\t\t\t\n\t\t\t\t\t\t<div class=\"wcorg-sponsor-description\">\n\t\t\t\t\t\t\t\t\t\t\t\t\t\t\t<img loading=\"lazy\" decoding=\"async\" width=\"800\" height=\"118\" src=\"https:\/\/norrkoping.wordcamp.org\/2014\/files\/2014\/02\/AFTONBLADET_rgb.png\" class=\"attachment-wcb-sponsor-logo-horizontal-2x size-wcb-sponsor-logo-horizontal-2x wp-post-image\" alt=\"Aftonbladet\" srcset=\"https:\/\/norrkoping.wordcamp.org\/2014\/files\/2014\/02\/AFTONBLADET_rgb.png 800w, https:\/\/norrkoping.wordcamp.org\/2014\/files\/2014\/02\/AFTONBLADET_rgb-300x44.png 300w, https:\/\/norrkoping.wordcamp.org\/2014\/files\/2014\/02\/AFTONBLADET_rgb-500x73.png 500w, https:\/\/norrkoping.wordcamp.org\/2014\/files\/2014\/02\/AFTONBLADET_rgb-624x92.png 624w\" sizes=\"auto, (max-width: 800px) 100vw, 800px\" \/>\t\t\t\t\t\t\t\n\t\t\t\t\t\t\t\t\t\t\t\t\t\t\t<p><a href=\"http:\/\/www.aftonbladet.se\/\" rel=\"nofollow\">Aftonbladet<\/a> is the largest newspaper in Sweden with over three million readers &#8211; every day. The company has a strong, growing digital presence thanks to a long history of investments in IT and bleeding edge technology.<\/p>\n<p>Since a couple of years back WordPress has become a part of the backbone for the Aftonbladet web and services built around it. The speed, the community and the flexibility of the system is something that fits really well with Aftonbladets strategy: First in the future.<\/p>\n\t\t\t\t\t\t\t\t\t\t\t\t\t<\/div>\n\t\t\t\t\t<\/div><!-- #sponsor -->\n\t\t\t\t\t\t\t<\/div><!-- .wcorg-sponsor-level -->\n\t\t\n\t\t\t<div class=\"wcorg-sponsor-level-silver\">\n\t\t\t\t<h2>Silver<\/h2>\n\n\t\t\t\t\n\t\t\t\t\t<div id=\"wcorg-sponsor-297548\" class=\"wcorg-sponsor\">\n\t\t\t\t\t\t\t\t\t\t\t\t\t\t\t\t\t\t\t\t\t<h3>\n\t\t\t\t\t\t\t\t\tLink\u00f6ping University\t\t\t\t\t\t\t\t<\/h3>\n\t\t\t\t\t\t\t\t\t\t\t\t\t\n\t\t\t\t\t\t<div class=\"wcorg-sponsor-description\">\n\t\t\t\t\t\t\t\t\t\t\t\t\t\t\t<img loading=\"lazy\" decoding=\"async\" width=\"3134\" height=\"728\" src=\"https:\/\/norrkoping.wordcamp.org\/2014\/files\/2014\/02\/linkopinguniv.png\" class=\"attachment-wcb-sponsor-logo-horizontal-2x size-wcb-sponsor-logo-horizontal-2x wp-post-image\" alt=\"Link\u00f6ping University\" srcset=\"https:\/\/norrkoping.wordcamp.org\/2014\/files\/2014\/02\/linkopinguniv.png 3134w, https:\/\/norrkoping.wordcamp.org\/2014\/files\/2014\/02\/linkopinguniv-300x69.png 300w, https:\/\/norrkoping.wordcamp.org\/2014\/files\/2014\/02\/linkopinguniv-1024x237.png 1024w, https:\/\/norrkoping.wordcamp.org\/2014\/files\/2014\/02\/linkopinguniv-500x116.png 500w, https:\/\/norrkoping.wordcamp.org\/2014\/files\/2014\/02\/linkopinguniv-624x144.png 624w\" sizes=\"auto, (max-width: 3134px) 100vw, 3134px\" \/>\t\t\t\t\t\t\t\n\t\t\t\t\t\t\t\t\t\t\t\t\t\t\t<p>Link\u00f6pings universitet (LiU) har 4000 anst\u00e4llda, 27 000 studenter, 1300 doktorander och finns b\u00e5de Link\u00f6ping och Norrk\u00f6ping. Med en tradition av f\u00f6rnyelse och \u00f6ppenhet f\u00f6r samverkan \u00f6ver gr\u00e4nser \u00e4r vi med och bygger morgondagens samh\u00e4lle.<\/p>\n<p>LiU \u00e4r st\u00f6rst i landet p\u00e5 kvalificerade professionsutbildningar (l\u00e4kare, civilingenj\u00f6rer etc) och erbjuder 160 utbildningsprogram, varav 20 p\u00e5 engelska. Vid LiU finns ocks\u00e5 550 frist\u00e5ende kurser. Studenterna kommer fr\u00e5n hela landet (trettio procent fr\u00e5n \u00d6sterg\u00f6tland och resten fr\u00e5n \u00f6vriga Sverige) och h\u00f6r till dem som etablerar sig snabbast p\u00e5 arbetsmarknaden och har h\u00f6gst snittl\u00f6n ett \u00e5r efter examen.<\/p>\n<p>LiU har ocks\u00e5 gjort sig k\u00e4nt f\u00f6r sin f\u00f6rm\u00e5ga att driva m\u00e5ng- och tv\u00e4rvetenskaplig forskning, inte s\u00e4llan i samverkan \u00f6ver fakultetsgr\u00e4nserna. Vid LiU finns ett tiotal forskningsmilj\u00f6er som av forskningsr\u00e5den erh\u00e5llit s\u00e4rskilt st\u00f6d som centres of excellence.<\/p>\n<p>Vi har ocks\u00e5 alltid haft en n\u00e4ra dialog med n\u00e4ringsliv och samh\u00e4lle, b\u00e5de n\u00e4r det g\u00e4ller forskning och utbildning. Det LiU g\u00f6r ska komma till anv\u00e4ndning. Tillsammans med andra kan vi bygga en b\u00e4ttre, mer h\u00e5llbar v\u00e4rld.<\/p>\n\t\t\t\t\t\t\t\t\t\t\t\t\t<\/div>\n\t\t\t\t\t<\/div><!-- #sponsor -->\n\t\t\t\t\n\t\t\t\t\t<div id=\"wcorg-sponsor-328586\" class=\"wcorg-sponsor\">\n\t\t\t\t\t\t\t\t\t\t\t\t\t\t\t\t\t\t\t\t\t<h3>\n\t\t\t\t\t\t\t\t\tSiteGround\t\t\t\t\t\t\t\t<\/h3>\n\t\t\t\t\t\t\t\t\t\t\t\t\t\n\t\t\t\t\t\t<div class=\"wcorg-sponsor-description\">\n\t\t\t\t\t\t\t\t\t\t\t\t\t\t\t<img loading=\"lazy\" decoding=\"async\" width=\"488\" height=\"111\" src=\"https:\/\/norrkoping.wordcamp.org\/2014\/files\/2014\/02\/SITEGROUND-new-logo-Black.png\" class=\"attachment-wcb-sponsor-logo-horizontal-2x size-wcb-sponsor-logo-horizontal-2x wp-post-image\" alt=\"SiteGround\" srcset=\"https:\/\/norrkoping.wordcamp.org\/2014\/files\/2014\/02\/SITEGROUND-new-logo-Black.png 488w, https:\/\/norrkoping.wordcamp.org\/2014\/files\/2014\/02\/SITEGROUND-new-logo-Black-300x68.png 300w\" sizes=\"auto, (max-width: 488px) 100vw, 488px\" \/>\t\t\t\t\t\t\t\n\t\t\t\t\t\t\t\t\t\t\t\t\t\t\t<p><a href=\"http:\/\/www.siteground.com\/\" title=\"SiteGround\" rel=\"nofollow\">SiteGround<\/a>, with over 9 years in the business, provides <a href=\"http:\/\/www.siteground.com\/wordpress-hosting.htm\" title=\"WordPress Hosting\" rel=\"nofollow\">WordPress hosting<\/a> that does not miss a thing! Their servers, available in 3 different data centers across the world, are optimized for ultimate WordPress speed and security and they provide many goodies for the WordPress fans \u2013 automatic updates for the core WordPress and its plugins, WordPress SuperCacher for ultimate speed acceleration, staging tool and GIT integration for the coders and unique WordPress autoinstaller for the starting users \u2013 all crafted in-house by the SiteGround team. And still they do not forget the importance of the good old standard hosting features like the domain name registration, the email service, control panel and the reasonable pricing. They also have a support team that is not only available 24\/7 by phone, chat and ticketing, but consists of WordPress enthusiasts who will help you with specific WordPress issues. <\/p>\n<p>SiteGround has been actively involved with the community speaking, supporting and attending various WordCamps around the world and by sponsoring WordCamp Norrkoping, they want to further contribute to the amazing WordPress community.<\/p>\n\t\t\t\t\t\t\t\t\t\t\t\t\t<\/div>\n\t\t\t\t\t<\/div><!-- #sponsor -->\n\t\t\t\t\n\t\t\t\t\t<div id=\"wcorg-sponsor-533064\" class=\"wcorg-sponsor\">\n\t\t\t\t\t\t\t\t\t\t\t\t\t\t\t\t\t\t\t\t\t<h3>\n\t\t\t\t\t\t\t\t\tCybercom\t\t\t\t\t\t\t\t<\/h3>\n\t\t\t\t\t\t\t\t\t\t\t\t\t\n\t\t\t\t\t\t<div class=\"wcorg-sponsor-description\">\n\t\t\t\t\t\t\t\t\t\t\t\t\t\t\t<img loading=\"lazy\" decoding=\"async\" width=\"394\" height=\"359\" src=\"https:\/\/norrkoping.wordcamp.org\/2014\/files\/2014\/03\/CybercomG_logo_Box_Orange_RGB.png\" class=\"attachment-wcb-sponsor-logo-horizontal-2x size-wcb-sponsor-logo-horizontal-2x wp-post-image\" alt=\"Cybercom\" srcset=\"https:\/\/norrkoping.wordcamp.org\/2014\/files\/2014\/03\/CybercomG_logo_Box_Orange_RGB.png 394w, https:\/\/norrkoping.wordcamp.org\/2014\/files\/2014\/03\/CybercomG_logo_Box_Orange_RGB-300x273.png 300w, https:\/\/norrkoping.wordcamp.org\/2014\/files\/2014\/03\/CybercomG_logo_Box_Orange_RGB-329x300.png 329w\" sizes=\"auto, (max-width: 394px) 100vw, 394px\" \/>\t\t\t\t\t\t\t\n\t\t\t\t\t\t\t\t\t\t\t\t\t\t\t<p>En uppkopplad framtid kallar och som ett innovativt konsultf\u00f6retag har Cybercom ambitionen att svara.<\/p>\n<p><strong>Cybercom kan connectivity<\/strong><br \/>\nVi designar och bygger intelligens i produkter och enheter, g\u00f6r kontaktv\u00e4gar effektiva och l\u00e4tthanterliga, f\u00f6r att tillhandah\u00e5lla en uppkopplad v\u00e4rld med anv\u00e4ndbara och underh\u00e5llande l\u00f6sningar.<br \/>\nOch alltid p\u00e5 ett s\u00e4kert s\u00e4tt.<\/p>\n<p><strong>Allt med ett livscykelperspektiv<\/strong><br \/>\nDagens uppkopplingsm\u00f6jligheter inspirerar och influerar hur  konsumenter, f\u00f6retag, institutioner och medborgare interagerar,  kommunicerar och g\u00f6r aff\u00e4rer. Konsumenten har kontrollen, nu mer \u00e4n n\u00e5gonsin. Att navigera r\u00e4tt har blivit kritiskt.  Cybercom anpassar dina modeller och tj\u00e4nster, implementerar h\u00e5llbar styrning, s\u00e4krar processer och teknisk support. Allt med ett livscykelperspektiv.<\/p>\n<p>Vi har aff\u00e4rsavg\u00f6rande insikter i konsumentbeteenden och t\u00e4cker  hela ekosystemet f\u00f6r kommunikationstj\u00e4nster. Fr\u00e5n strategier &amp;  r\u00e5dgivning till utveckling &amp; f\u00f6rvaltning.<\/p>\n<p><strong>Cybercom loves WordPress<\/strong><br \/>\nVi \u00e4lskar WordPress f\u00f6r att det \u00e4r designat med kunden i fokus och  f\u00f6r att kunden n\u00e5r sina effektm\u00e5l p\u00e5 snabbast m\u00f6jliga s\u00e4tt. Vi har till och med ett eget Center of Excellence bara f\u00f6r WordPress.<\/p>\n\t\t\t\t\t\t\t\t\t\t\t\t\t<\/div>\n\t\t\t\t\t<\/div><!-- #sponsor -->\n\t\t\t\t\n\t\t\t\t\t<div id=\"wcorg-sponsor-600410\" class=\"wcorg-sponsor\">\n\t\t\t\t\t\t\t\t\t\t\t\t\t\t\t\t\t\t\t\t\t<h3>\n\t\t\t\t\t\t\t\t\tTriggerfish\t\t\t\t\t\t\t\t<\/h3>\n\t\t\t\t\t\t\t\t\t\t\t\t\t\n\t\t\t\t\t\t<div class=\"wcorg-sponsor-description\">\n\t\t\t\t\t\t\t\t\t\t\t\t\t\t\t<img loading=\"lazy\" decoding=\"async\" width=\"819\" height=\"185\" src=\"https:\/\/norrkoping.wordcamp.org\/2014\/files\/2014\/04\/triggerfish.png\" class=\"attachment-wcb-sponsor-logo-horizontal-2x size-wcb-sponsor-logo-horizontal-2x wp-post-image\" alt=\"Triggerfish\" srcset=\"https:\/\/norrkoping.wordcamp.org\/2014\/files\/2014\/04\/triggerfish.png 819w, https:\/\/norrkoping.wordcamp.org\/2014\/files\/2014\/04\/triggerfish-300x67.png 300w, https:\/\/norrkoping.wordcamp.org\/2014\/files\/2014\/04\/triggerfish-500x112.png 500w, https:\/\/norrkoping.wordcamp.org\/2014\/files\/2014\/04\/triggerfish-624x140.png 624w\" sizes=\"auto, (max-width: 819px) 100vw, 819px\" \/>\t\t\t\t\t\t\t\n\t\t\t\t\t\t\t\t\t\t\t\t\t\t\t<p><a href=\"http:\/\/www.triggerfish.se\/\" rel=\"nofollow\">Triggerfish<\/a> \u00e4r en webbyr\u00e5 i Stockholm som uteslutande jobbar med WordPress som plattform. Vi \u00e4r ett seniort team om 10 personer som alla brinner f\u00f6r webb. <\/p>\n<p>Vi tar oss an komplexa kunder och projekt d\u00e4r m\u00e5let \u00e4r att nyttja WP p\u00e5 b\u00e4sta m\u00f6jliga vis. <\/p>\n<p>H\u00f6r av dig till oss om du vill jobba f\u00f6r Triggerfish!<\/p>\n\t\t\t\t\t\t\t\t\t\t\t\t\t<\/div>\n\t\t\t\t\t<\/div><!-- #sponsor -->\n\t\t\t\t\n\t\t\t\t\t<div id=\"wcorg-sponsor-675962\" class=\"wcorg-sponsor\">\n\t\t\t\t\t\t\t\t\t\t\t\t\t\t\t\t\t\t\t\t\t<h3>\n\t\t\t\t\t\t\t\t\tSkill\t\t\t\t\t\t\t\t<\/h3>\n\t\t\t\t\t\t\t\t\t\t\t\t\t\n\t\t\t\t\t\t<div class=\"wcorg-sponsor-description\">\n\t\t\t\t\t\t\t\t\t\t\t\t\t\t\t<img loading=\"lazy\" decoding=\"async\" width=\"591\" height=\"591\" src=\"https:\/\/norrkoping.wordcamp.org\/2014\/files\/2014\/04\/skill.png\" class=\"attachment-wcb-sponsor-logo-horizontal-2x size-wcb-sponsor-logo-horizontal-2x wp-post-image\" alt=\"Skill\" srcset=\"https:\/\/norrkoping.wordcamp.org\/2014\/files\/2014\/04\/skill.png 591w, https:\/\/norrkoping.wordcamp.org\/2014\/files\/2014\/04\/skill-150x150.png 150w, https:\/\/norrkoping.wordcamp.org\/2014\/files\/2014\/04\/skill-300x300.png 300w\" sizes=\"auto, (max-width: 591px) 100vw, 591px\" \/>\t\t\t\t\t\t\t\n\t\t\t\t\t\t\t\t\t\t\t\t\t\t\t<p><a href=\"http:\/\/www.skill.se\" rel=\"nofollow\">Skill<\/a> \u00e4r ett rekryteringsf\u00f6retag specialiserade p\u00e5 IT-branschen. Vi rekrytera duktiga kodare, projektledare med mera till olika tj\u00e4nster p\u00e5 tex webby\u00e5rer, konsultf\u00f6retag och produktf\u00f6retag.<\/p>\n\t\t\t\t\t\t\t\t\t\t\t\t\t<\/div>\n\t\t\t\t\t<\/div><!-- #sponsor -->\n\t\t\t\t\t\t\t<\/div><!-- .wcorg-sponsor-level -->\n\t\t\n\t\t\t<div class=\"wcorg-sponsor-level-brons\">\n\t\t\t\t<h2>Bronze<\/h2>\n\n\t\t\t\t\n\t\t\t\t\t<div id=\"wcorg-sponsor-297541\" class=\"wcorg-sponsor\">\n\t\t\t\t\t\t\t\t\t\t\t\t\t\t\t\t\t\t\t\t\t<h3>\n\t\t\t\t\t\t\t\t\tNova Webbyr\u00e5\t\t\t\t\t\t\t\t<\/h3>\n\t\t\t\t\t\t\t\t\t\t\t\t\t\n\t\t\t\t\t\t<div class=\"wcorg-sponsor-description\">\n\t\t\t\t\t\t\t\t\t\t\t\t\t\t\t<img loading=\"lazy\" decoding=\"async\" width=\"800\" height=\"347\" src=\"https:\/\/norrkoping.wordcamp.org\/2014\/files\/2014\/02\/novawebbyra.png\" class=\"attachment-wcb-sponsor-logo-horizontal-2x size-wcb-sponsor-logo-horizontal-2x wp-post-image\" alt=\"Nova Webbyr\u00e5\" srcset=\"https:\/\/norrkoping.wordcamp.org\/2014\/files\/2014\/02\/novawebbyra.png 800w, https:\/\/norrkoping.wordcamp.org\/2014\/files\/2014\/02\/novawebbyra-300x130.png 300w, https:\/\/norrkoping.wordcamp.org\/2014\/files\/2014\/02\/novawebbyra-624x270.png 624w\" sizes=\"auto, (max-width: 800px) 100vw, 800px\" \/>\t\t\t\t\t\t\t\n\t\t\t\t\t\t\t\t\t\t\t\t\t\t\t<p><a href=\"http:\/\/www.novawebb.se\/\" rel=\"nofollow\">Nova Webbyr\u00e5<\/a> \u00e4r en personlig och engagerad webbyr\u00e5 som drivs av en aff\u00e4rsm\u00e4ssig ansvarsk\u00e4nsla och som samtidigt erbjuder en enast\u00e5ende service.<\/p>\n\t\t\t\t\t\t\t\t\t\t\t\t\t<\/div>\n\t\t\t\t\t<\/div><!-- #sponsor -->\n\t\t\t\t\n\t\t\t\t\t<div id=\"wcorg-sponsor-357827\" class=\"wcorg-sponsor\">\n\t\t\t\t\t\t\t\t\t\t\t\t\t\t\t\t\t\t\t\t\t<h3>\n\t\t\t\t\t\t\t\t\tTrafficlight\t\t\t\t\t\t\t\t<\/h3>\n\t\t\t\t\t\t\t\t\t\t\t\t\t\n\t\t\t\t\t\t<div class=\"wcorg-sponsor-description\">\n\t\t\t\t\t\t\t\t\t\t\t\t\t\t\t<img loading=\"lazy\" decoding=\"async\" width=\"4000\" height=\"4000\" src=\"https:\/\/norrkoping.wordcamp.org\/2014\/files\/2014\/02\/traffic-light-logo-new.png\" class=\"attachment-wcb-sponsor-logo-horizontal-2x size-wcb-sponsor-logo-horizontal-2x wp-post-image\" alt=\"Trafficlight\" srcset=\"https:\/\/norrkoping.wordcamp.org\/2014\/files\/2014\/02\/traffic-light-logo-new.png 4000w, https:\/\/norrkoping.wordcamp.org\/2014\/files\/2014\/02\/traffic-light-logo-new-150x150.png 150w, https:\/\/norrkoping.wordcamp.org\/2014\/files\/2014\/02\/traffic-light-logo-new-300x300.png 300w, https:\/\/norrkoping.wordcamp.org\/2014\/files\/2014\/02\/traffic-light-logo-new-1024x1024.png 1024w, https:\/\/norrkoping.wordcamp.org\/2014\/files\/2014\/02\/traffic-light-logo-new-624x624.png 624w\" sizes=\"auto, (max-width: 4000px) 100vw, 4000px\" \/>\t\t\t\t\t\t\t\n\t\t\t\t\t\t\t\t\t\t\t\t\t\t\t<p><a href=\"http:\/\/www.trafficlight.se\/\" rel=\"nofollow\">Trafficlight<\/a> \u00e4r en webbyr\u00e5 i Stockholm som skapar moderna webbplatser \u00e5t fram\u00e5tt\u00e4nkande f\u00f6retag, organisationer och varum\u00e4rken med WordPress som grund. Vi brinner f\u00f6r genomt\u00e4nkt design, kodar med framtidens tekniker samt genererar m\u00e4rkbar effekt.<\/p>\n\t\t\t\t\t\t\t\t\t\t\t\t\t<\/div>\n\t\t\t\t\t<\/div><!-- #sponsor -->\n\t\t\t\t\n\t\t\t\t\t<div id=\"wcorg-sponsor-437582\" class=\"wcorg-sponsor\">\n\t\t\t\t\t\t\t\t\t\t\t\t\t\t\t\t\t\t\t\t\t<h3>\n\t\t\t\t\t\t\t\t\tKrokedil\t\t\t\t\t\t\t\t<\/h3>\n\t\t\t\t\t\t\t\t\t\t\t\t\t\n\t\t\t\t\t\t<div class=\"wcorg-sponsor-description\">\n\t\t\t\t\t\t\t\t\t\t\t\t\t\t\t<img loading=\"lazy\" decoding=\"async\" width=\"400\" height=\"72\" src=\"https:\/\/norrkoping.wordcamp.org\/2014\/files\/2014\/03\/webb_logo_400px.png\" class=\"attachment-wcb-sponsor-logo-horizontal-2x size-wcb-sponsor-logo-horizontal-2x wp-post-image\" alt=\"Krokedil\" srcset=\"https:\/\/norrkoping.wordcamp.org\/2014\/files\/2014\/03\/webb_logo_400px.png 400w, https:\/\/norrkoping.wordcamp.org\/2014\/files\/2014\/03\/webb_logo_400px-300x54.png 300w\" sizes=\"auto, (max-width: 400px) 100vw, 400px\" \/>\t\t\t\t\t\t\t\n\t\t\t\t\t\t\t\t\t\t\t\t\t\t\t<p><a href=\"http:\/\/krokedil.se\/\" rel=\"nofollow\">Krokedil<\/a> is a small agency with big commitment that creates customized web solutions in WordPress. We help companies and design agencies with large and small web projects. We work a lot with WooCommerce and have developed payment gateways for the Scandinavian market, such as Klarna, DIBS, PayEx and SveaWebPay.<\/p>\n\t\t\t\t\t\t\t\t\t\t\t\t\t<\/div>\n\t\t\t\t\t<\/div><!-- #sponsor -->\n\t\t\t\t\n\t\t\t\t\t<div id=\"wcorg-sponsor-571832\" class=\"wcorg-sponsor\">\n\t\t\t\t\t\t\t\t\t\t\t\t\t\t\t\t\t\t\t\t\t<h3>\n\t\t\t\t\t\t\t\t\tJumpstarter\t\t\t\t\t\t\t\t<\/h3>\n\t\t\t\t\t\t\t\t\t\t\t\t\t\n\t\t\t\t\t\t<div class=\"wcorg-sponsor-description\">\n\t\t\t\t\t\t\t\t\t\t\t\t\t\t\t<img loading=\"lazy\" decoding=\"async\" width=\"702\" height=\"119\" src=\"https:\/\/norrkoping.wordcamp.org\/2014\/files\/2014\/03\/jumpstarter.png\" class=\"attachment-wcb-sponsor-logo-horizontal-2x size-wcb-sponsor-logo-horizontal-2x wp-post-image\" alt=\"Jumpstarter\" srcset=\"https:\/\/norrkoping.wordcamp.org\/2014\/files\/2014\/03\/jumpstarter.png 702w, https:\/\/norrkoping.wordcamp.org\/2014\/files\/2014\/03\/jumpstarter-300x50.png 300w, https:\/\/norrkoping.wordcamp.org\/2014\/files\/2014\/03\/jumpstarter-500x84.png 500w, https:\/\/norrkoping.wordcamp.org\/2014\/files\/2014\/03\/jumpstarter-624x105.png 624w\" sizes=\"auto, (max-width: 702px) 100vw, 702px\" \/>\t\t\t\t\t\t\t\n\t\t\t\t\t\t\t\t\t\t\t\t\t\t\t<p>Jumpstarter is a next-generation hosting platform for WordPress offering a unique combination of simplicity and power. The service is based on an entirely reinvented file system technology, making it extremely fast, highly scalable and easy to use. It will spin up pre configured servers, including WordPress, in less than 1 second, offer you to clone entire projects and automatically adapt the server power to fit your traffic load, among other features. <\/p>\n\t\t\t\t\t\t\t\t\t\t\t\t\t<\/div>\n\t\t\t\t\t<\/div><!-- #sponsor -->\n\t\t\t\t\n\t\t\t\t\t<div id=\"wcorg-sponsor-676031\" class=\"wcorg-sponsor\">\n\t\t\t\t\t\t\t\t\t\t\t\t\t\t\t\t\t\t\t\t\t<h3>\n\t\t\t\t\t\t\t\t\tOderland\t\t\t\t\t\t\t\t<\/h3>\n\t\t\t\t\t\t\t\t\t\t\t\t\t\n\t\t\t\t\t\t<div class=\"wcorg-sponsor-description\">\n\t\t\t\t\t\t\t\t\t\t\t\t\t\t\t<img loading=\"lazy\" decoding=\"async\" width=\"283\" height=\"107\" src=\"https:\/\/norrkoping.wordcamp.org\/2014\/files\/2014\/04\/oderland.png\" class=\"attachment-wcb-sponsor-logo-horizontal-2x size-wcb-sponsor-logo-horizontal-2x wp-post-image\" alt=\"Oderland\" \/>\t\t\t\t\t\t\t\n\t\t\t\t\t\t\t\t\t\t\t\t\t\t\t<p><a href=\"http:\/\/www.oderland.se\/\" rel=\"nofollow\">Oderland<\/a> levererar sedan 1998 en h\u00f6gkvalitativ och drifts\u00e4ker l\u00f6sning f\u00f6r webhosting, e-post, dom\u00e4nhantering, VPS, managed- och dedikerad server. <\/p>\n<p>Oderland  \u00e4ger sj\u00e4lva sina datahallar och all teknisk infrastruktur. Det inneb\u00e4r att vi alltid har tillg\u00e5ng till all kritisk utrustning vilket hj\u00e4lper till att h\u00e5lla nere v\u00e5r responstid och d\u00e4rigenom ha Sveriges fr\u00e4msta anv\u00e4ndarsupport. <\/p>\n<p>24\/7 driftjour ing\u00e5r i de flesta av v\u00e5ra tj\u00e4nster vilket \u00e4r unikt i Sverige.<\/p>\n\t\t\t\t\t\t\t\t\t\t\t\t\t<\/div>\n\t\t\t\t\t<\/div><!-- #sponsor -->\n\t\t\t\t\t\t\t<\/div><!-- .wcorg-sponsor-level -->\n\t\t\n\t\t\t<div class=\"wcorg-sponsor-level-wordcamp-champions\">\n\t\t\t\t<h2>WordCamp Champions<\/h2>\n\n\t\t\t\t\n\t\t\t\t\t<div id=\"wcorg-sponsor-313097\" class=\"wcorg-sponsor\">\n\t\t\t\t\t\t\t\t\t\t\t\t\t\t\t\t\t\t\t\t\t<h3>\n\t\t\t\t\t\t\t\t\tCode Poet\t\t\t\t\t\t\t\t<\/h3>\n\t\t\t\t\t\t\t\t\t\t\t\t\t\n\t\t\t\t\t\t<div class=\"wcorg-sponsor-description\">\n\t\t\t\t\t\t\t\t\t\t\t\t\t\t\t<img loading=\"lazy\" decoding=\"async\" width=\"820\" height=\"198\" src=\"https:\/\/norrkoping.wordcamp.org\/2014\/files\/2014\/02\/codepoet.jpg\" class=\"attachment-wcb-sponsor-logo-horizontal-2x size-wcb-sponsor-logo-horizontal-2x wp-post-image\" alt=\"Code Poet\" srcset=\"https:\/\/norrkoping.wordcamp.org\/2014\/files\/2014\/02\/codepoet.jpg 820w, https:\/\/norrkoping.wordcamp.org\/2014\/files\/2014\/02\/codepoet-300x72.jpg 300w, https:\/\/norrkoping.wordcamp.org\/2014\/files\/2014\/02\/codepoet-624x150.jpg 624w\" sizes=\"auto, (max-width: 820px) 100vw, 820px\" \/>\t\t\t\t\t\t\t\n\t\t\t\t\t\t\t\t\t\t\t\t\t\t\t\t\t\t\t\t\t\t\t\t\t\t\t\t<\/div>\n\t\t\t\t\t<\/div><!-- #sponsor -->\n\t\t\t\t\n\t\t\t\t\t<div id=\"wcorg-sponsor-437587\" class=\"wcorg-sponsor\">\n\t\t\t\t\t\t\t\t\t\t\t\t\t\t\t\t\t\t\t\t\t<h3>\n\t\t\t\t\t\t\t\t\t34sp.com\t\t\t\t\t\t\t\t<\/h3>\n\t\t\t\t\t\t\t\t\t\t\t\t\t\n\t\t\t\t\t\t<div class=\"wcorg-sponsor-description\">\n\t\t\t\t\t\t\t\t\t\t\t\t\t\t\t<img loading=\"lazy\" decoding=\"async\" width=\"309\" height=\"61\" src=\"https:\/\/norrkoping.wordcamp.org\/2014\/files\/2014\/03\/34sp.png\" class=\"attachment-wcb-sponsor-logo-horizontal-2x size-wcb-sponsor-logo-horizontal-2x wp-post-image\" alt=\"34sp.com\" srcset=\"https:\/\/norrkoping.wordcamp.org\/2014\/files\/2014\/03\/34sp.png 309w, https:\/\/norrkoping.wordcamp.org\/2014\/files\/2014\/03\/34sp-300x59.png 300w\" sizes=\"auto, (max-width: 309px) 100vw, 309px\" \/>\t\t\t\t\t\t\t\n\t\t\t\t\t\t\t\t\t\t\t\t\t\t\t\t\t\t\t\t\t\t\t\t\t\t\t\t<\/div>\n\t\t\t\t\t<\/div><!-- #sponsor -->\n\t\t\t\t\t\t\t<\/div><!-- .wcorg-sponsor-level -->\n\t\t\n\t\t\t<div class=\"wcorg-sponsor-level-wordcamp-accomplice\">\n\t\t\t\t<h2>WordCamp Accomplice<\/h2>\n\n\t\t\t\t\n\t\t\t\t\t<div id=\"wcorg-sponsor-313095\" class=\"wcorg-sponsor\">\n\t\t\t\t\t\t\t\t\t\t\t\t\t\t\t\t\t\t\t\t\t<h3>\n\t\t\t\t\t\t\t\t\tWPML\t\t\t\t\t\t\t\t<\/h3>\n\t\t\t\t\t\t\t\t\t\t\t\t\t\n\t\t\t\t\t\t<div class=\"wcorg-sponsor-description\">\n\t\t\t\t\t\t\t\t\t\t\t\t\t\t\t<img loading=\"lazy\" decoding=\"async\" width=\"400\" height=\"98\" src=\"https:\/\/norrkoping.wordcamp.org\/2014\/files\/2014\/02\/wpml.jpg\" class=\"attachment-wcb-sponsor-logo-horizontal-2x size-wcb-sponsor-logo-horizontal-2x wp-post-image\" alt=\"WPML\" srcset=\"https:\/\/norrkoping.wordcamp.org\/2014\/files\/2014\/02\/wpml.jpg 400w, https:\/\/norrkoping.wordcamp.org\/2014\/files\/2014\/02\/wpml-300x73.jpg 300w\" sizes=\"auto, (max-width: 400px) 100vw, 400px\" \/>\t\t\t\t\t\t\t\n\t\t\t\t\t\t\t\t\t\t\t\t\t\t\t\t\t\t\t\t\t\t\t\t\t\t\t\t<\/div>\n\t\t\t\t\t<\/div><!-- #sponsor -->\n\t\t\t\t\t\t\t<\/div><!-- .wcorg-sponsor-level -->\n\t\t\t<\/div><!-- .wcorg-sponsors -->\n\n\t\n<aside id=\"text-3\" class=\"widget widget_text\">\n<div class=\"textwidget\"><strong>25-27 April 2014<\/strong>, Link\u00f6ping University, Campus Norrk\u00f6ping. <strong>#wpnorrkoping<\/strong><\/div>\n<\/aside>\n","protected":false},"excerpt":{"rendered":"<p>Our sponsors are what makes it possible for us to meet together at these great events. Our sponsors deserve recognition for their passion for our community and for WordPress. Want to become a sponsor? 25-27 April 2014, Link\u00f6ping University, Campus Norrk\u00f6ping. #wpnorrkoping<\/p>\n","protected":false},"author":8244349,"featured_media":0,"parent":0,"menu_order":0,"comment_status":"open","ping_status":"open","template":"page-templates\/full-width.php","meta":{"jetpack_post_was_ever_published":false,"footnotes":""},"class_list":["post-4","page","type-page","status-publish","hentry"],"jetpack_shortlink":"https:\/\/wp.me\/P467nw-4","jetpack_sharing_enabled":true,"_links":{"self":[{"href":"https:\/\/norrkoping.wordcamp.org\/2014\/wp-json\/wp\/v2\/pages\/4","targetHints":{"allow":["GET"]}}],"collection":[{"href":"https:\/\/norrkoping.wordcamp.org\/2014\/wp-json\/wp\/v2\/pages"}],"about":[{"href":"https:\/\/norrkoping.wordcamp.org\/2014\/wp-json\/wp\/v2\/types\/page"}],"author":[{"embeddable":true,"href":"https:\/\/norrkoping.wordcamp.org\/2014\/wp-json\/wp\/v2\/users\/8244349"}],"replies":[{"embeddable":true,"href":"https:\/\/norrkoping.wordcamp.org\/2014\/wp-json\/wp\/v2\/comments?post=4"}],"version-history":[{"count":12,"href":"https:\/\/norrkoping.wordcamp.org\/2014\/wp-json\/wp\/v2\/pages\/4\/revisions"}],"predecessor-version":[{"id":438953,"href":"https:\/\/norrkoping.wordcamp.org\/2014\/wp-json\/wp\/v2\/pages\/4\/revisions\/438953"}],"wp:attachment":[{"href":"https:\/\/norrkoping.wordcamp.org\/2014\/wp-json\/wp\/v2\/media?parent=4"}],"curies":[{"name":"wp","href":"https:\/\/api.w.org\/{rel}","templated":true}]}}