{"id":2,"date":"2014-02-08T10:52:18","date_gmt":"2014-02-08T10:52:18","guid":{"rendered":"http:\/\/2014.norrk\u00f6ping.wordcamp.org\/?page_id=2"},"modified":"2014-02-08T10:52:18","modified_gmt":"2014-02-08T10:52:18","slug":"speakers","status":"publish","type":"page","link":"https:\/\/norrkoping.wordcamp.org\/2014\/speakers\/","title":{"rendered":"Speakers"},"content":{"rendered":"\n\t<div class=\"wcorg-speakers\">\n\n\t\t\n\t\t\t<!-- Organizers note: The id attribute is deprecated and only remains for backwards compatibility, please use the corresponding class to target individual speakers -->\n\t\t\t<div id=\"wcorg-speaker-fredrik-larsson\" class=\"wcorg-speaker wcorg-speaker-fredrik-larsson wcorg-track-track-2\">\n\t\t\t\t<h2>\n\t\t\t\t\t\n\t\t\t\t\t\tFredrik Larsson\n\t\t\t\t\t\t\t\t\t<\/h2>\n\n\t\t\t\t<div class=\"wcorg-speaker-description\">\n\t\t\t\t\t<img alt='' src='https:\/\/secure.gravatar.com\/avatar\/f9052036dce24cbf896f438c9da76d83ad76210886ab592bd1d02015830d13c2?s=100&#038;d=mm&#038;r=g' srcset='https:\/\/secure.gravatar.com\/avatar\/f9052036dce24cbf896f438c9da76d83ad76210886ab592bd1d02015830d13c2?s=200&#038;d=mm&#038;r=g 2x' class='avatar avatar-100 photo' height='100' width='100' \/>\t\t\t\t\t\t\t\t\t<\/div>\n\t\t\t<\/div>\n\n\t\t\n\t\t\t<!-- Organizers note: The id attribute is deprecated and only remains for backwards compatibility, please use the corresponding class to target individual speakers -->\n\t\t\t<div id=\"wcorg-speaker-johan-hermansson\" class=\"wcorg-speaker wcorg-speaker-johan-hermansson wcorg-track-developer-track\">\n\t\t\t\t<h2>\n\t\t\t\t\t\n\t\t\t\t\t\tJohan Hermansson\n\t\t\t\t\t\t\t\t\t<\/h2>\n\n\t\t\t\t<div class=\"wcorg-speaker-description\">\n\t\t\t\t\t<img alt='' src='https:\/\/secure.gravatar.com\/avatar\/bd281d3e3d2d8e377375547061ca9729364f0926de7edf1356a655bb0570ac1f?s=100&#038;d=mm&#038;r=g' srcset='https:\/\/secure.gravatar.com\/avatar\/bd281d3e3d2d8e377375547061ca9729364f0926de7edf1356a655bb0570ac1f?s=200&#038;d=mm&#038;r=g 2x' class='avatar avatar-100 photo' height='100' width='100' \/>\t\t\t\t\t<p>Johan \u00e4r med och driver webbyr\u00e5n Stunning. Sedan version 2.6 har WordPress alltid varit med n\u00e4r han utvecklar webbplatser, kampanjsajter och Facebookappar.<\/p>\n\t\t\t\t<\/div>\n\t\t\t<\/div>\n\n\t\t\n\t\t\t<!-- Organizers note: The id attribute is deprecated and only remains for backwards compatibility, please use the corresponding class to target individual speakers -->\n\t\t\t<div id=\"wcorg-speaker-elia-morling\" class=\"wcorg-speaker wcorg-speaker-elia-morling wcorg-track-track-2\">\n\t\t\t\t<h2>\n\t\t\t\t\t\n\t\t\t\t\t\tElia M\u00f6rling\n\t\t\t\t\t\t\t\t\t<\/h2>\n\n\t\t\t\t<div class=\"wcorg-speaker-description\">\n\t\t\t\t\t<img alt='' src='https:\/\/secure.gravatar.com\/avatar\/f44668f4b5ac1f3797b17b915c6862c425f3c11be361a40d3704c6cd52200c3a?s=100&#038;d=mm&#038;r=g' srcset='https:\/\/secure.gravatar.com\/avatar\/f44668f4b5ac1f3797b17b915c6862c425f3c11be361a40d3704c6cd52200c3a?s=200&#038;d=mm&#038;r=g 2x' class='avatar avatar-100 photo' height='100' width='100' \/>\t\t\t\t\t<p>Elia is senior advisor for Jumpstarter.io, next-generation hosting for web developers. He began programming when he was 9, and has 20 years experience with online business, marketing and product development. He is currently helping 5 startups growth hack their business online.<\/p>\n\t\t\t\t<\/div>\n\t\t\t<\/div>\n\n\t\t\n\t\t\t<!-- Organizers note: The id attribute is deprecated and only remains for backwards compatibility, please use the corresponding class to target individual speakers -->\n\t\t\t<div id=\"wcorg-speaker-hedda-loven\" class=\"wcorg-speaker wcorg-speaker-hedda-loven wcorg-track-track-2\">\n\t\t\t\t<h2>\n\t\t\t\t\t\n\t\t\t\t\t\tHedda Lov\u00e9n\n\t\t\t\t\t\t\t\t\t<\/h2>\n\n\t\t\t\t<div class=\"wcorg-speaker-description\">\n\t\t\t\t\t<img alt='' src='https:\/\/secure.gravatar.com\/avatar\/2026ee37c3383b771ea48282b31571a28492503149214065d01e0685bc84d6c0?s=100&#038;d=mm&#038;r=g' srcset='https:\/\/secure.gravatar.com\/avatar\/2026ee37c3383b771ea48282b31571a28492503149214065d01e0685bc84d6c0?s=200&#038;d=mm&#038;r=g 2x' class='avatar avatar-100 photo' height='100' width='100' \/>\t\t\t\t\t<p>\u00c4r jurist i botten och arbetar som redaktions- och webbansvarig p\u00e5 Skolporten. 2012 sl\u00e4ppte vi \u00e4ntligen taget om v\u00e5r gamla webb i .NET och gick \u00f6ver till open source och WordPress. Har l\u00e5ng erfarenhet av webbpublicering, omv\u00e4rldsbevakning, redaktionella fl\u00f6den och utgivning av digitala nyhetsbrev.<\/p>\n\t\t\t\t<\/div>\n\t\t\t<\/div>\n\n\t\t\n\t\t\t<!-- Organizers note: The id attribute is deprecated and only remains for backwards compatibility, please use the corresponding class to target individual speakers -->\n\t\t\t<div id=\"wcorg-speaker-kristina-alexanderson\" class=\"wcorg-speaker wcorg-speaker-kristina-alexanderson wcorg-track-track-2\">\n\t\t\t\t<h2>\n\t\t\t\t\t\n\t\t\t\t\t\tKristina Alexanderson\n\t\t\t\t\t\t\t\t\t<\/h2>\n\n\t\t\t\t<div class=\"wcorg-speaker-description\">\n\t\t\t\t\t<img alt='' src='https:\/\/secure.gravatar.com\/avatar\/3c234cfbea1b42d4740651216b59fc1ef2dd8100bf584d05203ae2e996ada7bc?s=100&#038;d=mm&#038;r=g' srcset='https:\/\/secure.gravatar.com\/avatar\/3c234cfbea1b42d4740651216b59fc1ef2dd8100bf584d05203ae2e996ada7bc?s=200&#038;d=mm&#038;r=g 2x' class='avatar avatar-100 photo' height='100' width='100' \/>\t\t\t\t\t<p>Chef f\u00f6r Internet i skolan p\u00e5 .se. Arbetar med .SE:s skolt\u00e4vling Webbstj\u00e4rnan vilket inneb\u00e4r att vi st\u00f6djer pedagoger och elever som vill publicera skolarbete p\u00e5 webben. Vi erbjuder st\u00f6d f\u00f6r WordPress.<\/p>\n\t\t\t\t<\/div>\n\t\t\t<\/div>\n\n\t\t\n\t\t\t<!-- Organizers note: The id attribute is deprecated and only remains for backwards compatibility, please use the corresponding class to target individual speakers -->\n\t\t\t<div id=\"wcorg-speaker-christina-wallner\" class=\"wcorg-speaker wcorg-speaker-christina-wallner wcorg-track-track-2\">\n\t\t\t\t<h2>\n\t\t\t\t\t\n\t\t\t\t\t\tChristina Walln\u00e9r\n\t\t\t\t\t\t\t\t\t<\/h2>\n\n\t\t\t\t<div class=\"wcorg-speaker-description\">\n\t\t\t\t\t<img alt='' src='https:\/\/secure.gravatar.com\/avatar\/582588d47822a926ae4180ea087ad5322094ac4d3c9c9df929a1bc5ffdd9953c?s=100&#038;d=mm&#038;r=g' srcset='https:\/\/secure.gravatar.com\/avatar\/582588d47822a926ae4180ea087ad5322094ac4d3c9c9df929a1bc5ffdd9953c?s=200&#038;d=mm&#038;r=g 2x' class='avatar avatar-100 photo' height='100' width='100' \/>\t\t\t\t\t<p>Christina Walln\u00e9r developed an interest for web accessibility about ten years ago, when she realized how useful the Internet can be for people with different kinds of disabilities. However, the web sites must follow guidelines for web accessibility. Why exclude people from information, when it is possible to make it accessible for everyone?  Christina is the founder of No WaIT AB.<\/p>\n\t\t\t\t<\/div>\n\t\t\t<\/div>\n\n\t\t\n\t\t\t<!-- Organizers note: The id attribute is deprecated and only remains for backwards compatibility, please use the corresponding class to target individual speakers -->\n\t\t\t<div id=\"wcorg-speaker-mattias-gronborg\" class=\"wcorg-speaker wcorg-speaker-mattias-gronborg wcorg-track-track-2\">\n\t\t\t\t<h2>\n\t\t\t\t\t\n\t\t\t\t\t\tMattias Gr\u00f6nborg\n\t\t\t\t\t\t\t\t\t<\/h2>\n\n\t\t\t\t<div class=\"wcorg-speaker-description\">\n\t\t\t\t\t<img alt='' src='https:\/\/secure.gravatar.com\/avatar\/97a3f3f6a87609d53f089c9f311860e3d7ace4306b0e8d3032b2d0e069d17aae?s=100&#038;d=mm&#038;r=g' srcset='https:\/\/secure.gravatar.com\/avatar\/97a3f3f6a87609d53f089c9f311860e3d7ace4306b0e8d3032b2d0e069d17aae?s=200&#038;d=mm&#038;r=g 2x' class='avatar avatar-100 photo' height='100' width='100' \/>\t\t\t\t\t<p>Mattias is a digital startup guy, who loves to make customers happy by addressing unsatisfied customer needs and build new business models around them. He live these endeavours on a daily basis as the \u201cCaptain\u201d and Co-founder of iGoMoon \u2013 Skyrocketing Websites.<\/p>\n\t\t\t\t<\/div>\n\t\t\t<\/div>\n\n\t\t\n\t\t\t<!-- Organizers note: The id attribute is deprecated and only remains for backwards compatibility, please use the corresponding class to target individual speakers -->\n\t\t\t<div id=\"wcorg-speaker-erik-bernskiold\" class=\"wcorg-speaker wcorg-speaker-erik-bernskiold wcorg-track-track-2\">\n\t\t\t\t<h2>\n\t\t\t\t\t\n\t\t\t\t\t\tErik Bernski\u00f6ld\n\t\t\t\t\t\t\t\t\t<\/h2>\n\n\t\t\t\t<div class=\"wcorg-speaker-description\">\n\t\t\t\t\t<img alt='' src='https:\/\/secure.gravatar.com\/avatar\/b8f360ecb3498988e8685ce8a603bdde18181bb1c6e371563dff40b2510f604f?s=100&#038;d=mm&#038;r=g' srcset='https:\/\/secure.gravatar.com\/avatar\/b8f360ecb3498988e8685ce8a603bdde18181bb1c6e371563dff40b2510f604f?s=200&#038;d=mm&#038;r=g 2x' class='avatar avatar-100 photo' height='100' width='100' \/>\t\t\t\t\t<p>Erik Bernski\u00f6ld is a web strategist and consultant who through his companies work with clients globally to help them create and realize strategies for the web. Erik is the Managing Director of Bernskiold Media, a consultancy and of XLD Studios, a WordPress-focused web agency with clients around the world, specialized in affordable WordPress websites.<\/p>\n\t\t\t\t<\/div>\n\t\t\t<\/div>\n\n\t\t\n\t\t\t<!-- Organizers note: The id attribute is deprecated and only remains for backwards compatibility, please use the corresponding class to target individual speakers -->\n\t\t\t<div id=\"wcorg-speaker-joakim-hedstrom\" class=\"wcorg-speaker wcorg-speaker-joakim-hedstrom wcorg-track-track-2\">\n\t\t\t\t<h2>\n\t\t\t\t\t\n\t\t\t\t\t\tJoakim Hedstr\u00f6m\n\t\t\t\t\t\t\t\t\t<\/h2>\n\n\t\t\t\t<div class=\"wcorg-speaker-description\">\n\t\t\t\t\t<img alt='' src='https:\/\/secure.gravatar.com\/avatar\/393788c4237b24a330c686879523d37d8a2ca4c8be5cef410e57746b6071096c?s=100&#038;d=mm&#038;r=g' srcset='https:\/\/secure.gravatar.com\/avatar\/393788c4237b24a330c686879523d37d8a2ca4c8be5cef410e57746b6071096c?s=200&#038;d=mm&#038;r=g 2x' class='avatar avatar-100 photo' height='100' width='100' \/>\t\t\t\t\t<p>Joakim Hedstr\u00f6m \u00e4r frilansande copywriter i Norrk\u00f6ping och f\u00f6rfattare till boken Skriv s\u00e5 n\u00e5gon bryr sig. I den h\u00e4r f\u00f6rel\u00e4sningen delar han med sig av n\u00e5gra enkla tekniker som g\u00f6r vem som helst till en b\u00e4ttre skribent.<\/p>\n\t\t\t\t<\/div>\n\t\t\t<\/div>\n\n\t\t\n\t\t\t<!-- Organizers note: The id attribute is deprecated and only remains for backwards compatibility, please use the corresponding class to target individual speakers -->\n\t\t\t<div id=\"wcorg-speaker-jesper-bylund\" class=\"wcorg-speaker wcorg-speaker-jesper-bylund wcorg-track-developer-track\">\n\t\t\t\t<h2>\n\t\t\t\t\t\n\t\t\t\t\t\tJesper Bylund\n\t\t\t\t\t\t\t\t\t<\/h2>\n\n\t\t\t\t<div class=\"wcorg-speaker-description\">\n\t\t\t\t\t<img alt='' src='https:\/\/secure.gravatar.com\/avatar\/30b2551ea56719c2b033c780f6cd5ffbe1a7753c9d511fbf6b2e6618c6234031?s=100&#038;d=mm&#038;r=g' srcset='https:\/\/secure.gravatar.com\/avatar\/30b2551ea56719c2b033c780f6cd5ffbe1a7753c9d511fbf6b2e6618c6234031?s=200&#038;d=mm&#038;r=g 2x' class='avatar avatar-100 photo' height='100' width='100' \/>\t\t\t\t\t<p>Jesper Bylund is a User Experience developer at Odd Alice. At night he trolls the streets of Stockholm debating cognitive biases and writes articles on about Gamification.<\/p>\n\t\t\t\t<\/div>\n\t\t\t<\/div>\n\n\t\t\n\t\t\t<!-- Organizers note: The id attribute is deprecated and only remains for backwards compatibility, please use the corresponding class to target individual speakers -->\n\t\t\t<div id=\"wcorg-speaker-thord-daniel-hedengren\" class=\"wcorg-speaker wcorg-speaker-thord-daniel-hedengren wcorg-track-track-2\">\n\t\t\t\t<h2>\n\t\t\t\t\t\n\t\t\t\t\t\tThord Daniel Hedengren\n\t\t\t\t\t\t\t\t\t<\/h2>\n\n\t\t\t\t<div class=\"wcorg-speaker-description\">\n\t\t\t\t\t<img alt='' src='https:\/\/secure.gravatar.com\/avatar\/22347d4b85a2830f4b41a119dd42e68ace9a6d27d8211744ce0416f70b280362?s=100&#038;d=mm&#038;r=g' srcset='https:\/\/secure.gravatar.com\/avatar\/22347d4b85a2830f4b41a119dd42e68ace9a6d27d8211744ce0416f70b280362?s=200&#038;d=mm&#038;r=g 2x' class='avatar avatar-100 photo' height='100' width='100' \/>\t\t\t\t\t\t\t\t\t<\/div>\n\t\t\t<\/div>\n\n\t\t\n\t\t\t<!-- Organizers note: The id attribute is deprecated and only remains for backwards compatibility, please use the corresponding class to target individual speakers -->\n\t\t\t<div id=\"wcorg-speaker-mansoor-munib\" class=\"wcorg-speaker wcorg-speaker-mansoor-munib wcorg-track-developer-track\">\n\t\t\t\t<h2>\n\t\t\t\t\t\n\t\t\t\t\t\tMansoor Munib\n\t\t\t\t\t\t\t\t\t<\/h2>\n\n\t\t\t\t<div class=\"wcorg-speaker-description\">\n\t\t\t\t\t<img alt='' src='https:\/\/secure.gravatar.com\/avatar\/6ee183a4153e1c17932e9b7fb9f946e46594a7eb3cfd4fc76876a95485d145bc?s=100&#038;d=mm&#038;r=g' srcset='https:\/\/secure.gravatar.com\/avatar\/6ee183a4153e1c17932e9b7fb9f946e46594a7eb3cfd4fc76876a95485d145bc?s=200&#038;d=mm&#038;r=g 2x' class='avatar avatar-100 photo' height='100' width='100' \/>\t\t\t\t\t<p>Done MS in programming Language from LIU<br \/>\nStarted carrier in 2005. Altogether 7 years of working experience<br \/>\nIncludes WordPress, Magento, Joomla, CakePHP, CodeIgniter, Java and Android App <\/p>\n<p>Development<br \/>\nBootstrap, jQuery and Less CSS<br \/>\nWorked at Educational Technology AIOU, Digitalspinners, Greensmile of Scandinavia and currently working at DW Interactive.<br \/>\nCommunity contribution &#8211; Author of 4 plug-in, Speaker in Wordcamp Norway.<\/p>\n\t\t\t\t<\/div>\n\t\t\t<\/div>\n\n\t\t\n\t\t\t<!-- Organizers note: The id attribute is deprecated and only remains for backwards compatibility, please use the corresponding class to target individual speakers -->\n\t\t\t<div id=\"wcorg-speaker-magnus-nystedt\" class=\"wcorg-speaker wcorg-speaker-magnus-nystedt wcorg-track-track-2\">\n\t\t\t\t<h2>\n\t\t\t\t\t\n\t\t\t\t\t\tMagnus Nystedt\n\t\t\t\t\t\t\t\t\t<\/h2>\n\n\t\t\t\t<div class=\"wcorg-speaker-description\">\n\t\t\t\t\t<img alt='' src='https:\/\/secure.gravatar.com\/avatar\/6ee9d71953095ef8f752ca81facae3801715b24e38b87920fcf10a1bdd163388?s=100&#038;d=mm&#038;r=g' srcset='https:\/\/secure.gravatar.com\/avatar\/6ee9d71953095ef8f752ca81facae3801715b24e38b87920fcf10a1bdd163388?s=200&#038;d=mm&#038;r=g 2x' class='avatar avatar-100 photo' height='100' width='100' \/>\t\t\t\t\t<p>Magnus Nystedt is the project and production manager at Flowcom, an up-and-coming IT consulting company based in Sweden. Flowcom specializes in web production automation based on open source solutions such as WordPress. Magnus has managed the team that rebuilt the web platform for a publishing house, using WordPress as the core. In his role at Flowcom he works daily with projects in primarily the education and publishing industries.<\/p>\n\t\t\t\t<\/div>\n\t\t\t<\/div>\n\n\t\t\n\t\t\t<!-- Organizers note: The id attribute is deprecated and only remains for backwards compatibility, please use the corresponding class to target individual speakers -->\n\t\t\t<div id=\"wcorg-speaker-peter-elmered\" class=\"wcorg-speaker wcorg-speaker-peter-elmered wcorg-track-developer-track\">\n\t\t\t\t<h2>\n\t\t\t\t\t\n\t\t\t\t\t\tPeter Elmered\n\t\t\t\t\t\t\t\t\t<\/h2>\n\n\t\t\t\t<div class=\"wcorg-speaker-description\">\n\t\t\t\t\t<img alt='' src='https:\/\/secure.gravatar.com\/avatar\/3fc5c19448ac11af77230a58f64c63c2209ffc54f577eee2d6120dff14bfccd7?s=100&#038;d=mm&#038;r=g' srcset='https:\/\/secure.gravatar.com\/avatar\/3fc5c19448ac11af77230a58f64c63c2209ffc54f577eee2d6120dff14bfccd7?s=200&#038;d=mm&#038;r=g 2x' class='avatar avatar-100 photo' height='100' width='100' \/>\t\t\t\t\t<p>Web developer and e-commerce consultant at Optimal Norge in Oslo. Optimal Norge is an digital media bureau and my role is to develop e-commerce solutions for our clients. We are using Magento and WooCommerce to build our e-commerce solutions. I&#8217;ve also been developing some plugins for WP and contributed to some of the most well known plugins, including WooCommerce and W3TC.<\/p>\n\t\t\t\t<\/div>\n\t\t\t<\/div>\n\n\t\t\n\t\t\t<!-- Organizers note: The id attribute is deprecated and only remains for backwards compatibility, please use the corresponding class to target individual speakers -->\n\t\t\t<div id=\"wcorg-speaker-niklas-hogefjord\" class=\"wcorg-speaker wcorg-speaker-niklas-hogefjord wcorg-track-track-2\">\n\t\t\t\t<h2>\n\t\t\t\t\t\n\t\t\t\t\t\tNiklas H\u00f6gefjord\n\t\t\t\t\t\t\t\t\t<\/h2>\n\n\t\t\t\t<div class=\"wcorg-speaker-description\">\n\t\t\t\t\t<img alt='' src='https:\/\/secure.gravatar.com\/avatar\/3a59581ebca8c00b29073e980ceb20db3d6e123d429c2f7f510eb4bd88f1e0ef?s=100&#038;d=mm&#038;r=g' srcset='https:\/\/secure.gravatar.com\/avatar\/3a59581ebca8c00b29073e980ceb20db3d6e123d429c2f7f510eb4bd88f1e0ef?s=200&#038;d=mm&#038;r=g 2x' class='avatar avatar-100 photo' height='100' width='100' \/>\t\t\t\t\t<p>Niklas H\u00f6gefjord driver till vardags f\u00f6retaget Krokedil d\u00e4r man utvecklar skr\u00e4ddarsydda l\u00f6sningar till WordPress. F\u00f6retaget ligger bakom ett flertal betalmoduler till WooCommerce och Jigoshop f\u00f6r den skandinaviska marknaden.<\/p>\n\t\t\t\t<\/div>\n\t\t\t<\/div>\n\n\t\t\n\t\t\t<!-- Organizers note: The id attribute is deprecated and only remains for backwards compatibility, please use the corresponding class to target individual speakers -->\n\t\t\t<div id=\"wcorg-speaker-mario-peshev\" class=\"wcorg-speaker wcorg-speaker-mario-peshev wcorg-track-developer-track\">\n\t\t\t\t<h2>\n\t\t\t\t\t\n\t\t\t\t\t\tMario Peshev\n\t\t\t\t\t\t\t\t\t<\/h2>\n\n\t\t\t\t<div class=\"wcorg-speaker-description\">\n\t\t\t\t\t<img alt='' src='https:\/\/secure.gravatar.com\/avatar\/dc4a380ef7f5cd82b2418ee6251db8c4181ec563d1bfbca7fbdd1f6c61307793?s=100&#038;d=mm&#038;r=g' srcset='https:\/\/secure.gravatar.com\/avatar\/dc4a380ef7f5cd82b2418ee6251db8c4181ec563d1bfbca7fbdd1f6c61307793?s=200&#038;d=mm&#038;r=g 2x' class='avatar avatar-100 photo' height='100' width='100' \/>\t\t\t\t\t<p>Mario is a WordPress Architect and the WordPress Ambassador for <a href=\"http:\/\/www.siteground.com\/wordpress-hosting.htm\" rel=\"nofollow\">SiteGround<\/a>. After more than 10 years in the IT industry Mario has worked with various large clients around the world, bending WordPress for SaaS and PaaS, building large plugins or frameworks for the public. He has contributed to WordPress, as well as other open source projects.<\/p>\n<p>Blog: <a href=\"http:\/\/devwp.eu\/\">http:\/\/devwp.eu\/<\/a><\/p>\n\t\t\t\t<\/div>\n\t\t\t<\/div>\n\n\t\t\n\t\t\t<!-- Organizers note: The id attribute is deprecated and only remains for backwards compatibility, please use the corresponding class to target individual speakers -->\n\t\t\t<div id=\"wcorg-speaker-robert-lidberg\" class=\"wcorg-speaker wcorg-speaker-robert-lidberg wcorg-track-developer-track\">\n\t\t\t\t<h2>\n\t\t\t\t\t\n\t\t\t\t\t\tRobert Lidberg\n\t\t\t\t\t\t\t\t\t<\/h2>\n\n\t\t\t\t<div class=\"wcorg-speaker-description\">\n\t\t\t\t\t<img alt='' src='https:\/\/secure.gravatar.com\/avatar\/fdafeb336f82522f393dab1e5f716fa81b1487989d9edc1a21afda641c3e9def?s=100&#038;d=mm&#038;r=g' srcset='https:\/\/secure.gravatar.com\/avatar\/fdafeb336f82522f393dab1e5f716fa81b1487989d9edc1a21afda641c3e9def?s=200&#038;d=mm&#038;r=g 2x' class='avatar avatar-100 photo' height='100' width='100' \/>\t\t\t\t\t<p>Robert Lidberg. Till vardags projektledare p\u00e5 Duva och i botten gr\u00e4nssnittsutvecklare, bosatt i G\u00f6teborg. Tog fram Lidk\u00f6pings kommun nya uppm\u00e4rksammade webbplats med WordPress som CMS.<\/p>\n\t\t\t\t<\/div>\n\t\t\t<\/div>\n\n\t\t\n\t\t\t<!-- Organizers note: The id attribute is deprecated and only remains for backwards compatibility, please use the corresponding class to target individual speakers -->\n\t\t\t<div id=\"wcorg-speaker-christoffer-larsson\" class=\"wcorg-speaker wcorg-speaker-christoffer-larsson wcorg-track-developer-track\">\n\t\t\t\t<h2>\n\t\t\t\t\t\n\t\t\t\t\t\tChristoffer Larsson\n\t\t\t\t\t\t\t\t\t<\/h2>\n\n\t\t\t\t<div class=\"wcorg-speaker-description\">\n\t\t\t\t\t<img alt='' src='https:\/\/secure.gravatar.com\/avatar\/f50c7deaadd80507ad32dc8677fc644e61a42485c05ac34b3a11e0531e3c6ff8?s=100&#038;d=mm&#038;r=g' srcset='https:\/\/secure.gravatar.com\/avatar\/f50c7deaadd80507ad32dc8677fc644e61a42485c05ac34b3a11e0531e3c6ff8?s=200&#038;d=mm&#038;r=g 2x' class='avatar avatar-100 photo' height='100' width='100' \/>\t\t\t\t\t<p>Lead Developer f\u00f6r WordPress p\u00e5 Aftonbladet<\/p>\n\t\t\t\t<\/div>\n\t\t\t<\/div>\n\n\t\t\n\t\t\t<!-- Organizers note: The id attribute is deprecated and only remains for backwards compatibility, please use the corresponding class to target individual speakers -->\n\t\t\t<div id=\"wcorg-speaker-stanislav-khromov\" class=\"wcorg-speaker wcorg-speaker-stanislav-khromov wcorg-track-developer-track\">\n\t\t\t\t<h2>\n\t\t\t\t\t\n\t\t\t\t\t\tStanislav Khromov\n\t\t\t\t\t\t\t\t\t<\/h2>\n\n\t\t\t\t<div class=\"wcorg-speaker-description\">\n\t\t\t\t\t<img alt='' src='https:\/\/secure.gravatar.com\/avatar\/d3859ad3f0a87908723c7fcf1b86e551388f39a81eefd30013d6d997e67017b6?s=100&#038;d=mm&#038;r=g' srcset='https:\/\/secure.gravatar.com\/avatar\/d3859ad3f0a87908723c7fcf1b86e551388f39a81eefd30013d6d997e67017b6?s=200&#038;d=mm&#038;r=g 2x' class='avatar avatar-100 photo' height='100' width='100' \/>\t\t\t\t\t<p>Stanislav works as a WordPress and Drupal developer att IDG Sweden.<br \/>\nHe is passionate about open source and workflow optimization.<\/p>\n\t\t\t\t<\/div>\n\t\t\t<\/div>\n\n\t\t\n\t\t\t<!-- Organizers note: The id attribute is deprecated and only remains for backwards compatibility, please use the corresponding class to target individual speakers -->\n\t\t\t<div id=\"wcorg-speaker-andreas-ek\" class=\"wcorg-speaker wcorg-speaker-andreas-ek wcorg-track-developer-track\">\n\t\t\t\t<h2>\n\t\t\t\t\t\n\t\t\t\t\t\tAndreas Ek\n\t\t\t\t\t\t\t\t\t<\/h2>\n\n\t\t\t\t<div class=\"wcorg-speaker-description\">\n\t\t\t\t\t<img alt='' src='https:\/\/secure.gravatar.com\/avatar\/17f59e155e3e2ab97b70d7d7a3041d204cae96fcc74d8c304f103f18b84961f4?s=100&#038;d=mm&#038;r=g' srcset='https:\/\/secure.gravatar.com\/avatar\/17f59e155e3e2ab97b70d7d7a3041d204cae96fcc74d8c304f103f18b84961f4?s=200&#038;d=mm&#038;r=g 2x' class='avatar avatar-100 photo' height='100' width='100' \/>\t\t\t\t\t<p>Andreas Ek is the founder of Flowcom, an up-and-coming IT consulting company based in Sweden. Flowcom specializes in web production automation based on open source solutions such as WordPress. Andreas is the company&#8217;s systems architect. His passion is automation and he has experience from building administrative web solutions for various industries, including education, publishing, and government.<\/p>\n\t\t\t\t<\/div>\n\t\t\t<\/div>\n\n\t\t\n\t\t\t<!-- Organizers note: The id attribute is deprecated and only remains for backwards compatibility, please use the corresponding class to target individual speakers -->\n\t\t\t<div id=\"wcorg-speaker-jimmy-rosen\" class=\"wcorg-speaker wcorg-speaker-jimmy-rosen wcorg-track-track-2 wcorg-track-developer-track wcorg-track-contribution-day\">\n\t\t\t\t<h2>\n\t\t\t\t\t\n\t\t\t\t\t\tJimmy Ros\u00e9n\n\t\t\t\t\t\t\t\t\t<\/h2>\n\n\t\t\t\t<div class=\"wcorg-speaker-description\">\n\t\t\t\t\t<img alt='' src='https:\/\/secure.gravatar.com\/avatar\/0b00d485946445985a60cf37aa1c9940d84d19673da43a0b52733d1e2076c5f9?s=100&#038;d=mm&#038;r=g' srcset='https:\/\/secure.gravatar.com\/avatar\/0b00d485946445985a60cf37aa1c9940d84d19673da43a0b52733d1e2076c5f9?s=200&#038;d=mm&#038;r=g 2x' class='avatar avatar-100 photo' height='100' width='100' \/>\t\t\t\t\t<p>Jimmy Ros\u00e9n is the founder of WordPress development bureau <a href=\"http:\/\/www.angrycreative.se\">Angry Creative<\/a>. Jimmy is a long-time Open Source advocate who loves business models, technology and gadgets. Jimmy is an active member of the Swedish WordPress community, having arranged multiple community events.<\/p>\n\t\t\t\t<\/div>\n\t\t\t<\/div>\n\n\t\t\n\t<\/div>\n\n\t\n","protected":false},"excerpt":{"rendered":"","protected":false},"author":8244349,"featured_media":0,"parent":0,"menu_order":0,"comment_status":"open","ping_status":"open","template":"","meta":{"jetpack_post_was_ever_published":false,"footnotes":""},"class_list":["post-2","page","type-page","status-publish","hentry"],"jetpack_shortlink":"https:\/\/wp.me\/P467nw-2","jetpack_sharing_enabled":true,"_links":{"self":[{"href":"https:\/\/norrkoping.wordcamp.org\/2014\/wp-json\/wp\/v2\/pages\/2","targetHints":{"allow":["GET"]}}],"collection":[{"href":"https:\/\/norrkoping.wordcamp.org\/2014\/wp-json\/wp\/v2\/pages"}],"about":[{"href":"https:\/\/norrkoping.wordcamp.org\/2014\/wp-json\/wp\/v2\/types\/page"}],"author":[{"embeddable":true,"href":"https:\/\/norrkoping.wordcamp.org\/2014\/wp-json\/wp\/v2\/users\/8244349"}],"replies":[{"embeddable":true,"href":"https:\/\/norrkoping.wordcamp.org\/2014\/wp-json\/wp\/v2\/comments?post=2"}],"version-history":[{"count":1,"href":"https:\/\/norrkoping.wordcamp.org\/2014\/wp-json\/wp\/v2\/pages\/2\/revisions"}],"predecessor-version":[{"id":313078,"href":"https:\/\/norrkoping.wordcamp.org\/2014\/wp-json\/wp\/v2\/pages\/2\/revisions\/313078"}],"wp:attachment":[{"href":"https:\/\/norrkoping.wordcamp.org\/2014\/wp-json\/wp\/v2\/media?parent=2"}],"curies":[{"name":"wp","href":"https:\/\/api.w.org\/{rel}","templated":true}]}}